{"id":17485,"date":"2025-10-07T14:23:35","date_gmt":"2025-10-07T12:23:35","guid":{"rendered":"https:\/\/perfettohome.sk\/produkt\/aquella-antibakterialis-citrusos-nedves-torlokendo-15db\/"},"modified":"2025-10-07T14:23:35","modified_gmt":"2025-10-07T12:23:35","slug":"aquella-antibakterialis-citrusos-nedves-torlokendo-15db","status":"publish","type":"product","link":"https:\/\/perfettohome.sk\/hu\/produkt\/aquella-antibakterialis-citrusos-nedves-torlokendo-15db\/","title":{"rendered":"Aquella antibakteri\u00e1lis citrusos nedves t\u00f6rl\u0151kend\u0151 15db"},"content":{"rendered":"<p>Megb\u00edzhat\u00f3 v\u00e9delem \u00e9s tisztas\u00e1g b\u00e1rmikor \u00e9s b\u00e1rhol! Az Aquella antibakteri\u00e1lis citrusos nedves t\u00f6rl\u0151kend\u0151k hat\u00e9konyan t\u00e1vol\u00edtj\u00e1k el a bakt\u00e9riumokat \u00e9s a szennyez\u0151d\u00e9seket a kezekr\u0151l \u00e9s a fel\u00fcletekr\u0151l. A gyeng\u00e9d \u00e9s k\u00edm\u00e9letes formula \u00e9rz\u00e9keny b\u0151rre is alkalmas, a friss citrom illat pedig kellemes tisztas\u00e1g\u00e9rzetet hagy. A praktikus csomag 15 darabot tartalmaz, ide\u00e1lis a k\u00e9zit\u00e1sk\u00e1ban, aut\u00f3ban vagy \u00fatk\u00f6zben t\u00f6rt\u00e9n\u0151 sz\u00e1ll\u00edt\u00e1shoz.   <\/p>\n<p>Darabsz\u00e1m: 15<br \/>\nIllat: friss citrom<br \/>\nAlkalmas: kezekre \u00e9s k\u00f6z\u00f6s fel\u00fcletekre<br \/>\nTulajdons\u00e1gok: antibakteri\u00e1lis, tiszt\u00edt, friss\u00edt, b\u0151rbar\u00e1t<\/p>\n","protected":false},"excerpt":{"rendered":"<p>Megb\u00edzhat\u00f3 v\u00e9delem \u00e9s tisztas\u00e1g b\u00e1rmikor \u00e9s b\u00e1rhol! Az Aquella antibakteri\u00e1lis citrusos nedves t\u00f6rl\u0151kend\u0151k hat\u00e9konyan t\u00e1vol\u00edtj\u00e1k el a bakt\u00e9riumokat \u00e9s a szennyez\u0151d\u00e9seket a kezekr\u0151l \u00e9s a fel\u00fcletekr\u0151l. A gyeng\u00e9d \u00e9s k\u00edm\u00e9letes formula \u00e9rz\u00e9keny b\u0151rre is alkalmas, a friss citrom illat pedig kellemes tisztas\u00e1g\u00e9rzetet hagy. A praktikus csomag 15 darabot tartalmaz, ide\u00e1lis a k\u00e9zit\u00e1sk\u00e1ban, aut\u00f3ban vagy \u00fatk\u00f6zben [&hellip;]<\/p>\n","protected":false},"featured_media":17487,"template":"","meta":[],"product_brand":[246],"product_cat":[324],"product_tag":[],"class_list":{"0":"post-17485","1":"product","2":"type-product","3":"status-publish","4":"has-post-thumbnail","6":"product_brand-aquella","7":"product_cat-torlokendok-zsebkendok","9":"first","10":"instock","11":"taxable","12":"shipping-taxable","13":"purchasable","14":"product-type-simple"},"_links":{"self":[{"href":"https:\/\/perfettohome.sk\/hu\/wp-json\/wp\/v2\/product\/17485","targetHints":{"allow":["GET"]}}],"collection":[{"href":"https:\/\/perfettohome.sk\/hu\/wp-json\/wp\/v2\/product"}],"about":[{"href":"https:\/\/perfettohome.sk\/hu\/wp-json\/wp\/v2\/types\/product"}],"wp:featuredmedia":[{"embeddable":true,"href":"https:\/\/perfettohome.sk\/hu\/wp-json\/wp\/v2\/media\/17487"}],"wp:attachment":[{"href":"https:\/\/perfettohome.sk\/hu\/wp-json\/wp\/v2\/media?parent=17485"}],"wp:term":[{"taxonomy":"product_brand","embeddable":true,"href":"https:\/\/perfettohome.sk\/hu\/wp-json\/wp\/v2\/product_brand?post=17485"},{"taxonomy":"product_cat","embeddable":true,"href":"https:\/\/perfettohome.sk\/hu\/wp-json\/wp\/v2\/product_cat?post=17485"},{"taxonomy":"product_tag","embeddable":true,"href":"https:\/\/perfettohome.sk\/hu\/wp-json\/wp\/v2\/product_tag?post=17485"}],"curies":[{"name":"wp","href":"https:\/\/api.w.org\/{rel}","templated":true}]}}