{"id":17486,"date":"2025-10-07T16:24:36","date_gmt":"2025-10-07T14:24:36","guid":{"rendered":"https:\/\/perfettohome.sk\/produkt\/coccolino-lagyitoszer-intenziv-apolas-980ml-42-mosas\/"},"modified":"2025-12-14T21:26:14","modified_gmt":"2025-12-14T20:26:14","slug":"coccolino-lagyitoszer-intenziv-apolas-980ml-42-mosas","status":"publish","type":"product","link":"https:\/\/perfettohome.sk\/hu\/produkt\/coccolino-lagyitoszer-intenziv-apolas-980ml-42-mosas\/","title":{"rendered":"Coccolino \u00b8obl\u00edt\u00f6 Intenz\u00edv care 980ml \/ 42 mos\u00e1s"},"content":{"rendered":"<p>\u00c1pol\u00e1s \u00e9s illat, amit szeretni fogsz! A Coccolino Intense Care hihetetlen\u00fcl puha, friss \u00e9s gy\u00f6ny\u00f6r\u0171 illat\u00fav\u00e1 teszi a szennyest. K\u00fcl\u00f6nleges formul\u00e1ja v\u00e9di a sz\u00f6vetsz\u00e1lakat, cs\u00f6kkenti a statikus elektromoss\u00e1got \u00e9s megk\u00f6nny\u00edti a vasal\u00e1st. Az intenz\u00edv illat m\u00e9g sok\u00e1ig megmarad a szennyes sz\u00e1rad\u00e1sa ut\u00e1n is, \u00e9s minden egyes visel\u00e9skor tiszta \u00e9rz\u00e9st ad.   <\/p>\n<p>T\u00e9rfogat: 980 ml<br \/>\nMos\u00e1sok sz\u00e1ma: 42<br \/>\nIllat: friss, enyh\u00e9n vir\u00e1gos<br \/>\nAlkalmas: minden t\u00edpus\u00fa text\u00edli\u00e1ra.<\/p>\n","protected":false},"excerpt":{"rendered":"<p>\u00c1pol\u00e1s \u00e9s illat, amit szeretni fogsz! A Coccolino Intense Care hihetetlen\u00fcl puha, friss \u00e9s gy\u00f6ny\u00f6r\u0171 illat\u00fav\u00e1 teszi a szennyest. K\u00fcl\u00f6nleges formul\u00e1ja v\u00e9di a sz\u00f6vetsz\u00e1lakat, cs\u00f6kkenti a statikus elektromoss\u00e1got \u00e9s megk\u00f6nny\u00edti a vasal\u00e1st. Az intenz\u00edv illat m\u00e9g sok\u00e1ig megmarad a szennyes sz\u00e1rad\u00e1sa ut\u00e1n is, \u00e9s minden egyes visel\u00e9skor tiszta \u00e9rz\u00e9st ad. T\u00e9rfogat: 980 ml Mos\u00e1sok sz\u00e1ma: [&hellip;]<\/p>\n","protected":false},"featured_media":17488,"template":"","meta":[],"product_brand":[281],"product_cat":[347],"product_tag":[],"class_list":{"0":"post-17486","1":"product","2":"type-product","3":"status-publish","4":"has-post-thumbnail","6":"product_brand-coccolino","7":"product_cat-coccolino-hu","9":"first","10":"outofstock","11":"taxable","12":"shipping-taxable","13":"purchasable","14":"product-type-simple"},"_links":{"self":[{"href":"https:\/\/perfettohome.sk\/hu\/wp-json\/wp\/v2\/product\/17486","targetHints":{"allow":["GET"]}}],"collection":[{"href":"https:\/\/perfettohome.sk\/hu\/wp-json\/wp\/v2\/product"}],"about":[{"href":"https:\/\/perfettohome.sk\/hu\/wp-json\/wp\/v2\/types\/product"}],"wp:featuredmedia":[{"embeddable":true,"href":"https:\/\/perfettohome.sk\/hu\/wp-json\/wp\/v2\/media\/17488"}],"wp:attachment":[{"href":"https:\/\/perfettohome.sk\/hu\/wp-json\/wp\/v2\/media?parent=17486"}],"wp:term":[{"taxonomy":"product_brand","embeddable":true,"href":"https:\/\/perfettohome.sk\/hu\/wp-json\/wp\/v2\/product_brand?post=17486"},{"taxonomy":"product_cat","embeddable":true,"href":"https:\/\/perfettohome.sk\/hu\/wp-json\/wp\/v2\/product_cat?post=17486"},{"taxonomy":"product_tag","embeddable":true,"href":"https:\/\/perfettohome.sk\/hu\/wp-json\/wp\/v2\/product_tag?post=17486"}],"curies":[{"name":"wp","href":"https:\/\/api.w.org\/{rel}","templated":true}]}}