{"id":17500,"date":"2025-10-03T13:23:45","date_gmt":"2025-10-03T11:23:45","guid":{"rendered":"https:\/\/perfettohome.sk\/produkt\/nivea-dezodor-spray-150ml-rose-bouquet-0\/"},"modified":"2025-10-03T13:23:45","modified_gmt":"2025-10-03T11:23:45","slug":"nivea-dezodor-spray-150ml-rose-bouquet-0","status":"publish","type":"product","link":"https:\/\/perfettohome.sk\/hu\/produkt\/nivea-dezodor-spray-150ml-rose-bouquet-0\/","title":{"rendered":"Nivea dezodor spray 150ml Rose Bouquet 0%"},"content":{"rendered":"<p>Frissess\u00e9g \u00e9s v\u00e9delem kompromisszumok n\u00e9lk\u00fcl! A Nivea Rose Bouquet 0% megb\u00edzhat\u00f3 szagv\u00e9delmet ny\u00fajt ak\u00e1r egy teljes napig, mik\u00f6zben alkohol- \u00e9s parab\u00e9nmentes. A finom r\u00f3zsaillat kellemesen illatoss\u00e1 \u00e9s frissen hagyja a b\u0151rt, an\u00e9lk\u00fcl, hogy ragacsosnak \u00e9rezn\u00e9. Ide\u00e1lis \u00e9rz\u00e9keny b\u0151rre \u00e9s mindennapi haszn\u00e1latra.   <\/p>\n<p>T\u00e9rfogat: 150 ml<br \/>\nIllat: finom r\u00f3zsa<br \/>\nAlkalmas: \u00e9rz\u00e9keny b\u0151rre, napi szagv\u00e9delemre.<\/p>\n","protected":false},"excerpt":{"rendered":"<p>Frissess\u00e9g \u00e9s v\u00e9delem kompromisszumok n\u00e9lk\u00fcl! A Nivea Rose Bouquet 0% megb\u00edzhat\u00f3 szagv\u00e9delmet ny\u00fajt ak\u00e1r egy teljes napig, mik\u00f6zben alkohol- \u00e9s parab\u00e9nmentes. A finom r\u00f3zsaillat kellemesen illatoss\u00e1 \u00e9s frissen hagyja a b\u0151rt, an\u00e9lk\u00fcl, hogy ragacsosnak \u00e9rezn\u00e9. Ide\u00e1lis \u00e9rz\u00e9keny b\u0151rre \u00e9s mindennapi haszn\u00e1latra. T\u00e9rfogat: 150 ml Illat: finom r\u00f3zsa Alkalmas: \u00e9rz\u00e9keny b\u0151rre, napi szagv\u00e9delemre.<\/p>\n","protected":false},"featured_media":0,"template":"","meta":[],"product_brand":[201],"product_cat":[294],"product_tag":[],"class_list":{"0":"post-17500","1":"product","2":"type-product","3":"status-publish","5":"product_brand-nivea","6":"product_cat-dezodorok","8":"first","9":"instock","10":"taxable","11":"shipping-taxable","12":"purchasable","13":"product-type-simple"},"_links":{"self":[{"href":"https:\/\/perfettohome.sk\/hu\/wp-json\/wp\/v2\/product\/17500","targetHints":{"allow":["GET"]}}],"collection":[{"href":"https:\/\/perfettohome.sk\/hu\/wp-json\/wp\/v2\/product"}],"about":[{"href":"https:\/\/perfettohome.sk\/hu\/wp-json\/wp\/v2\/types\/product"}],"wp:attachment":[{"href":"https:\/\/perfettohome.sk\/hu\/wp-json\/wp\/v2\/media?parent=17500"}],"wp:term":[{"taxonomy":"product_brand","embeddable":true,"href":"https:\/\/perfettohome.sk\/hu\/wp-json\/wp\/v2\/product_brand?post=17500"},{"taxonomy":"product_cat","embeddable":true,"href":"https:\/\/perfettohome.sk\/hu\/wp-json\/wp\/v2\/product_cat?post=17500"},{"taxonomy":"product_tag","embeddable":true,"href":"https:\/\/perfettohome.sk\/hu\/wp-json\/wp\/v2\/product_tag?post=17500"}],"curies":[{"name":"wp","href":"https:\/\/api.w.org\/{rel}","templated":true}]}}