{"id":17509,"date":"2025-10-03T12:53:36","date_gmt":"2025-10-03T10:53:36","guid":{"rendered":"https:\/\/perfettohome.sk\/produkt\/star-trio-wc-papir-24-darab-3-retegu\/"},"modified":"2025-10-03T12:53:36","modified_gmt":"2025-10-03T10:53:36","slug":"star-trio-wc-papir-24-darab-3-retegu","status":"publish","type":"product","link":"https:\/\/perfettohome.sk\/hu\/produkt\/star-trio-wc-papir-24-darab-3-retegu\/","title":{"rendered":"Star Trio WC-pap\u00edr 24 darab \/ 3 r\u00e9teg\u0171"},"content":{"rendered":"<p>Megb\u00edzhat\u00f3 higi\u00e9nia minden nap! A Star Trio 3 r\u00e9teg\u0171 WC-pap\u00edr egyes\u00edti a puhas\u00e1got \u00e9s az er\u0151ss\u00e9get, hogy maxim\u00e1lis k\u00e9nyelmet biztos\u00edtson haszn\u00e1lat k\u00f6zben. A h\u00e1romr\u00e9teg\u0171 szerkezet nagy nedvsz\u00edv\u00f3 k\u00e9pess\u00e9get \u00e9s tart\u00f3ss\u00e1got biztos\u00edt, mik\u00f6zben gyeng\u00e9d a b\u0151rh\u00f6z. Ide\u00e1lis mindennapi haszn\u00e1latra otthon, az irod\u00e1ban vagy a nagyobb pap\u00edrfogyaszt\u00e1s\u00fa h\u00e1ztart\u00e1sokban.   <\/p>\n<p>Darabsz\u00e1m: 24<br \/>\nR\u00e9tegek sz\u00e1ma: 3<br \/>\nAlkalmas: otthoni \u00e9s irodai haszn\u00e1latra.<\/p>\n","protected":false},"excerpt":{"rendered":"<p>Megb\u00edzhat\u00f3 higi\u00e9nia minden nap! A Star Trio 3 r\u00e9teg\u0171 WC-pap\u00edr egyes\u00edti a puhas\u00e1got \u00e9s az er\u0151ss\u00e9get, hogy maxim\u00e1lis k\u00e9nyelmet biztos\u00edtson haszn\u00e1lat k\u00f6zben. A h\u00e1romr\u00e9teg\u0171 szerkezet nagy nedvsz\u00edv\u00f3 k\u00e9pess\u00e9get \u00e9s tart\u00f3ss\u00e1got biztos\u00edt, mik\u00f6zben gyeng\u00e9d a b\u0151rh\u00f6z. Ide\u00e1lis mindennapi haszn\u00e1latra otthon, az irod\u00e1ban vagy a nagyobb pap\u00edrfogyaszt\u00e1s\u00fa h\u00e1ztart\u00e1sokban. Darabsz\u00e1m: 24 R\u00e9tegek sz\u00e1ma: 3 Alkalmas: otthoni \u00e9s irodai [&hellip;]<\/p>\n","protected":false},"featured_media":17510,"template":"","meta":[],"product_brand":[237],"product_cat":[326],"product_tag":[],"class_list":{"0":"post-17509","1":"product","2":"type-product","3":"status-publish","4":"has-post-thumbnail","6":"product_brand-star-trio","7":"product_cat-wc-papir","9":"first","10":"instock","11":"taxable","12":"shipping-taxable","13":"purchasable","14":"product-type-simple"},"_links":{"self":[{"href":"https:\/\/perfettohome.sk\/hu\/wp-json\/wp\/v2\/product\/17509","targetHints":{"allow":["GET"]}}],"collection":[{"href":"https:\/\/perfettohome.sk\/hu\/wp-json\/wp\/v2\/product"}],"about":[{"href":"https:\/\/perfettohome.sk\/hu\/wp-json\/wp\/v2\/types\/product"}],"wp:featuredmedia":[{"embeddable":true,"href":"https:\/\/perfettohome.sk\/hu\/wp-json\/wp\/v2\/media\/17510"}],"wp:attachment":[{"href":"https:\/\/perfettohome.sk\/hu\/wp-json\/wp\/v2\/media?parent=17509"}],"wp:term":[{"taxonomy":"product_brand","embeddable":true,"href":"https:\/\/perfettohome.sk\/hu\/wp-json\/wp\/v2\/product_brand?post=17509"},{"taxonomy":"product_cat","embeddable":true,"href":"https:\/\/perfettohome.sk\/hu\/wp-json\/wp\/v2\/product_cat?post=17509"},{"taxonomy":"product_tag","embeddable":true,"href":"https:\/\/perfettohome.sk\/hu\/wp-json\/wp\/v2\/product_tag?post=17509"}],"curies":[{"name":"wp","href":"https:\/\/api.w.org\/{rel}","templated":true}]}}