{"id":17553,"date":"2025-10-03T11:38:51","date_gmt":"2025-10-03T09:38:51","guid":{"rendered":"https:\/\/perfettohome.sk\/produkt\/get-fresh-zuhanyzsele-275ml-aloe-harmony\/"},"modified":"2025-12-14T21:06:28","modified_gmt":"2025-12-14T20:06:28","slug":"get-fresh-zuhanyzsele-275ml-aloe-harmony","status":"publish","type":"product","link":"https:\/\/perfettohome.sk\/hu\/produkt\/get-fresh-zuhanyzsele-275ml-aloe-harmony\/","title":{"rendered":"Get Fresh tusf\u00fcrd\u0151 275ml Aloe Harmony"},"content":{"rendered":"<p>A Get Fresh Aloe Harmony friss\u00edt\u0151 tusf\u00fcrd\u0151 gyeng\u00e9den tiszt\u00edtja \u00e9s egyben hidrat\u00e1lja a b\u0151rt. Az aloe vera kivonatoknak k\u00f6sz\u00f6nhet\u0151en minden zuhanyz\u00e1s ut\u00e1n kellemesen friss \u00e9s puha \u00e9rz\u00e9st biztos\u00edt. Mindennapos haszn\u00e1latra alkalmas, \u00e9s gyeng\u00e9d illatot hagy a b\u0151r\u00f6n.  <\/p>\n<p>T\u00e9rfogat: 275 ml<\/p>\n<p>Aloe Harmony<\/p>\n<p>Tulajdons\u00e1gok: hidrat\u00e1l\u00f3, friss\u00edt\u0151, gyeng\u00e9d a b\u0151rh\u00f6z<\/p>\n<p>Alkalmaz\u00e1s: Alkalmazzon kis mennyis\u00e9g\u0171 g\u00e9lt szivacsra vagy k\u00f6zvetlen\u00fcl a b\u0151rre, habos\u00edtsa fel, majd \u00f6bl\u00edtse le tiszta v\u00edzzel. Ker\u00fclje a szemmel val\u00f3 \u00e9rintkez\u00e9st.<\/p>\n","protected":false},"excerpt":{"rendered":"<p>A Get Fresh Aloe Harmony friss\u00edt\u0151 tusf\u00fcrd\u0151 gyeng\u00e9den tiszt\u00edtja \u00e9s egyben hidrat\u00e1lja a b\u0151rt. Az aloe vera kivonatoknak k\u00f6sz\u00f6nhet\u0151en minden zuhanyz\u00e1s ut\u00e1n kellemesen friss \u00e9s puha \u00e9rz\u00e9st biztos\u00edt. Mindennapos haszn\u00e1latra alkalmas, \u00e9s gyeng\u00e9d illatot hagy a b\u0151r\u00f6n. T\u00e9rfogat: 275 ml Aloe Harmony Tulajdons\u00e1gok: hidrat\u00e1l\u00f3, friss\u00edt\u0151, gyeng\u00e9d a b\u0151rh\u00f6z Alkalmaz\u00e1s: Alkalmazzon kis mennyis\u00e9g\u0171 g\u00e9lt szivacsra vagy [&hellip;]<\/p>\n","protected":false},"featured_media":17554,"template":"","meta":[],"product_brand":[272],"product_cat":[329],"product_tag":[],"class_list":{"0":"post-17553","1":"product","2":"type-product","3":"status-publish","4":"has-post-thumbnail","6":"product_brand-get-fresh","7":"product_cat-zuhanyzselek","9":"first","10":"instock","11":"taxable","12":"shipping-taxable","13":"purchasable","14":"product-type-simple"},"_links":{"self":[{"href":"https:\/\/perfettohome.sk\/hu\/wp-json\/wp\/v2\/product\/17553","targetHints":{"allow":["GET"]}}],"collection":[{"href":"https:\/\/perfettohome.sk\/hu\/wp-json\/wp\/v2\/product"}],"about":[{"href":"https:\/\/perfettohome.sk\/hu\/wp-json\/wp\/v2\/types\/product"}],"wp:featuredmedia":[{"embeddable":true,"href":"https:\/\/perfettohome.sk\/hu\/wp-json\/wp\/v2\/media\/17554"}],"wp:attachment":[{"href":"https:\/\/perfettohome.sk\/hu\/wp-json\/wp\/v2\/media?parent=17553"}],"wp:term":[{"taxonomy":"product_brand","embeddable":true,"href":"https:\/\/perfettohome.sk\/hu\/wp-json\/wp\/v2\/product_brand?post=17553"},{"taxonomy":"product_cat","embeddable":true,"href":"https:\/\/perfettohome.sk\/hu\/wp-json\/wp\/v2\/product_cat?post=17553"},{"taxonomy":"product_tag","embeddable":true,"href":"https:\/\/perfettohome.sk\/hu\/wp-json\/wp\/v2\/product_tag?post=17553"}],"curies":[{"name":"wp","href":"https:\/\/api.w.org\/{rel}","templated":true}]}}