{"id":17555,"date":"2025-09-30T14:38:47","date_gmt":"2025-09-30T12:38:47","guid":{"rendered":"https:\/\/perfettohome.sk\/produkt\/dax-marhahus-konzerv-kutyaknak-415g\/"},"modified":"2025-09-30T14:38:47","modified_gmt":"2025-09-30T12:38:47","slug":"dax-marhahus-konzerv-kutyaknak-415g","status":"publish","type":"product","link":"https:\/\/perfettohome.sk\/hu\/produkt\/dax-marhahus-konzerv-kutyaknak-415g\/","title":{"rendered":"Dax marhah\u00fas konzerv kuty\u00e1knak 415g"},"content":{"rendered":"<p>Finom \u00e9s t\u00e1pl\u00e1l\u00f3 eledel n\u00e9gyl\u00e1b\u00fa kedvence sz\u00e1m\u00e1ra! A Dax Beef kiv\u00e1l\u00f3 min\u0151s\u00e9g\u0171 marhah\u00fast tartalmaz, amely biztos\u00edtja kuty\u00e1ja sz\u00e1m\u00e1ra az eg\u00e9szs\u00e9ges \u00e9s akt\u00edv \u00e9lethez sz\u00fcks\u00e9ges feh\u00e9rj\u00e9t \u00e9s energi\u00e1t. A konzerv f\u0151\u00e9tkez\u00e9sk\u00e9nt vagy a sz\u00e1razt\u00e1pok kieg\u00e9sz\u00edt\u00e9sek\u00e9nt alkalmas, \u00edzgazdag \u00e9s zamatos \u00e9telt hagyva maga ut\u00e1n, amelyet kuty\u00e1ja im\u00e1dni fog.  <\/p>\n<p>S\u00faly: 415 g<br \/>\nF\u0151 \u00f6sszetev\u0151: marhah\u00fas<br \/>\nAlkalmas: minden kutyafajta sz\u00e1m\u00e1ra<br \/>\nFelhaszn\u00e1l\u00e1s: f\u0151\u00e9tkez\u00e9sk\u00e9nt vagy sz\u00e1razeledel kieg\u00e9sz\u00edt\u00e9sek\u00e9nt.<\/p>\n","protected":false},"excerpt":{"rendered":"<p>Finom \u00e9s t\u00e1pl\u00e1l\u00f3 eledel n\u00e9gyl\u00e1b\u00fa kedvence sz\u00e1m\u00e1ra! A Dax Beef kiv\u00e1l\u00f3 min\u0151s\u00e9g\u0171 marhah\u00fast tartalmaz, amely biztos\u00edtja kuty\u00e1ja sz\u00e1m\u00e1ra az eg\u00e9szs\u00e9ges \u00e9s akt\u00edv \u00e9lethez sz\u00fcks\u00e9ges feh\u00e9rj\u00e9t \u00e9s energi\u00e1t. A konzerv f\u0151\u00e9tkez\u00e9sk\u00e9nt vagy a sz\u00e1razt\u00e1pok kieg\u00e9sz\u00edt\u00e9sek\u00e9nt alkalmas, \u00edzgazdag \u00e9s zamatos \u00e9telt hagyva maga ut\u00e1n, amelyet kuty\u00e1ja im\u00e1dni fog. S\u00faly: 415 g F\u0151 \u00f6sszetev\u0151: marhah\u00fas Alkalmas: minden kutyafajta [&hellip;]<\/p>\n","protected":false},"featured_media":17557,"template":"","meta":[],"product_brand":[],"product_cat":[338],"product_tag":[],"class_list":{"0":"post-17555","1":"product","2":"type-product","3":"status-publish","4":"has-post-thumbnail","6":"product_cat-konzervek","8":"first","9":"instock","10":"taxable","11":"shipping-taxable","12":"purchasable","13":"product-type-simple"},"_links":{"self":[{"href":"https:\/\/perfettohome.sk\/hu\/wp-json\/wp\/v2\/product\/17555","targetHints":{"allow":["GET"]}}],"collection":[{"href":"https:\/\/perfettohome.sk\/hu\/wp-json\/wp\/v2\/product"}],"about":[{"href":"https:\/\/perfettohome.sk\/hu\/wp-json\/wp\/v2\/types\/product"}],"wp:featuredmedia":[{"embeddable":true,"href":"https:\/\/perfettohome.sk\/hu\/wp-json\/wp\/v2\/media\/17557"}],"wp:attachment":[{"href":"https:\/\/perfettohome.sk\/hu\/wp-json\/wp\/v2\/media?parent=17555"}],"wp:term":[{"taxonomy":"product_brand","embeddable":true,"href":"https:\/\/perfettohome.sk\/hu\/wp-json\/wp\/v2\/product_brand?post=17555"},{"taxonomy":"product_cat","embeddable":true,"href":"https:\/\/perfettohome.sk\/hu\/wp-json\/wp\/v2\/product_cat?post=17555"},{"taxonomy":"product_tag","embeddable":true,"href":"https:\/\/perfettohome.sk\/hu\/wp-json\/wp\/v2\/product_tag?post=17555"}],"curies":[{"name":"wp","href":"https:\/\/api.w.org\/{rel}","templated":true}]}}