{"id":17571,"date":"2025-09-29T13:38:46","date_gmt":"2025-09-29T11:38:46","guid":{"rendered":"https:\/\/perfettohome.sk\/produkt\/prevital-snack-macskaknak-csirke-sajtos-toltelekkel-60-g\/"},"modified":"2025-09-29T13:38:46","modified_gmt":"2025-09-29T11:38:46","slug":"prevital-snack-macskaknak-csirke-sajtos-toltelekkel-60-g","status":"publish","type":"product","link":"https:\/\/perfettohome.sk\/hu\/produkt\/prevital-snack-macskaknak-csirke-sajtos-toltelekkel-60-g\/","title":{"rendered":"PreVital snack macsk\u00e1knak &#8211; Csirke sajtos t\u00f6ltel\u00e9kkel 60 g"},"content":{"rendered":"<p>\u00cdzletes \u00e9s t\u00e1pl\u00e1l\u00f3 snack feln\u0151tt macsk\u00e1knak csirke \u00e9s sajt t\u00f6ltel\u00e9k kombin\u00e1ci\u00f3j\u00e1val. A snack ide\u00e1lis jutalomfalat a f\u0151\u00e9tkez\u00e9sek k\u00f6z\u00f6tt, \u00e9s serkenti az \u00e9tv\u00e1gyat. <\/p>\n<p>Csomag s\u00falya: 60 g<\/p>\n<p>\u00cdzvil\u00e1g: csirke \u00e9s sajt<\/p>\n<p>C\u00e9l: feln\u0151tt macsk\u00e1k<\/p>\n<p>Felhaszn\u00e1l\u00e1s: Jutalomk\u00e9nt vagy a norm\u00e1l \u00e9trend kieg\u00e9sz\u00edt\u00e9sek\u00e9nt szolg\u00e1ljon. Biztos\u00edtson \u00e1lland\u00f3 hozz\u00e1f\u00e9r\u00e9st friss iv\u00f3v\u00edzhez.<\/p>\n","protected":false},"excerpt":{"rendered":"<p>\u00cdzletes \u00e9s t\u00e1pl\u00e1l\u00f3 snack feln\u0151tt macsk\u00e1knak csirke \u00e9s sajt t\u00f6ltel\u00e9k kombin\u00e1ci\u00f3j\u00e1val. A snack ide\u00e1lis jutalomfalat a f\u0151\u00e9tkez\u00e9sek k\u00f6z\u00f6tt, \u00e9s serkenti az \u00e9tv\u00e1gyat. Csomag s\u00falya: 60 g \u00cdzvil\u00e1g: csirke \u00e9s sajt C\u00e9l: feln\u0151tt macsk\u00e1k Felhaszn\u00e1l\u00e1s: Jutalomk\u00e9nt vagy a norm\u00e1l \u00e9trend kieg\u00e9sz\u00edt\u00e9sek\u00e9nt szolg\u00e1ljon. Biztos\u00edtson \u00e1lland\u00f3 hozz\u00e1f\u00e9r\u00e9st friss iv\u00f3v\u00edzhez.<\/p>\n","protected":false},"featured_media":17519,"template":"","meta":[],"product_brand":[262],"product_cat":[348],"product_tag":[],"class_list":{"0":"post-17571","1":"product","2":"type-product","3":"status-publish","4":"has-post-thumbnail","6":"product_brand-prevital","7":"product_cat-maskotak","9":"first","10":"instock","11":"taxable","12":"shipping-taxable","13":"purchasable","14":"product-type-simple"},"_links":{"self":[{"href":"https:\/\/perfettohome.sk\/hu\/wp-json\/wp\/v2\/product\/17571","targetHints":{"allow":["GET"]}}],"collection":[{"href":"https:\/\/perfettohome.sk\/hu\/wp-json\/wp\/v2\/product"}],"about":[{"href":"https:\/\/perfettohome.sk\/hu\/wp-json\/wp\/v2\/types\/product"}],"wp:featuredmedia":[{"embeddable":true,"href":"https:\/\/perfettohome.sk\/hu\/wp-json\/wp\/v2\/media\/17519"}],"wp:attachment":[{"href":"https:\/\/perfettohome.sk\/hu\/wp-json\/wp\/v2\/media?parent=17571"}],"wp:term":[{"taxonomy":"product_brand","embeddable":true,"href":"https:\/\/perfettohome.sk\/hu\/wp-json\/wp\/v2\/product_brand?post=17571"},{"taxonomy":"product_cat","embeddable":true,"href":"https:\/\/perfettohome.sk\/hu\/wp-json\/wp\/v2\/product_cat?post=17571"},{"taxonomy":"product_tag","embeddable":true,"href":"https:\/\/perfettohome.sk\/hu\/wp-json\/wp\/v2\/product_tag?post=17571"}],"curies":[{"name":"wp","href":"https:\/\/api.w.org\/{rel}","templated":true}]}}