{"id":17581,"date":"2025-09-29T13:23:50","date_gmt":"2025-09-29T11:23:50","guid":{"rendered":"https:\/\/perfettohome.sk\/produkt\/propesko-szalami-kutyaknak-barany-1kg\/"},"modified":"2025-09-29T13:23:50","modified_gmt":"2025-09-29T11:23:50","slug":"propesko-szalami-kutyaknak-barany-1kg","status":"publish","type":"product","link":"https:\/\/perfettohome.sk\/hu\/produkt\/propesko-szalami-kutyaknak-barany-1kg\/","title":{"rendered":"Propesko szal\u00e1mi kuty\u00e1knak b\u00e1r\u00e1ny 1kg"},"content":{"rendered":"<p>\u00cdzletes b\u00e1r\u00e1nykolb\u00e1sz a feln\u0151tt kuty\u00e1k \u00e9trendj\u00e9nek kieg\u00e9sz\u00edt\u00e9sek\u00e9nt. A szal\u00e1mi ide\u00e1lis jutalomfalat vagy jutalomfalat, serkenti az \u00e9tv\u00e1gyat \u00e9s meghozza a r\u00e1g\u00e1s \u00f6r\u00f6m\u00e9t. <\/p>\n<p>Csomag s\u00falya: 1 kg<\/p>\n<p>\u00cdzvil\u00e1g: b\u00e1r\u00e1ny<\/p>\n<p>C\u00e9l: feln\u0151tt kuty\u00e1k<\/p>\n<p>Felhaszn\u00e1l\u00e1s: Jutalomk\u00e9nt vagy a norm\u00e1l \u00e9trend kieg\u00e9sz\u00edt\u00e9sek\u00e9nt szolg\u00e1ljon. Biztos\u00edtson \u00e1lland\u00f3 hozz\u00e1f\u00e9r\u00e9st friss iv\u00f3v\u00edzhez.<\/p>\n","protected":false},"excerpt":{"rendered":"<p>\u00cdzletes b\u00e1r\u00e1nykolb\u00e1sz a feln\u0151tt kuty\u00e1k \u00e9trendj\u00e9nek kieg\u00e9sz\u00edt\u00e9sek\u00e9nt. A szal\u00e1mi ide\u00e1lis jutalomfalat vagy jutalomfalat, serkenti az \u00e9tv\u00e1gyat \u00e9s meghozza a r\u00e1g\u00e1s \u00f6r\u00f6m\u00e9t. Csomag s\u00falya: 1 kg \u00cdzvil\u00e1g: b\u00e1r\u00e1ny C\u00e9l: feln\u0151tt kuty\u00e1k Felhaszn\u00e1l\u00e1s: Jutalomk\u00e9nt vagy a norm\u00e1l \u00e9trend kieg\u00e9sz\u00edt\u00e9sek\u00e9nt szolg\u00e1ljon. Biztos\u00edtson \u00e1lland\u00f3 hozz\u00e1f\u00e9r\u00e9st friss iv\u00f3v\u00edzhez.<\/p>\n","protected":false},"featured_media":17583,"template":"","meta":[],"product_brand":[260],"product_cat":[348],"product_tag":[],"class_list":{"0":"post-17581","1":"product","2":"type-product","3":"status-publish","4":"has-post-thumbnail","6":"product_brand-propesko","7":"product_cat-maskotak","9":"first","10":"instock","11":"taxable","12":"shipping-taxable","13":"purchasable","14":"product-type-simple"},"_links":{"self":[{"href":"https:\/\/perfettohome.sk\/hu\/wp-json\/wp\/v2\/product\/17581","targetHints":{"allow":["GET"]}}],"collection":[{"href":"https:\/\/perfettohome.sk\/hu\/wp-json\/wp\/v2\/product"}],"about":[{"href":"https:\/\/perfettohome.sk\/hu\/wp-json\/wp\/v2\/types\/product"}],"wp:featuredmedia":[{"embeddable":true,"href":"https:\/\/perfettohome.sk\/hu\/wp-json\/wp\/v2\/media\/17583"}],"wp:attachment":[{"href":"https:\/\/perfettohome.sk\/hu\/wp-json\/wp\/v2\/media?parent=17581"}],"wp:term":[{"taxonomy":"product_brand","embeddable":true,"href":"https:\/\/perfettohome.sk\/hu\/wp-json\/wp\/v2\/product_brand?post=17581"},{"taxonomy":"product_cat","embeddable":true,"href":"https:\/\/perfettohome.sk\/hu\/wp-json\/wp\/v2\/product_cat?post=17581"},{"taxonomy":"product_tag","embeddable":true,"href":"https:\/\/perfettohome.sk\/hu\/wp-json\/wp\/v2\/product_tag?post=17581"}],"curies":[{"name":"wp","href":"https:\/\/api.w.org\/{rel}","templated":true}]}}