{"id":17582,"date":"2025-09-29T13:23:48","date_gmt":"2025-09-29T11:23:48","guid":{"rendered":"https:\/\/perfettohome.sk\/produkt\/propesko-kapszula-macskaknak-giga-box-hus-hal-48x100g\/"},"modified":"2025-12-14T20:52:08","modified_gmt":"2025-12-14T19:52:08","slug":"propesko-kapszula-macskaknak-giga-box-hus-hal-48x100g","status":"publish","type":"product","link":"https:\/\/perfettohome.sk\/hu\/produkt\/propesko-kapszula-macskaknak-giga-box-hus-hal-48x100g\/","title":{"rendered":"Propesko tasak macsk\u00e1knak GIGA BOX h\u00fas hal 48x100g"},"content":{"rendered":"<p>Teljes \u00e9rt\u00e9k\u0171 nedves eledel feln\u0151tt macsk\u00e1knak min\u0151s\u00e9gi h\u00fas \u00e9s hal kombin\u00e1ci\u00f3j\u00e1val. A kapszul\u00e1k kiegyens\u00falyozott t\u00e1panyagkombin\u00e1ci\u00f3t tartalmaznak az eg\u00e9szs\u00e9g, a vitalit\u00e1s \u00e9s a f\u00e9nyes sz\u0151rzet el\u0151seg\u00edt\u00e9se \u00e9rdek\u00e9ben. A praktikus nagy kiszerel\u00e9s ide\u00e1lis t\u00f6bb macsk\u00e1val rendelkez\u0151 h\u00e1ztart\u00e1sokban vagy gyakori etet\u00e9shez.  <\/p>\n<p>Csomag: 48 \u00d7 100 g<\/p>\n<p>\u00cdz: h\u00fas \u00e9s hal<\/p>\n<p>C\u00e9l: feln\u0151tt macsk\u00e1k<\/p>\n<p>Felhaszn\u00e1l\u00e1s: Sz\u00fcks\u00e9g szerint k\u00f6zvetlen\u00fcl vagy sz\u00e1razt\u00e1ppal keverve etesse. Biztos\u00edtson \u00e1lland\u00f3 hozz\u00e1f\u00e9r\u00e9st friss iv\u00f3v\u00edzhez. A tasak felbont\u00e1sa ut\u00e1n 24 \u00f3r\u00e1n bel\u00fcl fogyassza el.<\/p>\n","protected":false},"excerpt":{"rendered":"<p>Teljes \u00e9rt\u00e9k\u0171 nedves eledel feln\u0151tt macsk\u00e1knak min\u0151s\u00e9gi h\u00fas \u00e9s hal kombin\u00e1ci\u00f3j\u00e1val. A kapszul\u00e1k kiegyens\u00falyozott t\u00e1panyagkombin\u00e1ci\u00f3t tartalmaznak az eg\u00e9szs\u00e9g, a vitalit\u00e1s \u00e9s a f\u00e9nyes sz\u0151rzet el\u0151seg\u00edt\u00e9se \u00e9rdek\u00e9ben. A praktikus nagy kiszerel\u00e9s ide\u00e1lis t\u00f6bb macsk\u00e1val rendelkez\u0151 h\u00e1ztart\u00e1sokban vagy gyakori etet\u00e9shez. Csomag: 48 \u00d7 100 g \u00cdz: h\u00fas \u00e9s hal C\u00e9l: feln\u0151tt macsk\u00e1k Felhaszn\u00e1l\u00e1s: Sz\u00fcks\u00e9g szerint k\u00f6zvetlen\u00fcl vagy [&hellip;]<\/p>\n","protected":false},"featured_media":17584,"template":"","meta":[],"product_brand":[260],"product_cat":[345],"product_tag":[],"class_list":{"0":"post-17582","1":"product","2":"type-product","3":"status-publish","4":"has-post-thumbnail","6":"product_brand-propesko","7":"product_cat-kapszulak","9":"first","10":"instock","11":"taxable","12":"shipping-taxable","13":"purchasable","14":"product-type-simple"},"_links":{"self":[{"href":"https:\/\/perfettohome.sk\/hu\/wp-json\/wp\/v2\/product\/17582","targetHints":{"allow":["GET"]}}],"collection":[{"href":"https:\/\/perfettohome.sk\/hu\/wp-json\/wp\/v2\/product"}],"about":[{"href":"https:\/\/perfettohome.sk\/hu\/wp-json\/wp\/v2\/types\/product"}],"wp:featuredmedia":[{"embeddable":true,"href":"https:\/\/perfettohome.sk\/hu\/wp-json\/wp\/v2\/media\/17584"}],"wp:attachment":[{"href":"https:\/\/perfettohome.sk\/hu\/wp-json\/wp\/v2\/media?parent=17582"}],"wp:term":[{"taxonomy":"product_brand","embeddable":true,"href":"https:\/\/perfettohome.sk\/hu\/wp-json\/wp\/v2\/product_brand?post=17582"},{"taxonomy":"product_cat","embeddable":true,"href":"https:\/\/perfettohome.sk\/hu\/wp-json\/wp\/v2\/product_cat?post=17582"},{"taxonomy":"product_tag","embeddable":true,"href":"https:\/\/perfettohome.sk\/hu\/wp-json\/wp\/v2\/product_tag?post=17582"}],"curies":[{"name":"wp","href":"https:\/\/api.w.org\/{rel}","templated":true}]}}