{"id":17585,"date":"2025-09-29T13:23:49","date_gmt":"2025-09-29T11:23:49","guid":{"rendered":"https:\/\/perfettohome.sk\/produkt\/propesko-fogaszati-palcika-7db-110g\/"},"modified":"2025-12-14T20:54:07","modified_gmt":"2025-12-14T19:54:07","slug":"propesko-fogaszati-palcika-7db-110g","status":"publish","type":"product","link":"https:\/\/perfettohome.sk\/hu\/produkt\/propesko-fogaszati-palcika-7db-110g\/","title":{"rendered":"Propesko dental stick 7db\/110g"},"content":{"rendered":"<p>\u00cdzletes fog\u00e1szati rudacsk\u00e1k kuty\u00e1knak, amelyek el\u0151seg\u00edtik a fogak \u00e9s az \u00edny eg\u00e9szs\u00e9g\u00e9t. A rendszeres r\u00e1g\u00e1s seg\u00edt cs\u00f6kkenteni a fogk\u0151 felhalmoz\u00f3d\u00e1s\u00e1t \u00e9s felfriss\u00edti a kutya lehelet\u00e9t. <\/p>\n<p>Csomagol\u00e1s: 7 db \/ 110 g<\/p>\n<p>C\u00e9l: feln\u0151tt kuty\u00e1k<\/p>\n<p>Felhaszn\u00e1l\u00e1s: Jutalomk\u00e9nt vagy a norm\u00e1l \u00e9trend kieg\u00e9sz\u00edt\u00e9sek\u00e9nt szolg\u00e1ljon. Biztos\u00edtson \u00e1lland\u00f3 hozz\u00e1f\u00e9r\u00e9st friss iv\u00f3v\u00edzhez. Ne adjuk 3 h\u00f3naposn\u00e1l fiatalabb k\u00f6ly\u00f6kkuty\u00e1knak.<\/p>\n","protected":false},"excerpt":{"rendered":"<p>\u00cdzletes fog\u00e1szati rudacsk\u00e1k kuty\u00e1knak, amelyek el\u0151seg\u00edtik a fogak \u00e9s az \u00edny eg\u00e9szs\u00e9g\u00e9t. A rendszeres r\u00e1g\u00e1s seg\u00edt cs\u00f6kkenteni a fogk\u0151 felhalmoz\u00f3d\u00e1s\u00e1t \u00e9s felfriss\u00edti a kutya lehelet\u00e9t. Csomagol\u00e1s: 7 db \/ 110 g C\u00e9l: feln\u0151tt kuty\u00e1k Felhaszn\u00e1l\u00e1s: Jutalomk\u00e9nt vagy a norm\u00e1l \u00e9trend kieg\u00e9sz\u00edt\u00e9sek\u00e9nt szolg\u00e1ljon. Biztos\u00edtson \u00e1lland\u00f3 hozz\u00e1f\u00e9r\u00e9st friss iv\u00f3v\u00edzhez. Ne adjuk 3 h\u00f3naposn\u00e1l fiatalabb k\u00f6ly\u00f6kkuty\u00e1knak.<\/p>\n","protected":false},"featured_media":17587,"template":"","meta":[],"product_brand":[263],"product_cat":[348],"product_tag":[],"class_list":{"0":"post-17585","1":"product","2":"type-product","3":"status-publish","4":"has-post-thumbnail","6":"product_brand-reno","7":"product_cat-maskotak","9":"first","10":"instock","11":"taxable","12":"shipping-taxable","13":"purchasable","14":"product-type-simple"},"_links":{"self":[{"href":"https:\/\/perfettohome.sk\/hu\/wp-json\/wp\/v2\/product\/17585","targetHints":{"allow":["GET"]}}],"collection":[{"href":"https:\/\/perfettohome.sk\/hu\/wp-json\/wp\/v2\/product"}],"about":[{"href":"https:\/\/perfettohome.sk\/hu\/wp-json\/wp\/v2\/types\/product"}],"wp:featuredmedia":[{"embeddable":true,"href":"https:\/\/perfettohome.sk\/hu\/wp-json\/wp\/v2\/media\/17587"}],"wp:attachment":[{"href":"https:\/\/perfettohome.sk\/hu\/wp-json\/wp\/v2\/media?parent=17585"}],"wp:term":[{"taxonomy":"product_brand","embeddable":true,"href":"https:\/\/perfettohome.sk\/hu\/wp-json\/wp\/v2\/product_brand?post=17585"},{"taxonomy":"product_cat","embeddable":true,"href":"https:\/\/perfettohome.sk\/hu\/wp-json\/wp\/v2\/product_cat?post=17585"},{"taxonomy":"product_tag","embeddable":true,"href":"https:\/\/perfettohome.sk\/hu\/wp-json\/wp\/v2\/product_tag?post=17585"}],"curies":[{"name":"wp","href":"https:\/\/api.w.org\/{rel}","templated":true}]}}