{"id":17589,"date":"2025-09-29T13:23:49","date_gmt":"2025-09-29T11:23:49","guid":{"rendered":"https:\/\/perfettohome.sk\/produkt\/propesko-snack-kutyaknak-mistr-marhahusburger-60g\/"},"modified":"2025-09-29T13:23:49","modified_gmt":"2025-09-29T11:23:49","slug":"propesko-snack-kutyaknak-mistr-marhahusburger-60g","status":"publish","type":"product","link":"https:\/\/perfettohome.sk\/hu\/produkt\/propesko-snack-kutyaknak-mistr-marhahusburger-60g\/","title":{"rendered":"Propesko snack kuty\u00e1knak Mistr Marhah\u00fasburger 60g"},"content":{"rendered":"<p>\u00cdzletes marhahamburger jutalomk\u00e9nt vagy \u00e9trend-kieg\u00e9sz\u00edt\u0151k\u00e9nt feln\u0151tt kuty\u00e1knak. A r\u00e1gcs\u00e1lnival\u00f3 term\u00e9szetes marhah\u00fas \u00edzt biztos\u00edt, \u00e9s ide\u00e1lis kik\u00e9pz\u00e9shez, j\u00e1t\u00e9khoz vagy jutalomfalatnak. <\/p>\n<p>Csomag s\u00falya: 60 g<\/p>\n<p>\u00cdzes\u00edt\u00e9s: marhah\u00fas<\/p>\n<p>C\u00e9l: feln\u0151tt kuty\u00e1k<\/p>\n<p>Felhaszn\u00e1l\u00e1s: Jutalomk\u00e9nt vagy a norm\u00e1l \u00e9trend kieg\u00e9sz\u00edt\u00e9sek\u00e9nt szolg\u00e1ljon. Biztos\u00edtson \u00e1lland\u00f3 hozz\u00e1f\u00e9r\u00e9st friss iv\u00f3v\u00edzhez.<\/p>\n","protected":false},"excerpt":{"rendered":"<p>\u00cdzletes marhahamburger jutalomk\u00e9nt vagy \u00e9trend-kieg\u00e9sz\u00edt\u0151k\u00e9nt feln\u0151tt kuty\u00e1knak. A r\u00e1gcs\u00e1lnival\u00f3 term\u00e9szetes marhah\u00fas \u00edzt biztos\u00edt, \u00e9s ide\u00e1lis kik\u00e9pz\u00e9shez, j\u00e1t\u00e9khoz vagy jutalomfalatnak. Csomag s\u00falya: 60 g \u00cdzes\u00edt\u00e9s: marhah\u00fas C\u00e9l: feln\u0151tt kuty\u00e1k Felhaszn\u00e1l\u00e1s: Jutalomk\u00e9nt vagy a norm\u00e1l \u00e9trend kieg\u00e9sz\u00edt\u00e9sek\u00e9nt szolg\u00e1ljon. Biztos\u00edtson \u00e1lland\u00f3 hozz\u00e1f\u00e9r\u00e9st friss iv\u00f3v\u00edzhez.<\/p>\n","protected":false},"featured_media":17591,"template":"","meta":[],"product_brand":[260],"product_cat":[348],"product_tag":[],"class_list":{"0":"post-17589","1":"product","2":"type-product","3":"status-publish","4":"has-post-thumbnail","6":"product_brand-propesko","7":"product_cat-maskotak","9":"first","10":"instock","11":"taxable","12":"shipping-taxable","13":"purchasable","14":"product-type-simple"},"_links":{"self":[{"href":"https:\/\/perfettohome.sk\/hu\/wp-json\/wp\/v2\/product\/17589","targetHints":{"allow":["GET"]}}],"collection":[{"href":"https:\/\/perfettohome.sk\/hu\/wp-json\/wp\/v2\/product"}],"about":[{"href":"https:\/\/perfettohome.sk\/hu\/wp-json\/wp\/v2\/types\/product"}],"wp:featuredmedia":[{"embeddable":true,"href":"https:\/\/perfettohome.sk\/hu\/wp-json\/wp\/v2\/media\/17591"}],"wp:attachment":[{"href":"https:\/\/perfettohome.sk\/hu\/wp-json\/wp\/v2\/media?parent=17589"}],"wp:term":[{"taxonomy":"product_brand","embeddable":true,"href":"https:\/\/perfettohome.sk\/hu\/wp-json\/wp\/v2\/product_brand?post=17589"},{"taxonomy":"product_cat","embeddable":true,"href":"https:\/\/perfettohome.sk\/hu\/wp-json\/wp\/v2\/product_cat?post=17589"},{"taxonomy":"product_tag","embeddable":true,"href":"https:\/\/perfettohome.sk\/hu\/wp-json\/wp\/v2\/product_tag?post=17589"}],"curies":[{"name":"wp","href":"https:\/\/api.w.org\/{rel}","templated":true}]}}