{"id":17598,"date":"2025-09-29T13:23:45","date_gmt":"2025-09-29T11:23:45","guid":{"rendered":"https:\/\/perfettohome.sk\/produkt\/prevital-macska-tasak-hus-hal-48x100g\/"},"modified":"2025-09-29T13:23:45","modified_gmt":"2025-09-29T11:23:45","slug":"prevital-macska-tasak-hus-hal-48x100g","status":"publish","type":"product","link":"https:\/\/perfettohome.sk\/hu\/produkt\/prevital-macska-tasak-hus-hal-48x100g\/","title":{"rendered":"PreVital macska tasak h\u00fas hal 48x100g"},"content":{"rendered":"<p>Teljes \u00e9rt\u00e9k\u0171 nedves eledel feln\u0151tt macsk\u00e1knak h\u00fas \u00e9s hal kombin\u00e1ci\u00f3j\u00e1val. A kapszul\u00e1k kiegyens\u00falyozott t\u00e1panyagkombin\u00e1ci\u00f3t tartalmaznak, hogy el\u0151seg\u00edts\u00e9k macsk\u00e1ja eg\u00e9szs\u00e9g\u00e9t, vitalit\u00e1s\u00e1t \u00e9s f\u00e9nyes sz\u0151rzet\u00e9t. Praktikus nagy kiszerel\u00e9s ide\u00e1lis t\u00f6bb macsk\u00e1s h\u00e1ztart\u00e1sokba vagy gyakori etet\u00e9shez.  <\/p>\n<p>Csomag: 48 \u00d7 100 g<\/p>\n<p>\u00cdz: h\u00fas \u00e9s hal<\/p>\n<p>C\u00e9l: feln\u0151tt macsk\u00e1k<\/p>\n<p>Felhaszn\u00e1l\u00e1s: Sz\u00fcks\u00e9g szerint k\u00f6zvetlen\u00fcl vagy sz\u00e1razt\u00e1ppal keverve etesse. Biztos\u00edtson \u00e1lland\u00f3 hozz\u00e1f\u00e9r\u00e9st friss iv\u00f3v\u00edzhez. A tasak felbont\u00e1sa ut\u00e1n 24 \u00f3r\u00e1n bel\u00fcl fogyassza el.<\/p>\n","protected":false},"excerpt":{"rendered":"<p>Teljes \u00e9rt\u00e9k\u0171 nedves eledel feln\u0151tt macsk\u00e1knak h\u00fas \u00e9s hal kombin\u00e1ci\u00f3j\u00e1val. A kapszul\u00e1k kiegyens\u00falyozott t\u00e1panyagkombin\u00e1ci\u00f3t tartalmaznak, hogy el\u0151seg\u00edts\u00e9k macsk\u00e1ja eg\u00e9szs\u00e9g\u00e9t, vitalit\u00e1s\u00e1t \u00e9s f\u00e9nyes sz\u0151rzet\u00e9t. Praktikus nagy kiszerel\u00e9s ide\u00e1lis t\u00f6bb macsk\u00e1s h\u00e1ztart\u00e1sokba vagy gyakori etet\u00e9shez. Csomag: 48 \u00d7 100 g \u00cdz: h\u00fas \u00e9s hal C\u00e9l: feln\u0151tt macsk\u00e1k Felhaszn\u00e1l\u00e1s: Sz\u00fcks\u00e9g szerint k\u00f6zvetlen\u00fcl vagy sz\u00e1razt\u00e1ppal keverve etesse. Biztos\u00edtson \u00e1lland\u00f3 [&hellip;]<\/p>\n","protected":false},"featured_media":0,"template":"","meta":[],"product_brand":[262],"product_cat":[345],"product_tag":[],"class_list":{"0":"post-17598","1":"product","2":"type-product","3":"status-publish","5":"product_brand-prevital","6":"product_cat-kapszulak","8":"first","9":"instock","10":"taxable","11":"shipping-taxable","12":"purchasable","13":"product-type-simple"},"_links":{"self":[{"href":"https:\/\/perfettohome.sk\/hu\/wp-json\/wp\/v2\/product\/17598","targetHints":{"allow":["GET"]}}],"collection":[{"href":"https:\/\/perfettohome.sk\/hu\/wp-json\/wp\/v2\/product"}],"about":[{"href":"https:\/\/perfettohome.sk\/hu\/wp-json\/wp\/v2\/types\/product"}],"wp:attachment":[{"href":"https:\/\/perfettohome.sk\/hu\/wp-json\/wp\/v2\/media?parent=17598"}],"wp:term":[{"taxonomy":"product_brand","embeddable":true,"href":"https:\/\/perfettohome.sk\/hu\/wp-json\/wp\/v2\/product_brand?post=17598"},{"taxonomy":"product_cat","embeddable":true,"href":"https:\/\/perfettohome.sk\/hu\/wp-json\/wp\/v2\/product_cat?post=17598"},{"taxonomy":"product_tag","embeddable":true,"href":"https:\/\/perfettohome.sk\/hu\/wp-json\/wp\/v2\/product_tag?post=17598"}],"curies":[{"name":"wp","href":"https:\/\/api.w.org\/{rel}","templated":true}]}}