{"id":17600,"date":"2025-09-29T13:23:45","date_gmt":"2025-09-29T11:23:45","guid":{"rendered":"https:\/\/perfettohome.sk\/produkt\/prevital-kapszula-macskaknak-junior-hus-hal-4x100g\/"},"modified":"2025-12-14T20:38:01","modified_gmt":"2025-12-14T19:38:01","slug":"prevital-kapszula-macskaknak-junior-hus-hal-4x100g","status":"publish","type":"product","link":"https:\/\/perfettohome.sk\/hu\/produkt\/prevital-kapszula-macskaknak-junior-hus-hal-4x100g\/","title":{"rendered":"PreVital tasak macsk\u00e1knak junior h\u00fas hal 4x100g"},"content":{"rendered":"<p>Teljes \u00e9rt\u00e9k\u0171 nedves eledel fiatal macsk\u00e1knak (cic\u00e1knak \u00e9s kiscic\u00e1knak) h\u00fas \u00e9s hal kombin\u00e1ci\u00f3j\u00e1val. A kapszul\u00e1k a fiatal macsk\u00e1k megfelel\u0151 n\u00f6veked\u00e9s\u00e9hez, fejl\u0151d\u00e9s\u00e9hez \u00e9s eg\u00e9szs\u00e9g\u00e9hez sz\u00fcks\u00e9ges t\u00e1panyagok kiegyens\u00falyozott kombin\u00e1ci\u00f3j\u00e1t tartalmazz\u00e1k. <\/p>\n<p>Csomag: 4 \u00d7 100 g<\/p>\n<p>\u00cdz: h\u00fas \u00e9s hal<\/p>\n<p>C\u00e9l: fiatal macsk\u00e1k \/ junior<\/p>\n<p>Felhaszn\u00e1l\u00e1s: Sz\u00fcks\u00e9g szerint k\u00f6zvetlen\u00fcl vagy sz\u00e1razt\u00e1ppal keverve etesse. Biztos\u00edtson \u00e1lland\u00f3 hozz\u00e1f\u00e9r\u00e9st friss iv\u00f3v\u00edzhez. A tasak felbont\u00e1sa ut\u00e1n 24 \u00f3r\u00e1n bel\u00fcl fogyassza el.<\/p>\n","protected":false},"excerpt":{"rendered":"<p>Teljes \u00e9rt\u00e9k\u0171 nedves eledel fiatal macsk\u00e1knak (cic\u00e1knak \u00e9s kiscic\u00e1knak) h\u00fas \u00e9s hal kombin\u00e1ci\u00f3j\u00e1val. A kapszul\u00e1k a fiatal macsk\u00e1k megfelel\u0151 n\u00f6veked\u00e9s\u00e9hez, fejl\u0151d\u00e9s\u00e9hez \u00e9s eg\u00e9szs\u00e9g\u00e9hez sz\u00fcks\u00e9ges t\u00e1panyagok kiegyens\u00falyozott kombin\u00e1ci\u00f3j\u00e1t tartalmazz\u00e1k. Csomag: 4 \u00d7 100 g \u00cdz: h\u00fas \u00e9s hal C\u00e9l: fiatal macsk\u00e1k \/ junior Felhaszn\u00e1l\u00e1s: Sz\u00fcks\u00e9g szerint k\u00f6zvetlen\u00fcl vagy sz\u00e1razt\u00e1ppal keverve etesse. Biztos\u00edtson \u00e1lland\u00f3 hozz\u00e1f\u00e9r\u00e9st friss iv\u00f3v\u00edzhez. [&hellip;]<\/p>\n","protected":false},"featured_media":17524,"template":"","meta":[],"product_brand":[262],"product_cat":[345],"product_tag":[],"class_list":{"0":"post-17600","1":"product","2":"type-product","3":"status-publish","4":"has-post-thumbnail","6":"product_brand-prevital","7":"product_cat-kapszulak","9":"first","10":"instock","11":"taxable","12":"shipping-taxable","13":"purchasable","14":"product-type-simple"},"_links":{"self":[{"href":"https:\/\/perfettohome.sk\/hu\/wp-json\/wp\/v2\/product\/17600","targetHints":{"allow":["GET"]}}],"collection":[{"href":"https:\/\/perfettohome.sk\/hu\/wp-json\/wp\/v2\/product"}],"about":[{"href":"https:\/\/perfettohome.sk\/hu\/wp-json\/wp\/v2\/types\/product"}],"wp:featuredmedia":[{"embeddable":true,"href":"https:\/\/perfettohome.sk\/hu\/wp-json\/wp\/v2\/media\/17524"}],"wp:attachment":[{"href":"https:\/\/perfettohome.sk\/hu\/wp-json\/wp\/v2\/media?parent=17600"}],"wp:term":[{"taxonomy":"product_brand","embeddable":true,"href":"https:\/\/perfettohome.sk\/hu\/wp-json\/wp\/v2\/product_brand?post=17600"},{"taxonomy":"product_cat","embeddable":true,"href":"https:\/\/perfettohome.sk\/hu\/wp-json\/wp\/v2\/product_cat?post=17600"},{"taxonomy":"product_tag","embeddable":true,"href":"https:\/\/perfettohome.sk\/hu\/wp-json\/wp\/v2\/product_tag?post=17600"}],"curies":[{"name":"wp","href":"https:\/\/api.w.org\/{rel}","templated":true}]}}