{"id":17679,"date":"2025-10-16T13:08:35","date_gmt":"2025-10-16T11:08:35","guid":{"rendered":"https:\/\/perfettohome.sk\/?post_type=product&#038;p=17679"},"modified":"2025-12-16T11:14:13","modified_gmt":"2025-12-16T10:14:13","slug":"cookies-smile-225-g-csokolades-drazses-keksz","status":"publish","type":"product","link":"https:\/\/perfettohome.sk\/hu\/produkt\/cookies-smile-225-g-csokolades-drazses-keksz\/","title":{"rendered":"COOKIES SMILE 225 g csokol\u00e1d\u00e9s\u2013drazs\u00e9s keksz"},"content":{"rendered":"<p data-start=\"0\" data-end=\"253\">Ropog\u00f3s \u00e9s vid\u00e1m \u00e9dess\u00e9g minden alkalomra! A <strong data-start=\"45\" data-end=\"62\">COOKIES SMILE<\/strong> finom kekszeket k\u00edn\u00e1l csokol\u00e1d\u00e9darabokkal \u00e9s sz\u00ednes drazs\u00e9val, amelyek gyerekeknek \u00e9s feln\u0151tteknek egyar\u00e1nt \u00f6r\u00f6met szereznek. T\u00f6k\u00e9letes tea vagy k\u00e1v\u00e9 mell\u00e9, illetve egy kis \u00e9des jutalomk\u00e9nt.<\/p>\n<p data-start=\"255\" data-end=\"475\" data-is-last-node=\"\" data-is-only-node=\"\"><strong data-start=\"255\" data-end=\"265\">T\u00f6meg:<\/strong> 225 g<br data-start=\"271\" data-end=\"274\" data-is-only-node=\"\" \/><strong data-start=\"274\" data-end=\"289\">Csomagol\u00e1s:<\/strong> 24 db \/ karton<br data-start=\"304\" data-end=\"307\" \/><strong data-start=\"307\" data-end=\"317\">T\u00edpus:<\/strong> csokol\u00e1d\u00e9s\u2013drazs\u00e9s keksz<br data-start=\"342\" data-end=\"345\" \/><strong data-start=\"345\" data-end=\"359\">Jellemz\u0151k:<\/strong> ropog\u00f3s, csokol\u00e1d\u00e9darabok, sz\u00ednes drazs\u00e9<br data-start=\"400\" data-end=\"403\" \/><strong data-start=\"403\" data-end=\"416\">Aj\u00e1nlott:<\/strong> h\u00e1ztart\u00e1sokba, gyerekeknek, irod\u00e1kba, \u00e9des nassolnival\u00f3nak<\/p>\n","protected":false},"excerpt":{"rendered":"<p>Ropog\u00f3s \u00e9s vid\u00e1m \u00e9dess\u00e9g minden alkalomra! A COOKIES SMILE finom kekszeket k\u00edn\u00e1l csokol\u00e1d\u00e9darabokkal \u00e9s sz\u00ednes drazs\u00e9val, amelyek gyerekeknek \u00e9s feln\u0151tteknek egyar\u00e1nt \u00f6r\u00f6met szereznek. T\u00f6k\u00e9letes tea vagy k\u00e1v\u00e9 mell\u00e9, illetve egy kis \u00e9des jutalomk\u00e9nt. T\u00f6meg: 225 gCsomagol\u00e1s: 24 db \/ kartonT\u00edpus: csokol\u00e1d\u00e9s\u2013drazs\u00e9s kekszJellemz\u0151k: ropog\u00f3s, csokol\u00e1d\u00e9darabok, sz\u00ednes drazs\u00e9Aj\u00e1nlott: h\u00e1ztart\u00e1sokba, gyerekeknek, irod\u00e1kba, \u00e9des nassolnival\u00f3nak<\/p>\n","protected":false},"featured_media":14626,"template":"","meta":[],"product_brand":[],"product_cat":[344],"product_tag":[],"class_list":{"0":"post-17679","1":"product","2":"type-product","3":"status-publish","4":"has-post-thumbnail","6":"product_cat-cukraszati-termekek","8":"first","9":"instock","10":"taxable","11":"shipping-taxable","12":"purchasable","13":"product-type-simple"},"_links":{"self":[{"href":"https:\/\/perfettohome.sk\/hu\/wp-json\/wp\/v2\/product\/17679","targetHints":{"allow":["GET"]}}],"collection":[{"href":"https:\/\/perfettohome.sk\/hu\/wp-json\/wp\/v2\/product"}],"about":[{"href":"https:\/\/perfettohome.sk\/hu\/wp-json\/wp\/v2\/types\/product"}],"wp:featuredmedia":[{"embeddable":true,"href":"https:\/\/perfettohome.sk\/hu\/wp-json\/wp\/v2\/media\/14626"}],"wp:attachment":[{"href":"https:\/\/perfettohome.sk\/hu\/wp-json\/wp\/v2\/media?parent=17679"}],"wp:term":[{"taxonomy":"product_brand","embeddable":true,"href":"https:\/\/perfettohome.sk\/hu\/wp-json\/wp\/v2\/product_brand?post=17679"},{"taxonomy":"product_cat","embeddable":true,"href":"https:\/\/perfettohome.sk\/hu\/wp-json\/wp\/v2\/product_cat?post=17679"},{"taxonomy":"product_tag","embeddable":true,"href":"https:\/\/perfettohome.sk\/hu\/wp-json\/wp\/v2\/product_tag?post=17679"}],"curies":[{"name":"wp","href":"https:\/\/api.w.org\/{rel}","templated":true}]}}