{"id":17691,"date":"2025-10-16T13:23:37","date_gmt":"2025-10-16T11:23:37","guid":{"rendered":"https:\/\/perfettohome.sk\/?post_type=product&#038;p=17691"},"modified":"2025-12-16T12:52:05","modified_gmt":"2025-12-16T11:52:05","slug":"mezeskalacs-szilvas-toltelekkel-mazzal-150-g","status":"publish","type":"product","link":"https:\/\/perfettohome.sk\/hu\/produkt\/mezeskalacs-szilvas-toltelekkel-mazzal-150-g\/","title":{"rendered":"M\u00e9zeskal\u00e1cs szilv\u00e1s t\u00f6ltel\u00e9kkel, m\u00e1zzal 150 g"},"content":{"rendered":"<p>M\u00e9zeskal\u00e1cs szilv\u00e1s t\u00f6ltel\u00e9kkel, m\u00e1zzal \u00f6tv\u00f6zi a hagyom\u00e1nyos m\u00e9zeskal\u00e1cs \u00edz\u00e9t a gy\u00fcm\u00f6lcs\u00f6s szilv\u00e1s t\u00f6ltel\u00e9kkel \u00e9s a l\u00e1gy m\u00e1zzal. T\u00f6k\u00e9letes kis \u00e9des jutalomk\u00e9nt, tea vagy k\u00e1v\u00e9 mell\u00e9, illetve aj\u00e1nd\u00e9knak szeretteinknek.<\/p>\n<p>T\u00f6meg: 150 g<br \/>\nCsomagol\u00e1s: 14 db \/ karton<br \/>\nT\u00edpus: gy\u00fcm\u00f6lcst\u00f6ltel\u00e9kes m\u00e9zeskal\u00e1cs m\u00e1zzal<br \/>\nJellemz\u0151k: \u00e9des, finom m\u00e9zeskal\u00e1cs \u00edz, gy\u00fcm\u00f6lcst\u00f6ltel\u00e9k, m\u00e1z<br \/>\nAj\u00e1nlott: h\u00e1ztart\u00e1sokba, \u00fcnneps\u00e9gekre, \u00e9des nassolnival\u00f3nak, aj\u00e1nd\u00e9knak<\/p>\n","protected":false},"excerpt":{"rendered":"<p>M\u00e9zeskal\u00e1cs szilv\u00e1s t\u00f6ltel\u00e9kkel, m\u00e1zzal \u00f6tv\u00f6zi a hagyom\u00e1nyos m\u00e9zeskal\u00e1cs \u00edz\u00e9t a gy\u00fcm\u00f6lcs\u00f6s szilv\u00e1s t\u00f6ltel\u00e9kkel \u00e9s a l\u00e1gy m\u00e1zzal. T\u00f6k\u00e9letes kis \u00e9des jutalomk\u00e9nt, tea vagy k\u00e1v\u00e9 mell\u00e9, illetve aj\u00e1nd\u00e9knak szeretteinknek. T\u00f6meg: 150 g Csomagol\u00e1s: 14 db \/ karton T\u00edpus: gy\u00fcm\u00f6lcst\u00f6ltel\u00e9kes m\u00e9zeskal\u00e1cs m\u00e1zzal Jellemz\u0151k: \u00e9des, finom m\u00e9zeskal\u00e1cs \u00edz, gy\u00fcm\u00f6lcst\u00f6ltel\u00e9k, m\u00e1z Aj\u00e1nlott: h\u00e1ztart\u00e1sokba, \u00fcnneps\u00e9gekre, \u00e9des nassolnival\u00f3nak, aj\u00e1nd\u00e9knak<\/p>\n","protected":false},"featured_media":14722,"template":"","meta":[],"product_brand":[],"product_cat":[344],"product_tag":[],"class_list":{"0":"post-17691","1":"product","2":"type-product","3":"status-publish","4":"has-post-thumbnail","6":"product_cat-cukraszati-termekek","8":"first","9":"instock","10":"taxable","11":"shipping-taxable","12":"purchasable","13":"product-type-simple"},"_links":{"self":[{"href":"https:\/\/perfettohome.sk\/hu\/wp-json\/wp\/v2\/product\/17691","targetHints":{"allow":["GET"]}}],"collection":[{"href":"https:\/\/perfettohome.sk\/hu\/wp-json\/wp\/v2\/product"}],"about":[{"href":"https:\/\/perfettohome.sk\/hu\/wp-json\/wp\/v2\/types\/product"}],"wp:featuredmedia":[{"embeddable":true,"href":"https:\/\/perfettohome.sk\/hu\/wp-json\/wp\/v2\/media\/14722"}],"wp:attachment":[{"href":"https:\/\/perfettohome.sk\/hu\/wp-json\/wp\/v2\/media?parent=17691"}],"wp:term":[{"taxonomy":"product_brand","embeddable":true,"href":"https:\/\/perfettohome.sk\/hu\/wp-json\/wp\/v2\/product_brand?post=17691"},{"taxonomy":"product_cat","embeddable":true,"href":"https:\/\/perfettohome.sk\/hu\/wp-json\/wp\/v2\/product_cat?post=17691"},{"taxonomy":"product_tag","embeddable":true,"href":"https:\/\/perfettohome.sk\/hu\/wp-json\/wp\/v2\/product_tag?post=17691"}],"curies":[{"name":"wp","href":"https:\/\/api.w.org\/{rel}","templated":true}]}}