{"id":17697,"date":"2025-10-16T13:38:51","date_gmt":"2025-10-16T11:38:51","guid":{"rendered":"https:\/\/perfettohome.sk\/?post_type=product&#038;p=17697"},"modified":"2026-02-09T12:07:34","modified_gmt":"2026-02-09T11:07:34","slug":"almas-rud-21-g-tartos-peksutemeny","status":"publish","type":"product","link":"https:\/\/perfettohome.sk\/hu\/produkt\/almas-rud-21-g-tartos-peksutemeny\/","title":{"rendered":"\u0160TR\u00daDLI\u010cKA JABLKOV\u00c1 21g (trvanliv\u00e9 pe\u010divo) 36&#215;5=180ks\/kart\u00f3n"},"content":{"rendered":"<p>\u00c9des csemege tele gy\u00fcm\u00f6lcs\u00f6s \u00edzzel! Az ALM\u00c1S R\u00daD finom, tart\u00f3s p\u00e9ks\u00fctem\u00e9ny alm\u00e1s t\u00f6ltel\u00e9kkel, t\u00f6k\u00e9letes tea vagy k\u00e1v\u00e9 mell\u00e9, illetve kis \u00e9des jutalomk\u00e9nt. A praktikus csomagol\u00e1s egyszer\u0171 t\u00e1rol\u00e1st \u00e9s gyors fogyaszt\u00e1st biztos\u00edt.<\/p>\n<p>T\u00f6meg: 21 g<br \/>\nCsomagol\u00e1s: 36 \u00d7 5 = 180 db \/ karton<br \/>\nT\u00edpus: alm\u00e1s t\u00f6ltel\u00e9kes tart\u00f3s p\u00e9ks\u00fctem\u00e9ny<br \/>\nJellemz\u0151k: \u00e9des, finom, gy\u00fcm\u00f6lcs\u00f6s \u00edz<br \/>\nAj\u00e1nlott: h\u00e1ztart\u00e1sokba, irod\u00e1kba, \u00e9des nassolnival\u00f3nak, iskol\u00e1kba<\/p>\n","protected":false},"excerpt":{"rendered":"<p>\u00c9des csemege tele gy\u00fcm\u00f6lcs\u00f6s \u00edzzel! Az ALM\u00c1S R\u00daD finom, tart\u00f3s p\u00e9ks\u00fctem\u00e9ny alm\u00e1s t\u00f6ltel\u00e9kkel, t\u00f6k\u00e9letes tea vagy k\u00e1v\u00e9 mell\u00e9, illetve kis \u00e9des jutalomk\u00e9nt. A praktikus csomagol\u00e1s egyszer\u0171 t\u00e1rol\u00e1st \u00e9s gyors fogyaszt\u00e1st biztos\u00edt. T\u00f6meg: 21 g Csomagol\u00e1s: 36 \u00d7 5 = 180 db \/ karton T\u00edpus: alm\u00e1s t\u00f6ltel\u00e9kes tart\u00f3s p\u00e9ks\u00fctem\u00e9ny Jellemz\u0151k: \u00e9des, finom, gy\u00fcm\u00f6lcs\u00f6s \u00edz Aj\u00e1nlott: h\u00e1ztart\u00e1sokba, [&hellip;]<\/p>\n","protected":false},"featured_media":14767,"template":"","meta":[],"product_brand":[],"product_cat":[344],"product_tag":[],"class_list":{"0":"post-17697","1":"product","2":"type-product","3":"status-publish","4":"has-post-thumbnail","6":"product_cat-cukraszati-termekek","8":"first","9":"instock","10":"taxable","11":"shipping-taxable","12":"purchasable","13":"product-type-simple"},"_links":{"self":[{"href":"https:\/\/perfettohome.sk\/hu\/wp-json\/wp\/v2\/product\/17697","targetHints":{"allow":["GET"]}}],"collection":[{"href":"https:\/\/perfettohome.sk\/hu\/wp-json\/wp\/v2\/product"}],"about":[{"href":"https:\/\/perfettohome.sk\/hu\/wp-json\/wp\/v2\/types\/product"}],"wp:featuredmedia":[{"embeddable":true,"href":"https:\/\/perfettohome.sk\/hu\/wp-json\/wp\/v2\/media\/14767"}],"wp:attachment":[{"href":"https:\/\/perfettohome.sk\/hu\/wp-json\/wp\/v2\/media?parent=17697"}],"wp:term":[{"taxonomy":"product_brand","embeddable":true,"href":"https:\/\/perfettohome.sk\/hu\/wp-json\/wp\/v2\/product_brand?post=17697"},{"taxonomy":"product_cat","embeddable":true,"href":"https:\/\/perfettohome.sk\/hu\/wp-json\/wp\/v2\/product_cat?post=17697"},{"taxonomy":"product_tag","embeddable":true,"href":"https:\/\/perfettohome.sk\/hu\/wp-json\/wp\/v2\/product_tag?post=17697"}],"curies":[{"name":"wp","href":"https:\/\/api.w.org\/{rel}","templated":true}]}}