{"id":17705,"date":"2025-10-16T13:38:53","date_gmt":"2025-10-16T11:38:53","guid":{"rendered":"https:\/\/perfettohome.sk\/?post_type=product&#038;p=17705"},"modified":"2025-12-16T13:08:00","modified_gmt":"2025-12-16T12:08:00","slug":"hop-siup-xxl-gyumolcstoltelekes-zsele-c-vitaminnal-850-g","status":"publish","type":"product","link":"https:\/\/perfettohome.sk\/hu\/produkt\/hop-siup-xxl-gyumolcstoltelekes-zsele-c-vitaminnal-850-g\/","title":{"rendered":"HOP SIUP XXL gy\u00fcm\u00f6lcst\u00f6ltel\u00e9kes zsel\u00e9 C-vitaminnal 850 g"},"content":{"rendered":"<p>\u00c9des \u00e9s l\u00e9d\u00fas finoms\u00e1g kicsiknek \u00e9s nagyoknak! A HOP SIUP XXL nagy, gy\u00fcm\u00f6lcst\u00f6ltel\u00e9kes zsel\u00e9t k\u00edn\u00e1l C-vitaminnal, amely t\u00e1mogatja az immunrendszert \u00e9s egyben k\u00e9nyezteti az \u00edzlel\u0151bimb\u00f3kat. T\u00f6k\u00e9letes kis jutalomk\u00e9nt, t\u00edz\u00f3raira vagy \u00fcnneps\u00e9gek \u00e9s partik kieg\u00e9sz\u00edt\u0151jek\u00e9nt.<\/p>\n<p>T\u00f6meg: 850 g<br \/>\nT\u00edpus: gy\u00fcm\u00f6lcst\u00f6ltel\u00e9kes zsel\u00e9 C-vitaminnal<br \/>\nJellemz\u0151k: nagy, l\u00e9d\u00fas, gy\u00fcm\u00f6lcs\u00f6s \u00edz, C-vitaminnal<br \/>\nAj\u00e1nlott: gyerekeknek, h\u00e1ztart\u00e1sokba, \u00fcnneps\u00e9gekre, \u00e9des nassolnival\u00f3nak<\/p>\n","protected":false},"excerpt":{"rendered":"<p>\u00c9des \u00e9s l\u00e9d\u00fas finoms\u00e1g kicsiknek \u00e9s nagyoknak! A HOP SIUP XXL nagy, gy\u00fcm\u00f6lcst\u00f6ltel\u00e9kes zsel\u00e9t k\u00edn\u00e1l C-vitaminnal, amely t\u00e1mogatja az immunrendszert \u00e9s egyben k\u00e9nyezteti az \u00edzlel\u0151bimb\u00f3kat. T\u00f6k\u00e9letes kis jutalomk\u00e9nt, t\u00edz\u00f3raira vagy \u00fcnneps\u00e9gek \u00e9s partik kieg\u00e9sz\u00edt\u0151jek\u00e9nt. T\u00f6meg: 850 g T\u00edpus: gy\u00fcm\u00f6lcst\u00f6ltel\u00e9kes zsel\u00e9 C-vitaminnal Jellemz\u0151k: nagy, l\u00e9d\u00fas, gy\u00fcm\u00f6lcs\u00f6s \u00edz, C-vitaminnal Aj\u00e1nlott: gyerekeknek, h\u00e1ztart\u00e1sokba, \u00fcnneps\u00e9gekre, \u00e9des nassolnival\u00f3nak<\/p>\n","protected":false},"featured_media":14653,"template":"","meta":[],"product_brand":[],"product_cat":[344],"product_tag":[],"class_list":{"0":"post-17705","1":"product","2":"type-product","3":"status-publish","4":"has-post-thumbnail","6":"product_cat-cukraszati-termekek","8":"first","9":"instock","10":"taxable","11":"shipping-taxable","12":"purchasable","13":"product-type-simple"},"_links":{"self":[{"href":"https:\/\/perfettohome.sk\/hu\/wp-json\/wp\/v2\/product\/17705","targetHints":{"allow":["GET"]}}],"collection":[{"href":"https:\/\/perfettohome.sk\/hu\/wp-json\/wp\/v2\/product"}],"about":[{"href":"https:\/\/perfettohome.sk\/hu\/wp-json\/wp\/v2\/types\/product"}],"wp:featuredmedia":[{"embeddable":true,"href":"https:\/\/perfettohome.sk\/hu\/wp-json\/wp\/v2\/media\/14653"}],"wp:attachment":[{"href":"https:\/\/perfettohome.sk\/hu\/wp-json\/wp\/v2\/media?parent=17705"}],"wp:term":[{"taxonomy":"product_brand","embeddable":true,"href":"https:\/\/perfettohome.sk\/hu\/wp-json\/wp\/v2\/product_brand?post=17705"},{"taxonomy":"product_cat","embeddable":true,"href":"https:\/\/perfettohome.sk\/hu\/wp-json\/wp\/v2\/product_cat?post=17705"},{"taxonomy":"product_tag","embeddable":true,"href":"https:\/\/perfettohome.sk\/hu\/wp-json\/wp\/v2\/product_tag?post=17705"}],"curies":[{"name":"wp","href":"https:\/\/api.w.org\/{rel}","templated":true}]}}