{"id":17707,"date":"2025-10-17T15:53:47","date_gmt":"2025-10-17T13:53:47","guid":{"rendered":"https:\/\/perfettohome.sk\/?post_type=product&#038;p=17707"},"modified":"2025-12-16T13:09:35","modified_gmt":"2025-12-16T12:09:35","slug":"bolsius-paraffin-betet-90-g-egesi-ido-34-ora","status":"publish","type":"product","link":"https:\/\/perfettohome.sk\/hu\/produkt\/bolsius-paraffin-betet-90-g-egesi-ido-34-ora\/","title":{"rendered":"Bolsius Paraffin Bet\u00e9t 90 g (\u00c9g\u00e9si id\u0151: 34 \u00f3ra)"},"content":{"rendered":"<p>Megb\u00edzhat\u00f3 f\u00e9nyforr\u00e1s hossz\u00fa \u00e9g\u00e9si id\u0151vel! A Bolsius paraffin bet\u00e9t \u00fcveg vagy f\u00e9m gyertyatart\u00f3khoz k\u00e9sz\u00fclt. A magas min\u0151s\u00e9g\u0171 paraffin tiszta \u00e9s egyenletes \u00e9g\u00e9st biztos\u00edt f\u00fcst \u00e9s szag n\u00e9lk\u00fcl. Ide\u00e1lis temet\u0151i, dekor\u00e1ci\u00f3s vagy k\u00fclt\u00e9ri gyerty\u00e1khoz.<\/p>\n<p>T\u00f6meg: 90 g<br \/>\n\u00c9g\u00e9si id\u0151: kb. 34 \u00f3ra<br \/>\nAnyag: min\u0151s\u00e9gi paraffin<br \/>\nAj\u00e1nlott: gyertyatart\u00f3khoz, l\u00e1mp\u00e1sokhoz, belt\u00e9ri \u00e9s k\u00fclt\u00e9ri haszn\u00e1latra<\/p>\n<p>Cikksz\u00e1m: 100720430300<\/p>\n","protected":false},"excerpt":{"rendered":"<p>Megb\u00edzhat\u00f3 f\u00e9nyforr\u00e1s hossz\u00fa \u00e9g\u00e9si id\u0151vel! A Bolsius paraffin bet\u00e9t \u00fcveg vagy f\u00e9m gyertyatart\u00f3khoz k\u00e9sz\u00fclt. A magas min\u0151s\u00e9g\u0171 paraffin tiszta \u00e9s egyenletes \u00e9g\u00e9st biztos\u00edt f\u00fcst \u00e9s szag n\u00e9lk\u00fcl. Ide\u00e1lis temet\u0151i, dekor\u00e1ci\u00f3s vagy k\u00fclt\u00e9ri gyerty\u00e1khoz. T\u00f6meg: 90 g \u00c9g\u00e9si id\u0151: kb. 34 \u00f3ra Anyag: min\u0151s\u00e9gi paraffin Aj\u00e1nlott: gyertyatart\u00f3khoz, l\u00e1mp\u00e1sokhoz, belt\u00e9ri \u00e9s k\u00fclt\u00e9ri haszn\u00e1latra Cikksz\u00e1m: 100720430300<\/p>\n","protected":false},"featured_media":17708,"template":"","meta":[],"product_brand":[254],"product_cat":[337],"product_tag":[],"class_list":{"0":"post-17707","1":"product","2":"type-product","3":"status-publish","4":"has-post-thumbnail","6":"product_brand-bolsius","7":"product_cat-kahance-hu-2","9":"first","10":"instock","11":"taxable","12":"shipping-taxable","13":"purchasable","14":"product-type-simple"},"_links":{"self":[{"href":"https:\/\/perfettohome.sk\/hu\/wp-json\/wp\/v2\/product\/17707","targetHints":{"allow":["GET"]}}],"collection":[{"href":"https:\/\/perfettohome.sk\/hu\/wp-json\/wp\/v2\/product"}],"about":[{"href":"https:\/\/perfettohome.sk\/hu\/wp-json\/wp\/v2\/types\/product"}],"wp:featuredmedia":[{"embeddable":true,"href":"https:\/\/perfettohome.sk\/hu\/wp-json\/wp\/v2\/media\/17708"}],"wp:attachment":[{"href":"https:\/\/perfettohome.sk\/hu\/wp-json\/wp\/v2\/media?parent=17707"}],"wp:term":[{"taxonomy":"product_brand","embeddable":true,"href":"https:\/\/perfettohome.sk\/hu\/wp-json\/wp\/v2\/product_brand?post=17707"},{"taxonomy":"product_cat","embeddable":true,"href":"https:\/\/perfettohome.sk\/hu\/wp-json\/wp\/v2\/product_cat?post=17707"},{"taxonomy":"product_tag","embeddable":true,"href":"https:\/\/perfettohome.sk\/hu\/wp-json\/wp\/v2\/product_tag?post=17707"}],"curies":[{"name":"wp","href":"https:\/\/api.w.org\/{rel}","templated":true}]}}