{"id":17716,"date":"2025-10-17T16:08:41","date_gmt":"2025-10-17T14:08:41","guid":{"rendered":"https:\/\/perfettohome.sk\/?post_type=product&#038;p=17716"},"modified":"2025-12-16T13:14:34","modified_gmt":"2025-12-16T12:14:34","slug":"bolsius-paraffin-betet-468-g-egesi-ido-135-ora","status":"publish","type":"product","link":"https:\/\/perfettohome.sk\/hu\/produkt\/bolsius-paraffin-betet-468-g-egesi-ido-135-ora\/","title":{"rendered":"Bolsius Paraffin Bet\u00e9t 468 g (\u00c9g\u00e9si id\u0151: 135 \u00f3ra)"},"content":{"rendered":"<p>Extra hossz\u00fa \u00e9g\u00e9sid\u0151 \u00e9s megb\u00edzhat\u00f3 min\u0151s\u00e9g! A Bolsius paraffin bet\u00e9t kiv\u00e1l\u00f3 min\u0151s\u00e9g\u0171 paraffinb\u00f3l k\u00e9sz\u00fcl, amely egyenletes \u00e9g\u00e9st biztos\u00edt f\u00fcst \u00e9s kellemetlen szag n\u00e9lk\u00fcl. Ak\u00e1r 135 \u00f3r\u00e1n \u00e1t tiszta l\u00e1ngot ny\u00fajt, \u00edgy ide\u00e1lis temet\u0151i gyertyatart\u00f3khoz, l\u00e1mp\u00e1sokhoz \u00e9s k\u00fclt\u00e9ri haszn\u00e1latra.<\/p>\n<p>T\u00f6meg: 468 g<br \/>\n\u00c9g\u00e9si id\u0151: kb. 135 \u00f3ra<br \/>\nAnyag: min\u0151s\u00e9gi paraffin<br \/>\nJellemz\u0151k: hossz\u00fa \u00e9g\u00e9sid\u0151, tiszta \u00e9g\u00e9s, f\u00fcst- \u00e9s szagmentes<br \/>\nAj\u00e1nlott: gyertyatart\u00f3khoz, l\u00e1mp\u00e1sokhoz, belt\u00e9ri \u00e9s k\u00fclt\u00e9ri haszn\u00e1latra<\/p>\n<p>100720640300<\/p>\n","protected":false},"excerpt":{"rendered":"<p>Extra hossz\u00fa \u00e9g\u00e9sid\u0151 \u00e9s megb\u00edzhat\u00f3 min\u0151s\u00e9g! A Bolsius paraffin bet\u00e9t kiv\u00e1l\u00f3 min\u0151s\u00e9g\u0171 paraffinb\u00f3l k\u00e9sz\u00fcl, amely egyenletes \u00e9g\u00e9st biztos\u00edt f\u00fcst \u00e9s kellemetlen szag n\u00e9lk\u00fcl. Ak\u00e1r 135 \u00f3r\u00e1n \u00e1t tiszta l\u00e1ngot ny\u00fajt, \u00edgy ide\u00e1lis temet\u0151i gyertyatart\u00f3khoz, l\u00e1mp\u00e1sokhoz \u00e9s k\u00fclt\u00e9ri haszn\u00e1latra. T\u00f6meg: 468 g \u00c9g\u00e9si id\u0151: kb. 135 \u00f3ra Anyag: min\u0151s\u00e9gi paraffin Jellemz\u0151k: hossz\u00fa \u00e9g\u00e9sid\u0151, tiszta \u00e9g\u00e9s, f\u00fcst- [&hellip;]<\/p>\n","protected":false},"featured_media":17718,"template":"","meta":[],"product_brand":[254],"product_cat":[337],"product_tag":[],"class_list":{"0":"post-17716","1":"product","2":"type-product","3":"status-publish","4":"has-post-thumbnail","6":"product_brand-bolsius","7":"product_cat-kahance-hu-2","9":"first","10":"instock","11":"taxable","12":"shipping-taxable","13":"purchasable","14":"product-type-simple"},"_links":{"self":[{"href":"https:\/\/perfettohome.sk\/hu\/wp-json\/wp\/v2\/product\/17716","targetHints":{"allow":["GET"]}}],"collection":[{"href":"https:\/\/perfettohome.sk\/hu\/wp-json\/wp\/v2\/product"}],"about":[{"href":"https:\/\/perfettohome.sk\/hu\/wp-json\/wp\/v2\/types\/product"}],"wp:featuredmedia":[{"embeddable":true,"href":"https:\/\/perfettohome.sk\/hu\/wp-json\/wp\/v2\/media\/17718"}],"wp:attachment":[{"href":"https:\/\/perfettohome.sk\/hu\/wp-json\/wp\/v2\/media?parent=17716"}],"wp:term":[{"taxonomy":"product_brand","embeddable":true,"href":"https:\/\/perfettohome.sk\/hu\/wp-json\/wp\/v2\/product_brand?post=17716"},{"taxonomy":"product_cat","embeddable":true,"href":"https:\/\/perfettohome.sk\/hu\/wp-json\/wp\/v2\/product_cat?post=17716"},{"taxonomy":"product_tag","embeddable":true,"href":"https:\/\/perfettohome.sk\/hu\/wp-json\/wp\/v2\/product_tag?post=17716"}],"curies":[{"name":"wp","href":"https:\/\/api.w.org\/{rel}","templated":true}]}}