{"id":17729,"date":"2025-10-17T16:08:43","date_gmt":"2025-10-17T14:08:43","guid":{"rendered":"https:\/\/perfettohome.sk\/?post_type=product&#038;p=17729"},"modified":"2025-12-16T13:20:58","modified_gmt":"2025-12-16T12:20:58","slug":"bolsius-mecses-maria-motivummal-egesi-ido-70-ora","status":"publish","type":"product","link":"https:\/\/perfettohome.sk\/hu\/produkt\/bolsius-mecses-maria-motivummal-egesi-ido-70-ora\/","title":{"rendered":"Bolsius m\u00e9cses Maria mot\u00edvummal (\u00c9g\u00e9si id\u0151: 70 \u00f3ra)"},"content":{"rendered":"<p>Tisztelet \u00e9s eml\u00e9kez\u00e9s szimb\u00f3luma eleg\u00e1ns kivitelben. A Bolsius s\u00edrgyertya Maria mot\u00edvummal ak\u00e1r 70 \u00f3r\u00e1n \u00e1t biztos\u00edt nyugodt, stabil f\u00e9nyt. Kiv\u00e1l\u00f3 min\u0151s\u00e9g\u0171 paraffinb\u00f3l k\u00e9sz\u00fcl, amely egyenletesen \u00e9g, f\u00fcst- \u00e9s szagmentesen. A dekorat\u00edv, vall\u00e1sos mot\u00edvummal ell\u00e1tott burkolat m\u00e9lt\u00f3s\u00e1gteljes megjelen\u00e9st k\u00f6lcs\u00f6n\u00f6z, \u00edgy ide\u00e1lis s\u00edrokhoz \u00e9s eml\u00e9km\u0171vekhez.<\/p>\n<p>\u00c9g\u00e9si id\u0151: kb. 70 \u00f3ra<br \/>\nMot\u00edvum: M\u00e1ria<br \/>\nAnyag: min\u0151s\u00e9gi paraffin<br \/>\nHaszn\u00e1lat: temet\u0151i gyertyatart\u00f3khoz, eml\u00e9km\u0171vekhez, k\u00fclt\u00e9ri haszn\u00e1latra<br \/>\nJellemz\u0151k: tiszta \u00e9g\u00e9s, hossz\u00fa \u00e9lettartam, eszt\u00e9tikus design<\/p>\n<p>103621599900<\/p>\n","protected":false},"excerpt":{"rendered":"<p>Tisztelet \u00e9s eml\u00e9kez\u00e9s szimb\u00f3luma eleg\u00e1ns kivitelben. A Bolsius s\u00edrgyertya Maria mot\u00edvummal ak\u00e1r 70 \u00f3r\u00e1n \u00e1t biztos\u00edt nyugodt, stabil f\u00e9nyt. Kiv\u00e1l\u00f3 min\u0151s\u00e9g\u0171 paraffinb\u00f3l k\u00e9sz\u00fcl, amely egyenletesen \u00e9g, f\u00fcst- \u00e9s szagmentesen. A dekorat\u00edv, vall\u00e1sos mot\u00edvummal ell\u00e1tott burkolat m\u00e9lt\u00f3s\u00e1gteljes megjelen\u00e9st k\u00f6lcs\u00f6n\u00f6z, \u00edgy ide\u00e1lis s\u00edrokhoz \u00e9s eml\u00e9km\u0171vekhez. \u00c9g\u00e9si id\u0151: kb. 70 \u00f3ra Mot\u00edvum: M\u00e1ria Anyag: min\u0151s\u00e9gi paraffin Haszn\u00e1lat: temet\u0151i [&hellip;]<\/p>\n","protected":false},"featured_media":17730,"template":"","meta":[],"product_brand":[254],"product_cat":[337],"product_tag":[],"class_list":{"0":"post-17729","1":"product","2":"type-product","3":"status-publish","4":"has-post-thumbnail","6":"product_brand-bolsius","7":"product_cat-kahance-hu-2","9":"first","10":"instock","11":"taxable","12":"shipping-taxable","13":"purchasable","14":"product-type-simple"},"_links":{"self":[{"href":"https:\/\/perfettohome.sk\/hu\/wp-json\/wp\/v2\/product\/17729","targetHints":{"allow":["GET"]}}],"collection":[{"href":"https:\/\/perfettohome.sk\/hu\/wp-json\/wp\/v2\/product"}],"about":[{"href":"https:\/\/perfettohome.sk\/hu\/wp-json\/wp\/v2\/types\/product"}],"wp:featuredmedia":[{"embeddable":true,"href":"https:\/\/perfettohome.sk\/hu\/wp-json\/wp\/v2\/media\/17730"}],"wp:attachment":[{"href":"https:\/\/perfettohome.sk\/hu\/wp-json\/wp\/v2\/media?parent=17729"}],"wp:term":[{"taxonomy":"product_brand","embeddable":true,"href":"https:\/\/perfettohome.sk\/hu\/wp-json\/wp\/v2\/product_brand?post=17729"},{"taxonomy":"product_cat","embeddable":true,"href":"https:\/\/perfettohome.sk\/hu\/wp-json\/wp\/v2\/product_cat?post=17729"},{"taxonomy":"product_tag","embeddable":true,"href":"https:\/\/perfettohome.sk\/hu\/wp-json\/wp\/v2\/product_tag?post=17729"}],"curies":[{"name":"wp","href":"https:\/\/api.w.org\/{rel}","templated":true}]}}