{"id":17737,"date":"2025-10-17T16:08:44","date_gmt":"2025-10-17T14:08:44","guid":{"rendered":"https:\/\/perfettohome.sk\/?post_type=product&#038;p=17737"},"modified":"2026-04-01T17:39:58","modified_gmt":"2026-04-01T15:39:58","slug":"bolsius-mecses-heaven-motivummal-egesi-ido-70-ora","status":"publish","type":"product","link":"https:\/\/perfettohome.sk\/hu\/produkt\/bolsius-mecses-heaven-motivummal-egesi-ido-70-ora\/","title":{"rendered":"Bolsius M\u00e9cses Heaven mot\u00edvummal (\u00c9g\u00e9si id\u0151: 70 \u00f3ra)"},"content":{"rendered":"<p>Eleg\u00e1ns s\u00edrgyertya Heaven mot\u00edvummal, amely a nyugalmat, f\u00e9nyt \u00e9s szeretteink eml\u00e9k\u00e9t szimboliz\u00e1lja. A Bolsius Heaven gyertya kiv\u00e1l\u00f3 min\u0151s\u00e9g\u0171 kivitelez\u00e9s\u00e9nek \u00e9s megb\u00edzhat\u00f3 kan\u00f3cnak k\u00f6sz\u00f6nhet\u0151en ak\u00e1r 70 \u00f3r\u00e1n \u00e1t egyenletesen \u00e9g. A finom, \u00e9gi mot\u00edvummal ell\u00e1tott diz\u00e1jn tiszteletteljes \u00e9s m\u00e9lt\u00f3s\u00e1gteljes hangulatot teremt minden eml\u00e9khelyen.<\/p>\n<p>\u00c9g\u00e9si id\u0151: kb. 70 \u00f3ra<br \/>\nMot\u00edvum: Heaven<br \/>\nT\u00edpus: s\u00edrgyertya<br \/>\nJellemz\u0151k: egyenletes \u00e9g\u00e9s, hossz\u00fa \u00e9lettartam, eleg\u00e1ns diz\u00e1jn<br \/>\nAj\u00e1nlott: temet\u0151kbe, eml\u00e9khelyekre, megeml\u00e9kez\u00e9sekhez<\/p>\n","protected":false},"excerpt":{"rendered":"<p>Eleg\u00e1ns s\u00edrgyertya Heaven mot\u00edvummal, amely a nyugalmat, f\u00e9nyt \u00e9s szeretteink eml\u00e9k\u00e9t szimboliz\u00e1lja. A Bolsius Heaven gyertya kiv\u00e1l\u00f3 min\u0151s\u00e9g\u0171 kivitelez\u00e9s\u00e9nek \u00e9s megb\u00edzhat\u00f3 kan\u00f3cnak k\u00f6sz\u00f6nhet\u0151en ak\u00e1r 70 \u00f3r\u00e1n \u00e1t egyenletesen \u00e9g. A finom, \u00e9gi mot\u00edvummal ell\u00e1tott diz\u00e1jn tiszteletteljes \u00e9s m\u00e9lt\u00f3s\u00e1gteljes hangulatot teremt minden eml\u00e9khelyen. \u00c9g\u00e9si id\u0151: kb. 70 \u00f3ra Mot\u00edvum: Heaven T\u00edpus: s\u00edrgyertya Jellemz\u0151k: egyenletes \u00e9g\u00e9s, hossz\u00fa [&hellip;]<\/p>\n","protected":false},"featured_media":17738,"template":"","meta":[],"product_brand":[254],"product_cat":[337],"product_tag":[],"class_list":{"0":"post-17737","1":"product","2":"type-product","3":"status-publish","4":"has-post-thumbnail","6":"product_brand-bolsius","7":"product_cat-kahance-hu-2","9":"first","10":"instock","11":"taxable","12":"shipping-taxable","13":"purchasable","14":"product-type-simple"},"_links":{"self":[{"href":"https:\/\/perfettohome.sk\/hu\/wp-json\/wp\/v2\/product\/17737","targetHints":{"allow":["GET"]}}],"collection":[{"href":"https:\/\/perfettohome.sk\/hu\/wp-json\/wp\/v2\/product"}],"about":[{"href":"https:\/\/perfettohome.sk\/hu\/wp-json\/wp\/v2\/types\/product"}],"wp:featuredmedia":[{"embeddable":true,"href":"https:\/\/perfettohome.sk\/hu\/wp-json\/wp\/v2\/media\/17738"}],"wp:attachment":[{"href":"https:\/\/perfettohome.sk\/hu\/wp-json\/wp\/v2\/media?parent=17737"}],"wp:term":[{"taxonomy":"product_brand","embeddable":true,"href":"https:\/\/perfettohome.sk\/hu\/wp-json\/wp\/v2\/product_brand?post=17737"},{"taxonomy":"product_cat","embeddable":true,"href":"https:\/\/perfettohome.sk\/hu\/wp-json\/wp\/v2\/product_cat?post=17737"},{"taxonomy":"product_tag","embeddable":true,"href":"https:\/\/perfettohome.sk\/hu\/wp-json\/wp\/v2\/product_tag?post=17737"}],"curies":[{"name":"wp","href":"https:\/\/api.w.org\/{rel}","templated":true}]}}