{"id":17743,"date":"2025-10-20T12:08:53","date_gmt":"2025-10-20T10:08:53","guid":{"rendered":"https:\/\/perfettohome.sk\/?post_type=product&#038;p=17743"},"modified":"2025-12-16T13:31:55","modified_gmt":"2025-12-16T12:31:55","slug":"bolsius-mecses-egesi-ido-50-ora","status":"publish","type":"product","link":"https:\/\/perfettohome.sk\/hu\/produkt\/bolsius-mecses-egesi-ido-50-ora\/","title":{"rendered":"Bolsius m\u00e9cses (\u00c9g\u00e9si id\u0151: 50 \u00f3ra)"},"content":{"rendered":"<p>Hagyom\u00e1nyos \u00e9s megb\u00edzhat\u00f3 Bolsius s\u00edrgyertya, amely ak\u00e1r 50 \u00f3r\u00e1n \u00e1t biztos\u00edt tiszta, stabil \u00e9g\u00e9st. Minden eml\u00e9k- \u00e9s tisztelethelyre alkalmas, nyugodt f\u00e9nyt \u00e9s az eml\u00e9kez\u00e9s szimbolik\u00e1j\u00e1t ny\u00fajtja. A kiv\u00e1l\u00f3 min\u0151s\u00e9g\u0171 viasz \u00e9s a massz\u00edv kan\u00f3c egyenletes \u00e9g\u00e9st biztos\u00edt m\u00e9g kedvez\u0151tlen id\u0151j\u00e1r\u00e1si k\u00f6r\u00fclm\u00e9nyek k\u00f6z\u00f6tt is.<\/p>\n<p>\u00c9g\u00e9si id\u0151: kb. 50 \u00f3ra<br \/>\nT\u00edpus: s\u00edrgyertya<br \/>\nJellemz\u0151k: hossz\u00fa \u00e9g\u00e9sid\u0151, egyenletes \u00e9g\u00e9s, sz\u00e9l\u00e1ll\u00f3<br \/>\nAj\u00e1nlott: temet\u0151kbe, eml\u00e9khelyekre, megeml\u00e9kez\u00e9sekhez<\/p>\n","protected":false},"excerpt":{"rendered":"<p>Hagyom\u00e1nyos \u00e9s megb\u00edzhat\u00f3 Bolsius s\u00edrgyertya, amely ak\u00e1r 50 \u00f3r\u00e1n \u00e1t biztos\u00edt tiszta, stabil \u00e9g\u00e9st. Minden eml\u00e9k- \u00e9s tisztelethelyre alkalmas, nyugodt f\u00e9nyt \u00e9s az eml\u00e9kez\u00e9s szimbolik\u00e1j\u00e1t ny\u00fajtja. A kiv\u00e1l\u00f3 min\u0151s\u00e9g\u0171 viasz \u00e9s a massz\u00edv kan\u00f3c egyenletes \u00e9g\u00e9st biztos\u00edt m\u00e9g kedvez\u0151tlen id\u0151j\u00e1r\u00e1si k\u00f6r\u00fclm\u00e9nyek k\u00f6z\u00f6tt is. \u00c9g\u00e9si id\u0151: kb. 50 \u00f3ra T\u00edpus: s\u00edrgyertya Jellemz\u0151k: hossz\u00fa \u00e9g\u00e9sid\u0151, egyenletes \u00e9g\u00e9s, [&hellip;]<\/p>\n","protected":false},"featured_media":17744,"template":"","meta":[],"product_brand":[254],"product_cat":[337],"product_tag":[],"class_list":{"0":"post-17743","1":"product","2":"type-product","3":"status-publish","4":"has-post-thumbnail","6":"product_brand-bolsius","7":"product_cat-kahance-hu-2","9":"first","10":"instock","11":"taxable","12":"shipping-taxable","13":"purchasable","14":"product-type-simple"},"_links":{"self":[{"href":"https:\/\/perfettohome.sk\/hu\/wp-json\/wp\/v2\/product\/17743","targetHints":{"allow":["GET"]}}],"collection":[{"href":"https:\/\/perfettohome.sk\/hu\/wp-json\/wp\/v2\/product"}],"about":[{"href":"https:\/\/perfettohome.sk\/hu\/wp-json\/wp\/v2\/types\/product"}],"wp:featuredmedia":[{"embeddable":true,"href":"https:\/\/perfettohome.sk\/hu\/wp-json\/wp\/v2\/media\/17744"}],"wp:attachment":[{"href":"https:\/\/perfettohome.sk\/hu\/wp-json\/wp\/v2\/media?parent=17743"}],"wp:term":[{"taxonomy":"product_brand","embeddable":true,"href":"https:\/\/perfettohome.sk\/hu\/wp-json\/wp\/v2\/product_brand?post=17743"},{"taxonomy":"product_cat","embeddable":true,"href":"https:\/\/perfettohome.sk\/hu\/wp-json\/wp\/v2\/product_cat?post=17743"},{"taxonomy":"product_tag","embeddable":true,"href":"https:\/\/perfettohome.sk\/hu\/wp-json\/wp\/v2\/product_tag?post=17743"}],"curies":[{"name":"wp","href":"https:\/\/api.w.org\/{rel}","templated":true}]}}