{"id":17746,"date":"2025-10-22T10:23:43","date_gmt":"2025-10-22T08:23:43","guid":{"rendered":"https:\/\/perfettohome.sk\/?post_type=product&#038;p=17746"},"modified":"2025-12-16T13:33:28","modified_gmt":"2025-12-16T12:33:28","slug":"cherry-passion-gift-147-g-maslival-cseresznye-izu","status":"publish","type":"product","link":"https:\/\/perfettohome.sk\/hu\/produkt\/cherry-passion-gift-147-g-maslival-cseresznye-izu\/","title":{"rendered":"CHERRY PASSION GIFT 147 g \u2013 maslival, cseresznye \u00edz\u0171"},"content":{"rendered":"<p>\u00c9des \u00e9s eleg\u00e1ns csemege csokol\u00e1d\u00e9- \u00e9s gy\u00fcm\u00f6lcsrajong\u00f3knak! A CHERRY PASSION GIFT \u00edzletes csokol\u00e1d\u00e9t k\u00edn\u00e1l l\u00e9d\u00fas csereszny\u00e9s t\u00f6ltel\u00e9kkel, dekorat\u00edv maslival kieg\u00e9sz\u00edtve. T\u00f6k\u00e9letes aj\u00e1nd\u00e9knak, kis jutalomnak vagy desszert \u00e9s k\u00e1v\u00e9 kieg\u00e9sz\u00edt\u0151jek\u00e9nt.<\/p>\n<p>T\u00f6meg: 147 g<br \/>\nT\u00edpus: csokol\u00e1d\u00e9 csereszny\u00e9s t\u00f6ltel\u00e9kkel<br \/>\nJellemz\u0151k: finom csokol\u00e1d\u00e9, gy\u00fcm\u00f6lcs\u00f6s t\u00f6ltel\u00e9k, eleg\u00e1ns csomagol\u00e1s masnival<br \/>\nAj\u00e1nlott: feln\u0151tteknek, h\u00e1ztart\u00e1sokba, aj\u00e1nd\u00e9knak, \u00e9des nassolnival\u00f3nak<\/p>\n","protected":false},"excerpt":{"rendered":"<p>\u00c9des \u00e9s eleg\u00e1ns csemege csokol\u00e1d\u00e9- \u00e9s gy\u00fcm\u00f6lcsrajong\u00f3knak! A CHERRY PASSION GIFT \u00edzletes csokol\u00e1d\u00e9t k\u00edn\u00e1l l\u00e9d\u00fas csereszny\u00e9s t\u00f6ltel\u00e9kkel, dekorat\u00edv maslival kieg\u00e9sz\u00edtve. T\u00f6k\u00e9letes aj\u00e1nd\u00e9knak, kis jutalomnak vagy desszert \u00e9s k\u00e1v\u00e9 kieg\u00e9sz\u00edt\u0151jek\u00e9nt. T\u00f6meg: 147 g T\u00edpus: csokol\u00e1d\u00e9 csereszny\u00e9s t\u00f6ltel\u00e9kkel Jellemz\u0151k: finom csokol\u00e1d\u00e9, gy\u00fcm\u00f6lcs\u00f6s t\u00f6ltel\u00e9k, eleg\u00e1ns csomagol\u00e1s masnival Aj\u00e1nlott: feln\u0151tteknek, h\u00e1ztart\u00e1sokba, aj\u00e1nd\u00e9knak, \u00e9des nassolnival\u00f3nak<\/p>\n","protected":false},"featured_media":14659,"template":"","meta":[],"product_brand":[],"product_cat":[344],"product_tag":[],"class_list":{"0":"post-17746","1":"product","2":"type-product","3":"status-publish","4":"has-post-thumbnail","6":"product_cat-cukraszati-termekek","8":"first","9":"instock","10":"taxable","11":"shipping-taxable","12":"purchasable","13":"product-type-simple"},"_links":{"self":[{"href":"https:\/\/perfettohome.sk\/hu\/wp-json\/wp\/v2\/product\/17746","targetHints":{"allow":["GET"]}}],"collection":[{"href":"https:\/\/perfettohome.sk\/hu\/wp-json\/wp\/v2\/product"}],"about":[{"href":"https:\/\/perfettohome.sk\/hu\/wp-json\/wp\/v2\/types\/product"}],"wp:featuredmedia":[{"embeddable":true,"href":"https:\/\/perfettohome.sk\/hu\/wp-json\/wp\/v2\/media\/14659"}],"wp:attachment":[{"href":"https:\/\/perfettohome.sk\/hu\/wp-json\/wp\/v2\/media?parent=17746"}],"wp:term":[{"taxonomy":"product_brand","embeddable":true,"href":"https:\/\/perfettohome.sk\/hu\/wp-json\/wp\/v2\/product_brand?post=17746"},{"taxonomy":"product_cat","embeddable":true,"href":"https:\/\/perfettohome.sk\/hu\/wp-json\/wp\/v2\/product_cat?post=17746"},{"taxonomy":"product_tag","embeddable":true,"href":"https:\/\/perfettohome.sk\/hu\/wp-json\/wp\/v2\/product_tag?post=17746"}],"curies":[{"name":"wp","href":"https:\/\/api.w.org\/{rel}","templated":true}]}}