{"id":17750,"date":"2025-10-22T10:23:44","date_gmt":"2025-10-22T08:23:44","guid":{"rendered":"https:\/\/perfettohome.sk\/?post_type=product&#038;p=17750"},"modified":"2025-12-16T13:39:45","modified_gmt":"2025-12-16T12:39:45","slug":"taska-exclusive-cseresznye-alkohollal-285-g","status":"publish","type":"product","link":"https:\/\/perfettohome.sk\/hu\/produkt\/taska-exclusive-cseresznye-alkohollal-285-g\/","title":{"rendered":"T\u00c1SKA EXCLUSIVE \u2013 cseresznye alkohollal 285 g"},"content":{"rendered":"<p>Luxusos, \u00e9des csemege az ig\u00e9nyeseknek! A T\u00c1SKA EXCLUSIVE zamatos, min\u0151s\u00e9gi alkoholba \u00e1ztatott csereszny\u00e9t k\u00edn\u00e1l eleg\u00e1ns csomagol\u00e1sban. T\u00f6k\u00e9letes aj\u00e1nd\u00e9knak, kis jutalomnak feln\u0151tteknek, vagy desszert \u00e9s k\u00e1v\u00e9 kieg\u00e9sz\u00edt\u0151jek\u00e9nt.<\/p>\n<p>T\u00f6meg: 285 g<br \/>\nT\u00edpus: alkoholos cseresznye<br \/>\nJellemz\u0151k: zamatos, arom\u00e1s, eleg\u00e1ns csomagol\u00e1s<br \/>\nAj\u00e1nlott: feln\u0151tteknek, h\u00e1ztart\u00e1sokba, aj\u00e1nd\u00e9knak, \u00e9des nassolnival\u00f3nak<\/p>\n","protected":false},"excerpt":{"rendered":"<p>Luxusos, \u00e9des csemege az ig\u00e9nyeseknek! A T\u00c1SKA EXCLUSIVE zamatos, min\u0151s\u00e9gi alkoholba \u00e1ztatott csereszny\u00e9t k\u00edn\u00e1l eleg\u00e1ns csomagol\u00e1sban. T\u00f6k\u00e9letes aj\u00e1nd\u00e9knak, kis jutalomnak feln\u0151tteknek, vagy desszert \u00e9s k\u00e1v\u00e9 kieg\u00e9sz\u00edt\u0151jek\u00e9nt. T\u00f6meg: 285 g T\u00edpus: alkoholos cseresznye Jellemz\u0151k: zamatos, arom\u00e1s, eleg\u00e1ns csomagol\u00e1s Aj\u00e1nlott: feln\u0151tteknek, h\u00e1ztart\u00e1sokba, aj\u00e1nd\u00e9knak, \u00e9des nassolnival\u00f3nak<\/p>\n","protected":false},"featured_media":14776,"template":"","meta":[],"product_brand":[],"product_cat":[344],"product_tag":[],"class_list":{"0":"post-17750","1":"product","2":"type-product","3":"status-publish","4":"has-post-thumbnail","6":"product_cat-cukraszati-termekek","8":"first","9":"instock","10":"taxable","11":"shipping-taxable","12":"purchasable","13":"product-type-simple"},"_links":{"self":[{"href":"https:\/\/perfettohome.sk\/hu\/wp-json\/wp\/v2\/product\/17750","targetHints":{"allow":["GET"]}}],"collection":[{"href":"https:\/\/perfettohome.sk\/hu\/wp-json\/wp\/v2\/product"}],"about":[{"href":"https:\/\/perfettohome.sk\/hu\/wp-json\/wp\/v2\/types\/product"}],"wp:featuredmedia":[{"embeddable":true,"href":"https:\/\/perfettohome.sk\/hu\/wp-json\/wp\/v2\/media\/14776"}],"wp:attachment":[{"href":"https:\/\/perfettohome.sk\/hu\/wp-json\/wp\/v2\/media?parent=17750"}],"wp:term":[{"taxonomy":"product_brand","embeddable":true,"href":"https:\/\/perfettohome.sk\/hu\/wp-json\/wp\/v2\/product_brand?post=17750"},{"taxonomy":"product_cat","embeddable":true,"href":"https:\/\/perfettohome.sk\/hu\/wp-json\/wp\/v2\/product_cat?post=17750"},{"taxonomy":"product_tag","embeddable":true,"href":"https:\/\/perfettohome.sk\/hu\/wp-json\/wp\/v2\/product_tag?post=17750"}],"curies":[{"name":"wp","href":"https:\/\/api.w.org\/{rel}","templated":true}]}}