{"id":17757,"date":"2025-10-22T10:23:44","date_gmt":"2025-10-22T08:23:44","guid":{"rendered":"https:\/\/perfettohome.sk\/?post_type=product&#038;p=17757"},"modified":"2025-12-16T13:55:54","modified_gmt":"2025-12-16T12:55:54","slug":"kabelka-coffee-creme-197-g-csokolade-bonbon-valogatas-kremes-kaves-toltelekkel","status":"publish","type":"product","link":"https:\/\/perfettohome.sk\/hu\/produkt\/kabelka-coffee-creme-197-g-csokolade-bonbon-valogatas-kremes-kaves-toltelekkel\/","title":{"rendered":"T\u00c1SKA COFFEE &#038; CREME 197 g \u2013 csokol\u00e1d\u00e9 bonbon v\u00e1logat\u00e1s kr\u00e9mes k\u00e1v\u00e9s t\u00f6ltel\u00e9kkel"},"content":{"rendered":"<p>A T\u00c1SKA COFFEE &amp; CREME finom tejcsokol\u00e1d\u00e9t k\u00edn\u00e1l kr\u00e9mes k\u00e1v\u00e9s t\u00f6ltel\u00e9kkel, diz\u00e1jnos, t\u00e1ska form\u00e1j\u00fa csomagol\u00e1sban. T\u00f6k\u00e9letes aj\u00e1nd\u00e9knak, kis jutalomnak vagy desszert \u00e9s k\u00e1v\u00e9 kieg\u00e9sz\u00edt\u0151jek\u00e9nt.<\/p>\n<p>T\u00f6meg: 197 g<br \/>\nT\u00edpus: csokol\u00e1d\u00e9 bonbon v\u00e1logat\u00e1s kr\u00e9mes k\u00e1v\u00e9s t\u00f6ltel\u00e9kkel<br \/>\nJellemz\u0151k: finom csokol\u00e1d\u00e9, kr\u00e9mes k\u00e1v\u00e9s t\u00f6ltel\u00e9k, eleg\u00e1ns csomagol\u00e1s<br \/>\nAj\u00e1nlott: feln\u0151tteknek, h\u00e1ztart\u00e1sokba, aj\u00e1nd\u00e9knak, \u00e9des nassolnival\u00f3nak<\/p>\n","protected":false},"excerpt":{"rendered":"<p>A T\u00c1SKA COFFEE &amp; CREME finom tejcsokol\u00e1d\u00e9t k\u00edn\u00e1l kr\u00e9mes k\u00e1v\u00e9s t\u00f6ltel\u00e9kkel, diz\u00e1jnos, t\u00e1ska form\u00e1j\u00fa csomagol\u00e1sban. T\u00f6k\u00e9letes aj\u00e1nd\u00e9knak, kis jutalomnak vagy desszert \u00e9s k\u00e1v\u00e9 kieg\u00e9sz\u00edt\u0151jek\u00e9nt. T\u00f6meg: 197 g T\u00edpus: csokol\u00e1d\u00e9 bonbon v\u00e1logat\u00e1s kr\u00e9mes k\u00e1v\u00e9s t\u00f6ltel\u00e9kkel Jellemz\u0151k: finom csokol\u00e1d\u00e9, kr\u00e9mes k\u00e1v\u00e9s t\u00f6ltel\u00e9k, eleg\u00e1ns csomagol\u00e1s Aj\u00e1nlott: feln\u0151tteknek, h\u00e1ztart\u00e1sokba, aj\u00e1nd\u00e9knak, \u00e9des nassolnival\u00f3nak<\/p>\n","protected":false},"featured_media":14686,"template":"","meta":[],"product_brand":[],"product_cat":[344],"product_tag":[],"class_list":{"0":"post-17757","1":"product","2":"type-product","3":"status-publish","4":"has-post-thumbnail","6":"product_cat-cukraszati-termekek","8":"first","9":"instock","10":"taxable","11":"shipping-taxable","12":"purchasable","13":"product-type-simple"},"_links":{"self":[{"href":"https:\/\/perfettohome.sk\/hu\/wp-json\/wp\/v2\/product\/17757","targetHints":{"allow":["GET"]}}],"collection":[{"href":"https:\/\/perfettohome.sk\/hu\/wp-json\/wp\/v2\/product"}],"about":[{"href":"https:\/\/perfettohome.sk\/hu\/wp-json\/wp\/v2\/types\/product"}],"wp:featuredmedia":[{"embeddable":true,"href":"https:\/\/perfettohome.sk\/hu\/wp-json\/wp\/v2\/media\/14686"}],"wp:attachment":[{"href":"https:\/\/perfettohome.sk\/hu\/wp-json\/wp\/v2\/media?parent=17757"}],"wp:term":[{"taxonomy":"product_brand","embeddable":true,"href":"https:\/\/perfettohome.sk\/hu\/wp-json\/wp\/v2\/product_brand?post=17757"},{"taxonomy":"product_cat","embeddable":true,"href":"https:\/\/perfettohome.sk\/hu\/wp-json\/wp\/v2\/product_cat?post=17757"},{"taxonomy":"product_tag","embeddable":true,"href":"https:\/\/perfettohome.sk\/hu\/wp-json\/wp\/v2\/product_tag?post=17757"}],"curies":[{"name":"wp","href":"https:\/\/api.w.org\/{rel}","templated":true}]}}