{"id":17770,"date":"2025-10-24T09:53:35","date_gmt":"2025-10-24T07:53:35","guid":{"rendered":"https:\/\/perfettohome.sk\/?post_type=product&#038;p=17770"},"modified":"2025-12-16T14:09:17","modified_gmt":"2025-12-16T13:09:17","slug":"alaska-kakaos-kukoricarud-18-g","status":"publish","type":"product","link":"https:\/\/perfettohome.sk\/hu\/produkt\/alaska-kakaos-kukoricarud-18-g\/","title":{"rendered":"ALASKA KAKA\u00d3S \u2013 kukoricar\u00fad 18 g"},"content":{"rendered":"<p>Ropog\u00f3s kukoricarudacsk\u00e1k gazdag kaka\u00f3 \u00edzzel, amelyek \u00edzletes \u00e9s k\u00f6nny\u0171 nassol\u00e1st biztos\u00edtanak b\u00e1rmikor a nap folyam\u00e1n \u2013 iskol\u00e1ba, munk\u00e1ba vagy \u00fatk\u00f6zben.<\/p>\n<p>Tulajdons\u00e1gok:<\/p>\n<p>T\u00f6meg: 18 g<\/p>\n<p>\u00cdz: kaka\u00f3s<\/p>\n<p>Csomagol\u00e1s: praktikus, \u00fatk\u00f6zbeni vagy t\u00e1sk\u00e1ban val\u00f3 hordoz\u00e1sra<\/p>\n<p>Jellemz\u0151k: ropog\u00f3s, k\u00f6nny\u0171 \u00e9s \u00edzletes<\/p>\n","protected":false},"excerpt":{"rendered":"<p>Ropog\u00f3s kukoricarudacsk\u00e1k gazdag kaka\u00f3 \u00edzzel, amelyek \u00edzletes \u00e9s k\u00f6nny\u0171 nassol\u00e1st biztos\u00edtanak b\u00e1rmikor a nap folyam\u00e1n \u2013 iskol\u00e1ba, munk\u00e1ba vagy \u00fatk\u00f6zben. Tulajdons\u00e1gok: T\u00f6meg: 18 g \u00cdz: kaka\u00f3s Csomagol\u00e1s: praktikus, \u00fatk\u00f6zbeni vagy t\u00e1sk\u00e1ban val\u00f3 hordoz\u00e1sra Jellemz\u0151k: ropog\u00f3s, k\u00f6nny\u0171 \u00e9s \u00edzletes<\/p>\n","protected":false},"featured_media":14574,"template":"","meta":[],"product_brand":[],"product_cat":[344],"product_tag":[],"class_list":{"0":"post-17770","1":"product","2":"type-product","3":"status-publish","4":"has-post-thumbnail","6":"product_cat-cukraszati-termekek","8":"first","9":"instock","10":"taxable","11":"shipping-taxable","12":"purchasable","13":"product-type-simple"},"_links":{"self":[{"href":"https:\/\/perfettohome.sk\/hu\/wp-json\/wp\/v2\/product\/17770","targetHints":{"allow":["GET"]}}],"collection":[{"href":"https:\/\/perfettohome.sk\/hu\/wp-json\/wp\/v2\/product"}],"about":[{"href":"https:\/\/perfettohome.sk\/hu\/wp-json\/wp\/v2\/types\/product"}],"wp:featuredmedia":[{"embeddable":true,"href":"https:\/\/perfettohome.sk\/hu\/wp-json\/wp\/v2\/media\/14574"}],"wp:attachment":[{"href":"https:\/\/perfettohome.sk\/hu\/wp-json\/wp\/v2\/media?parent=17770"}],"wp:term":[{"taxonomy":"product_brand","embeddable":true,"href":"https:\/\/perfettohome.sk\/hu\/wp-json\/wp\/v2\/product_brand?post=17770"},{"taxonomy":"product_cat","embeddable":true,"href":"https:\/\/perfettohome.sk\/hu\/wp-json\/wp\/v2\/product_cat?post=17770"},{"taxonomy":"product_tag","embeddable":true,"href":"https:\/\/perfettohome.sk\/hu\/wp-json\/wp\/v2\/product_tag?post=17770"}],"curies":[{"name":"wp","href":"https:\/\/api.w.org\/{rel}","templated":true}]}}