{"id":17771,"date":"2025-10-24T09:53:36","date_gmt":"2025-10-24T07:53:36","guid":{"rendered":"https:\/\/perfettohome.sk\/?post_type=product&#038;p=17771"},"modified":"2025-12-16T14:11:28","modified_gmt":"2025-12-16T13:11:28","slug":"candy-black-white-fure-gyogynovenyekkel-es-mentaval-220-g-18-db-karton","status":"publish","type":"product","link":"https:\/\/perfettohome.sk\/hu\/produkt\/candy-black-white-fure-gyogynovenyekkel-es-mentaval-220-g-18-db-karton\/","title":{"rendered":"CANDY \u2013 BLACK &#038; WHITE FUR\u00c9 gy\u00f3gyn\u00f6v\u00e9nyekkel \u00e9s ment\u00e1val 220 g (18 db\/karton)"},"content":{"rendered":"<p>Friss\u00edt\u0151 gy\u00f3gyn\u00f6v\u00e9ny- \u00e9s menta kombin\u00e1ci\u00f3 eredeti fekete-feh\u00e9r kivitelben! A Candy Black &amp; White Fur\u00e9 kem\u00e9nycukorka intenz\u00edv \u00edzzel, amely felfriss\u00edti a leheletet, mik\u00f6zben enyh\u00e9n \u00e9des ut\u00f3\u00edzt k\u00edn\u00e1l. T\u00f6k\u00e9letes mindennapi friss\u00edt\u00e9shez, aut\u00f3ban, irod\u00e1ban vagy csak \u00fagy, ha valami \u00fcd\u00edt\u0151re v\u00e1gysz.<\/p>\n<p>T\u00f6meg: 220 g<br \/>\nT\u00edpus: kem\u00e9nycukorka gy\u00f3gyn\u00f6v\u00e9ny- \u00e9s menta \u00edzzel<br \/>\nJellemz\u0151k: friss\u00edt\u0151, arom\u00e1s, fekete-feh\u00e9r kivitel<br \/>\nAj\u00e1nlott: mindennapi friss\u00edt\u00e9shez, munk\u00e1ba, utaz\u00e1shoz<\/p>\n","protected":false},"excerpt":{"rendered":"<p>Friss\u00edt\u0151 gy\u00f3gyn\u00f6v\u00e9ny- \u00e9s menta kombin\u00e1ci\u00f3 eredeti fekete-feh\u00e9r kivitelben! A Candy Black &amp; White Fur\u00e9 kem\u00e9nycukorka intenz\u00edv \u00edzzel, amely felfriss\u00edti a leheletet, mik\u00f6zben enyh\u00e9n \u00e9des ut\u00f3\u00edzt k\u00edn\u00e1l. T\u00f6k\u00e9letes mindennapi friss\u00edt\u00e9shez, aut\u00f3ban, irod\u00e1ban vagy csak \u00fagy, ha valami \u00fcd\u00edt\u0151re v\u00e1gysz. T\u00f6meg: 220 g T\u00edpus: kem\u00e9nycukorka gy\u00f3gyn\u00f6v\u00e9ny- \u00e9s menta \u00edzzel Jellemz\u0151k: friss\u00edt\u0151, arom\u00e1s, fekete-feh\u00e9r kivitel Aj\u00e1nlott: mindennapi friss\u00edt\u00e9shez, [&hellip;]<\/p>\n","protected":false},"featured_media":14604,"template":"","meta":[],"product_brand":[],"product_cat":[344],"product_tag":[],"class_list":{"0":"post-17771","1":"product","2":"type-product","3":"status-publish","4":"has-post-thumbnail","6":"product_cat-cukraszati-termekek","8":"first","9":"instock","10":"taxable","11":"shipping-taxable","12":"purchasable","13":"product-type-simple"},"_links":{"self":[{"href":"https:\/\/perfettohome.sk\/hu\/wp-json\/wp\/v2\/product\/17771","targetHints":{"allow":["GET"]}}],"collection":[{"href":"https:\/\/perfettohome.sk\/hu\/wp-json\/wp\/v2\/product"}],"about":[{"href":"https:\/\/perfettohome.sk\/hu\/wp-json\/wp\/v2\/types\/product"}],"wp:featuredmedia":[{"embeddable":true,"href":"https:\/\/perfettohome.sk\/hu\/wp-json\/wp\/v2\/media\/14604"}],"wp:attachment":[{"href":"https:\/\/perfettohome.sk\/hu\/wp-json\/wp\/v2\/media?parent=17771"}],"wp:term":[{"taxonomy":"product_brand","embeddable":true,"href":"https:\/\/perfettohome.sk\/hu\/wp-json\/wp\/v2\/product_brand?post=17771"},{"taxonomy":"product_cat","embeddable":true,"href":"https:\/\/perfettohome.sk\/hu\/wp-json\/wp\/v2\/product_cat?post=17771"},{"taxonomy":"product_tag","embeddable":true,"href":"https:\/\/perfettohome.sk\/hu\/wp-json\/wp\/v2\/product_tag?post=17771"}],"curies":[{"name":"wp","href":"https:\/\/api.w.org\/{rel}","templated":true}]}}