{"id":17772,"date":"2025-10-24T09:53:36","date_gmt":"2025-10-24T07:53:36","guid":{"rendered":"https:\/\/perfettohome.sk\/?post_type=product&#038;p=17772"},"modified":"2025-12-16T14:13:16","modified_gmt":"2025-12-16T13:13:16","slug":"tatramelky-puffasztott-rizs-tejkaramellaban-30-g","status":"publish","type":"product","link":"https:\/\/perfettohome.sk\/hu\/produkt\/tatramelky-puffasztott-rizs-tejkaramellaban-30-g\/","title":{"rendered":"TATRAMELKY \u2013 puffasztott rizs tejkaramell\u00e1ban 30 g"},"content":{"rendered":"<p>\u00c9des kombin\u00e1ci\u00f3 a hagyom\u00e1nyos puffasztott rizs \u00e9s a l\u00e1gy tejkaramell k\u00f6z\u00f6tt, amely minden eredeti \u00edzeket kedvel\u0151nek \u00f6r\u00f6met okoz. Minden darab gondosan bevont, hogy meg\u0151rizze ropog\u00f3ss\u00e1g\u00e1t \u00e9s finom \u00e9dess\u00e9g\u00e9t. Ide\u00e1lis kis snack energiap\u00f3tl\u00e1sra vagy a nap kellemes feldob\u00e1s\u00e1ra.<\/p>\n<p>Tulajdons\u00e1gok:<\/p>\n<p>T\u00f6meg: 30 g<\/p>\n<p>\u00cdz: tejkaramell\u00e1s<\/p>\n<p>Csomagol\u00e1s: praktikus, t\u00e1sk\u00e1ba, iskol\u00e1ba vagy munk\u00e1ba<\/p>\n<p>Jellemz\u0151k: mesters\u00e9ges sz\u00ednez\u00e9k \u00e9s tart\u00f3s\u00edt\u00f3szer n\u00e9lk\u00fcl<\/p>\n","protected":false},"excerpt":{"rendered":"<p>\u00c9des kombin\u00e1ci\u00f3 a hagyom\u00e1nyos puffasztott rizs \u00e9s a l\u00e1gy tejkaramell k\u00f6z\u00f6tt, amely minden eredeti \u00edzeket kedvel\u0151nek \u00f6r\u00f6met okoz. Minden darab gondosan bevont, hogy meg\u0151rizze ropog\u00f3ss\u00e1g\u00e1t \u00e9s finom \u00e9dess\u00e9g\u00e9t. Ide\u00e1lis kis snack energiap\u00f3tl\u00e1sra vagy a nap kellemes feldob\u00e1s\u00e1ra. Tulajdons\u00e1gok: T\u00f6meg: 30 g \u00cdz: tejkaramell\u00e1s Csomagol\u00e1s: praktikus, t\u00e1sk\u00e1ba, iskol\u00e1ba vagy munk\u00e1ba Jellemz\u0151k: mesters\u00e9ges sz\u00ednez\u00e9k \u00e9s tart\u00f3s\u00edt\u00f3szer n\u00e9lk\u00fcl<\/p>\n","protected":false},"featured_media":14779,"template":"","meta":[],"product_brand":[],"product_cat":[344],"product_tag":[],"class_list":{"0":"post-17772","1":"product","2":"type-product","3":"status-publish","4":"has-post-thumbnail","6":"product_cat-cukraszati-termekek","8":"first","9":"instock","10":"taxable","11":"shipping-taxable","12":"purchasable","13":"product-type-simple"},"_links":{"self":[{"href":"https:\/\/perfettohome.sk\/hu\/wp-json\/wp\/v2\/product\/17772","targetHints":{"allow":["GET"]}}],"collection":[{"href":"https:\/\/perfettohome.sk\/hu\/wp-json\/wp\/v2\/product"}],"about":[{"href":"https:\/\/perfettohome.sk\/hu\/wp-json\/wp\/v2\/types\/product"}],"wp:featuredmedia":[{"embeddable":true,"href":"https:\/\/perfettohome.sk\/hu\/wp-json\/wp\/v2\/media\/14779"}],"wp:attachment":[{"href":"https:\/\/perfettohome.sk\/hu\/wp-json\/wp\/v2\/media?parent=17772"}],"wp:term":[{"taxonomy":"product_brand","embeddable":true,"href":"https:\/\/perfettohome.sk\/hu\/wp-json\/wp\/v2\/product_brand?post=17772"},{"taxonomy":"product_cat","embeddable":true,"href":"https:\/\/perfettohome.sk\/hu\/wp-json\/wp\/v2\/product_cat?post=17772"},{"taxonomy":"product_tag","embeddable":true,"href":"https:\/\/perfettohome.sk\/hu\/wp-json\/wp\/v2\/product_tag?post=17772"}],"curies":[{"name":"wp","href":"https:\/\/api.w.org\/{rel}","templated":true}]}}