{"id":17776,"date":"2025-10-24T09:53:37","date_gmt":"2025-10-24T07:53:37","guid":{"rendered":"https:\/\/perfettohome.sk\/?post_type=product&#038;p=17776"},"modified":"2025-12-16T14:19:05","modified_gmt":"2025-12-16T13:19:05","slug":"candy-yogo-mix-gyumolcs-es-tejszines-pure-280-g","status":"publish","type":"product","link":"https:\/\/perfettohome.sk\/hu\/produkt\/candy-yogo-mix-gyumolcs-es-tejszines-pure-280-g\/","title":{"rendered":"CANDY \u2013 YOGO MIX gy\u00fcm\u00f6lcs- \u00e9s tejsz\u00ednes p\u00fcr\u00e9 280 g"},"content":{"rendered":"<p>Finom gy\u00fcm\u00f6lcs- \u00e9s tejsz\u00ednes p\u00fcr\u00e9 kombin\u00e1ci\u00f3, amely minden adagban gazdag \u00edz\u00e9lm\u00e9nyt ny\u00fajt. L\u00e1gy, kr\u00e9mes \u00e1llaga ide\u00e1lis csemeg\u00e9v\u00e9 teszi kicsiknek \u00e9s nagyoknak egyar\u00e1nt, uzsonn\u00e1ra, t\u00edz\u00f3raira vagy gyors \u00e9des jutalomk\u00e9nt.<\/p>\n<p>Tulajdons\u00e1gok:<\/p>\n<p>T\u00f6meg: 280 g<\/p>\n<p>\u00cdz: gy\u00fcm\u00f6lcs\u00f6s-tejsz\u00ednes<\/p>\n<p>\u00c1llag: l\u00e1gy, kr\u00e9mes<\/p>\n<p>Csomagol\u00e1s: praktikus, otthonra \u00e9s \u00fatk\u00f6zben is<\/p>\n<p>Jellemz\u0151k: mesters\u00e9ges sz\u00ednez\u00e9k \u00e9s tart\u00f3s\u00edt\u00f3szer n\u00e9lk\u00fcl<\/p>\n","protected":false},"excerpt":{"rendered":"<p>Finom gy\u00fcm\u00f6lcs- \u00e9s tejsz\u00ednes p\u00fcr\u00e9 kombin\u00e1ci\u00f3, amely minden adagban gazdag \u00edz\u00e9lm\u00e9nyt ny\u00fajt. L\u00e1gy, kr\u00e9mes \u00e1llaga ide\u00e1lis csemeg\u00e9v\u00e9 teszi kicsiknek \u00e9s nagyoknak egyar\u00e1nt, uzsonn\u00e1ra, t\u00edz\u00f3raira vagy gyors \u00e9des jutalomk\u00e9nt. Tulajdons\u00e1gok: T\u00f6meg: 280 g \u00cdz: gy\u00fcm\u00f6lcs\u00f6s-tejsz\u00ednes \u00c1llag: l\u00e1gy, kr\u00e9mes Csomagol\u00e1s: praktikus, otthonra \u00e9s \u00fatk\u00f6zben is Jellemz\u0151k: mesters\u00e9ges sz\u00ednez\u00e9k \u00e9s tart\u00f3s\u00edt\u00f3szer n\u00e9lk\u00fcl<\/p>\n","protected":false},"featured_media":14611,"template":"","meta":[],"product_brand":[],"product_cat":[344],"product_tag":[],"class_list":{"0":"post-17776","1":"product","2":"type-product","3":"status-publish","4":"has-post-thumbnail","6":"product_cat-cukraszati-termekek","8":"first","9":"instock","10":"taxable","11":"shipping-taxable","12":"purchasable","13":"product-type-simple"},"_links":{"self":[{"href":"https:\/\/perfettohome.sk\/hu\/wp-json\/wp\/v2\/product\/17776","targetHints":{"allow":["GET"]}}],"collection":[{"href":"https:\/\/perfettohome.sk\/hu\/wp-json\/wp\/v2\/product"}],"about":[{"href":"https:\/\/perfettohome.sk\/hu\/wp-json\/wp\/v2\/types\/product"}],"wp:featuredmedia":[{"embeddable":true,"href":"https:\/\/perfettohome.sk\/hu\/wp-json\/wp\/v2\/media\/14611"}],"wp:attachment":[{"href":"https:\/\/perfettohome.sk\/hu\/wp-json\/wp\/v2\/media?parent=17776"}],"wp:term":[{"taxonomy":"product_brand","embeddable":true,"href":"https:\/\/perfettohome.sk\/hu\/wp-json\/wp\/v2\/product_brand?post=17776"},{"taxonomy":"product_cat","embeddable":true,"href":"https:\/\/perfettohome.sk\/hu\/wp-json\/wp\/v2\/product_cat?post=17776"},{"taxonomy":"product_tag","embeddable":true,"href":"https:\/\/perfettohome.sk\/hu\/wp-json\/wp\/v2\/product_tag?post=17776"}],"curies":[{"name":"wp","href":"https:\/\/api.w.org\/{rel}","templated":true}]}}