{"id":17787,"date":"2025-10-24T10:08:50","date_gmt":"2025-10-24T08:08:50","guid":{"rendered":"https:\/\/perfettohome.sk\/?post_type=product&#038;p=17787"},"modified":"2025-12-16T14:33:24","modified_gmt":"2025-12-16T13:33:24","slug":"sour-madness-black-60-g-extra-savanyu-cukorkak-10-db-karton","status":"publish","type":"product","link":"https:\/\/perfettohome.sk\/hu\/produkt\/sour-madness-black-60-g-extra-savanyu-cukorkak-10-db-karton\/","title":{"rendered":"SOUR MADNESS BLACK 60 g \u2013 extra savany\u00fa cukork\u00e1k (10 db\/karton)"},"content":{"rendered":"<p>Intenz\u00edv cukork\u00e1k extra savany\u00fa \u00edzzel, amelyek minden b\u00e1tor, er\u0151teljes \u00edzek kedvel\u0151j\u00e9t \u00f6r\u00f6mmel t\u00f6ltik el. Minden darab b\u0151 adag sz\u00f3rakoz\u00e1st \u00e9s friss\u00edt\u0151 \u00e9lm\u00e9nyt ny\u00fajt, t\u00f6k\u00e9letes gyors \u00e9des-savany\u00fa csemeg\u00e9nek otthon, iskol\u00e1ban vagy \u00fatk\u00f6zben.<\/p>\n<p>Tulajdons\u00e1gok:<\/p>\n<p>T\u00f6meg: 60 g<\/p>\n<p>\u00cdz: extra savany\u00fa, fekete \u00edz<\/p>\n<p>Csomagol\u00e1s: praktikus, t\u00e1sk\u00e1ban vagy iskol\u00e1ba<\/p>\n<p>Jellemz\u0151k: intenz\u00edv, k\u00fcl\u00f6nleges \u00edzek kedvel\u0151inek<\/p>\n","protected":false},"excerpt":{"rendered":"<p>Intenz\u00edv cukork\u00e1k extra savany\u00fa \u00edzzel, amelyek minden b\u00e1tor, er\u0151teljes \u00edzek kedvel\u0151j\u00e9t \u00f6r\u00f6mmel t\u00f6ltik el. Minden darab b\u0151 adag sz\u00f3rakoz\u00e1st \u00e9s friss\u00edt\u0151 \u00e9lm\u00e9nyt ny\u00fajt, t\u00f6k\u00e9letes gyors \u00e9des-savany\u00fa csemeg\u00e9nek otthon, iskol\u00e1ban vagy \u00fatk\u00f6zben. Tulajdons\u00e1gok: T\u00f6meg: 60 g \u00cdz: extra savany\u00fa, fekete \u00edz Csomagol\u00e1s: praktikus, t\u00e1sk\u00e1ban vagy iskol\u00e1ba Jellemz\u0151k: intenz\u00edv, k\u00fcl\u00f6nleges \u00edzek kedvel\u0151inek<\/p>\n","protected":false},"featured_media":14752,"template":"","meta":[],"product_brand":[],"product_cat":[344],"product_tag":[],"class_list":{"0":"post-17787","1":"product","2":"type-product","3":"status-publish","4":"has-post-thumbnail","6":"product_cat-cukraszati-termekek","8":"first","9":"instock","10":"taxable","11":"shipping-taxable","12":"purchasable","13":"product-type-simple"},"_links":{"self":[{"href":"https:\/\/perfettohome.sk\/hu\/wp-json\/wp\/v2\/product\/17787","targetHints":{"allow":["GET"]}}],"collection":[{"href":"https:\/\/perfettohome.sk\/hu\/wp-json\/wp\/v2\/product"}],"about":[{"href":"https:\/\/perfettohome.sk\/hu\/wp-json\/wp\/v2\/types\/product"}],"wp:featuredmedia":[{"embeddable":true,"href":"https:\/\/perfettohome.sk\/hu\/wp-json\/wp\/v2\/media\/14752"}],"wp:attachment":[{"href":"https:\/\/perfettohome.sk\/hu\/wp-json\/wp\/v2\/media?parent=17787"}],"wp:term":[{"taxonomy":"product_brand","embeddable":true,"href":"https:\/\/perfettohome.sk\/hu\/wp-json\/wp\/v2\/product_brand?post=17787"},{"taxonomy":"product_cat","embeddable":true,"href":"https:\/\/perfettohome.sk\/hu\/wp-json\/wp\/v2\/product_cat?post=17787"},{"taxonomy":"product_tag","embeddable":true,"href":"https:\/\/perfettohome.sk\/hu\/wp-json\/wp\/v2\/product_tag?post=17787"}],"curies":[{"name":"wp","href":"https:\/\/api.w.org\/{rel}","templated":true}]}}