{"id":17801,"date":"2025-10-24T13:39:03","date_gmt":"2025-10-24T11:39:03","guid":{"rendered":"https:\/\/perfettohome.sk\/?post_type=product&#038;p=17801"},"modified":"2025-12-16T14:51:35","modified_gmt":"2025-12-16T13:51:35","slug":"nivea-ferfi-ajandekcsomag-strong-power","status":"publish","type":"product","link":"https:\/\/perfettohome.sk\/hu\/produkt\/nivea-ferfi-ajandekcsomag-strong-power\/","title":{"rendered":"Nivea f\u00e9rfi aj\u00e1nd\u00e9kcsomag \u2013 Strong Power"},"content":{"rendered":"<p>A csomag tartalma:<\/p>\n<p>Sprchov\u00fd g\u00e9l Strong Power 250\u202fml \u2013 tiszt\u00edtja a b\u0151rt \u00e9s friss \u00e9rz\u00e9st biztos\u00edt<\/p>\n<p>Sampon Strong Power 250\u202fml \u2013 \u00e1polja a hajat \u00e9s a fejb\u0151rt<\/p>\n<p>Dezodor Strong Power 150\u202fml \u2013 megb\u00edzhat\u00f3 v\u00e9delem az izzad\u00e1s ellen<\/p>\n<p>Labello ajakbalzsam 5,5\u202fml \u2013 v\u00e9di \u00e9s hidrat\u00e1lja az ajkakat<\/p>\n<p>Tulajdons\u00e1gok:<\/p>\n<p>Teljes f\u00e9rfi \u00e1pol\u00f3 szett<\/p>\n<p>Friss\u00edt\u0151 \u00e9s energikus illat<\/p>\n<p>Praktikus csomagol\u00e1s otthoni haszn\u00e1latra vagy aj\u00e1nd\u00e9knak<\/p>\n<p>Ide\u00e1lis a mindennapi \u00e1pol\u00e1shoz<\/p>\n","protected":false},"excerpt":{"rendered":"<p>A csomag tartalma: Sprchov\u00fd g\u00e9l Strong Power 250\u202fml \u2013 tiszt\u00edtja a b\u0151rt \u00e9s friss \u00e9rz\u00e9st biztos\u00edt Sampon Strong Power 250\u202fml \u2013 \u00e1polja a hajat \u00e9s a fejb\u0151rt Dezodor Strong Power 150\u202fml \u2013 megb\u00edzhat\u00f3 v\u00e9delem az izzad\u00e1s ellen Labello ajakbalzsam 5,5\u202fml \u2013 v\u00e9di \u00e9s hidrat\u00e1lja az ajkakat Tulajdons\u00e1gok: Teljes f\u00e9rfi \u00e1pol\u00f3 szett Friss\u00edt\u0151 \u00e9s energikus illat [&hellip;]<\/p>\n","protected":false},"featured_media":14559,"template":"","meta":[],"product_brand":[],"product_cat":[318,329],"product_tag":[],"class_list":{"0":"post-17801","1":"product","2":"type-product","3":"status-publish","4":"has-post-thumbnail","6":"product_cat-szemelyi-higienia","7":"product_cat-zuhanyzselek","9":"first","10":"instock","11":"taxable","12":"shipping-taxable","13":"purchasable","14":"product-type-simple"},"_links":{"self":[{"href":"https:\/\/perfettohome.sk\/hu\/wp-json\/wp\/v2\/product\/17801","targetHints":{"allow":["GET"]}}],"collection":[{"href":"https:\/\/perfettohome.sk\/hu\/wp-json\/wp\/v2\/product"}],"about":[{"href":"https:\/\/perfettohome.sk\/hu\/wp-json\/wp\/v2\/types\/product"}],"wp:featuredmedia":[{"embeddable":true,"href":"https:\/\/perfettohome.sk\/hu\/wp-json\/wp\/v2\/media\/14559"}],"wp:attachment":[{"href":"https:\/\/perfettohome.sk\/hu\/wp-json\/wp\/v2\/media?parent=17801"}],"wp:term":[{"taxonomy":"product_brand","embeddable":true,"href":"https:\/\/perfettohome.sk\/hu\/wp-json\/wp\/v2\/product_brand?post=17801"},{"taxonomy":"product_cat","embeddable":true,"href":"https:\/\/perfettohome.sk\/hu\/wp-json\/wp\/v2\/product_cat?post=17801"},{"taxonomy":"product_tag","embeddable":true,"href":"https:\/\/perfettohome.sk\/hu\/wp-json\/wp\/v2\/product_tag?post=17801"}],"curies":[{"name":"wp","href":"https:\/\/api.w.org\/{rel}","templated":true}]}}