{"id":17806,"date":"2025-10-24T15:08:36","date_gmt":"2025-10-24T13:08:36","guid":{"rendered":"https:\/\/perfettohome.sk\/?post_type=product&#038;p=17806"},"modified":"2025-12-16T14:56:54","modified_gmt":"2025-12-16T13:56:54","slug":"ariel-mosopor-mountain-spring-450-g","status":"publish","type":"product","link":"https:\/\/perfettohome.sk\/hu\/produkt\/ariel-mosopor-mountain-spring-450-g\/","title":{"rendered":"Ariel mos\u00f3por \u2013 Mountain Spring, 450\u202fg"},"content":{"rendered":"<p>Hat\u00e9kony mos\u00f3por, amely alaposan tiszt\u00edtja a ruh\u00e1kat \u00e9s elt\u00e1vol\u00edtja a makacs foltokat, mik\u00f6zben friss, hegyi forr\u00e1sv\u00edz illatot hagy maga ut\u00e1n. Ide\u00e1lis mindennapi haszn\u00e1latra, minden t\u00edpus\u00fa text\u00edli\u00e1hoz.<\/p>\n<p>Tulajdons\u00e1gok:<\/p>\n<p>T\u00f6meg: 450\u202fg<\/p>\n<p>Illat: Mountain Spring (hegyi forr\u00e1s)<\/p>\n<p>El\u0151ny\u00f6k: Er\u0151teljes folttiszt\u00edt\u00e1s, friss illat, alkalmas minden text\u00edli\u00e1hoz<\/p>\n<p>Haszn\u00e1lat: Mindennapi mos\u00e1sra, k\u00e9zi \u00e9s g\u00e9pi mos\u00e1shoz egyar\u00e1nt<\/p>\n","protected":false},"excerpt":{"rendered":"<p>Hat\u00e9kony mos\u00f3por, amely alaposan tiszt\u00edtja a ruh\u00e1kat \u00e9s elt\u00e1vol\u00edtja a makacs foltokat, mik\u00f6zben friss, hegyi forr\u00e1sv\u00edz illatot hagy maga ut\u00e1n. Ide\u00e1lis mindennapi haszn\u00e1latra, minden t\u00edpus\u00fa text\u00edli\u00e1hoz. Tulajdons\u00e1gok: T\u00f6meg: 450\u202fg Illat: Mountain Spring (hegyi forr\u00e1s) El\u0151ny\u00f6k: Er\u0151teljes folttiszt\u00edt\u00e1s, friss illat, alkalmas minden text\u00edli\u00e1hoz Haszn\u00e1lat: Mindennapi mos\u00e1sra, k\u00e9zi \u00e9s g\u00e9pi mos\u00e1shoz egyar\u00e1nt<\/p>\n","protected":false},"featured_media":14571,"template":"","meta":[],"product_brand":[],"product_cat":[313,299],"product_tag":[],"class_list":{"0":"post-17806","1":"product","2":"type-product","3":"status-publish","4":"has-post-thumbnail","6":"product_cat-ariel-hu","7":"product_cat-a-mosas-eszkozei","9":"first","10":"instock","11":"taxable","12":"shipping-taxable","13":"purchasable","14":"product-type-simple"},"_links":{"self":[{"href":"https:\/\/perfettohome.sk\/hu\/wp-json\/wp\/v2\/product\/17806","targetHints":{"allow":["GET"]}}],"collection":[{"href":"https:\/\/perfettohome.sk\/hu\/wp-json\/wp\/v2\/product"}],"about":[{"href":"https:\/\/perfettohome.sk\/hu\/wp-json\/wp\/v2\/types\/product"}],"wp:featuredmedia":[{"embeddable":true,"href":"https:\/\/perfettohome.sk\/hu\/wp-json\/wp\/v2\/media\/14571"}],"wp:attachment":[{"href":"https:\/\/perfettohome.sk\/hu\/wp-json\/wp\/v2\/media?parent=17806"}],"wp:term":[{"taxonomy":"product_brand","embeddable":true,"href":"https:\/\/perfettohome.sk\/hu\/wp-json\/wp\/v2\/product_brand?post=17806"},{"taxonomy":"product_cat","embeddable":true,"href":"https:\/\/perfettohome.sk\/hu\/wp-json\/wp\/v2\/product_cat?post=17806"},{"taxonomy":"product_tag","embeddable":true,"href":"https:\/\/perfettohome.sk\/hu\/wp-json\/wp\/v2\/product_tag?post=17806"}],"curies":[{"name":"wp","href":"https:\/\/api.w.org\/{rel}","templated":true}]}}