{"id":17811,"date":"2025-10-31T09:08:35","date_gmt":"2025-10-31T08:08:35","guid":{"rendered":"https:\/\/perfettohome.sk\/?post_type=product&#038;p=17811"},"modified":"2025-12-16T15:05:33","modified_gmt":"2025-12-16T14:05:33","slug":"carefree-intim-betet-30-db-cotton-flexiform","status":"publish","type":"product","link":"https:\/\/perfettohome.sk\/hu\/produkt\/carefree-intim-betet-30-db-cotton-flexiform\/","title":{"rendered":"CareFree intim bet\u00e9t 30 db Cotton Flexiform"},"content":{"rendered":"<p>Finom \u00e9s k\u00e9nyelmes intim bet\u00e9tek, amelyek napi v\u00e9delmet \u00e9s frissess\u00e9g\u00e9rzetet biztos\u00edtanak. A Cotton Flexiform technol\u00f3gia t\u00f6k\u00e9letesen illeszkedik a test alakj\u00e1hoz, k\u00e9nyelmes viseletet \u00e9s diszkr\u00e9t haszn\u00e1latot biztos\u00edt eg\u00e9sz nap. Ide\u00e1lis mindennapi haszn\u00e1latra, a biztons\u00e1g \u00e9s k\u00e9nyelem \u00e9rz\u00e9s\u00e9\u00e9rt.<\/p>\n<p>Tulajdons\u00e1gok:<\/p>\n<p>Darabsz\u00e1m: 30 db<br \/>\nTechnol\u00f3gia: Cotton Flexiform \u2013 alkalmazkodik a testhez<br \/>\n\u00c9rz\u00e9s: finom, k\u00e9nyelmes \u00e9s diszkr\u00e9t<br \/>\nHaszn\u00e1lat: mindennapi v\u00e9delem, frissess\u00e9g\u00e9rzet<\/p>\n","protected":false},"excerpt":{"rendered":"<p>Finom \u00e9s k\u00e9nyelmes intim bet\u00e9tek, amelyek napi v\u00e9delmet \u00e9s frissess\u00e9g\u00e9rzetet biztos\u00edtanak. A Cotton Flexiform technol\u00f3gia t\u00f6k\u00e9letesen illeszkedik a test alakj\u00e1hoz, k\u00e9nyelmes viseletet \u00e9s diszkr\u00e9t haszn\u00e1latot biztos\u00edt eg\u00e9sz nap. Ide\u00e1lis mindennapi haszn\u00e1latra, a biztons\u00e1g \u00e9s k\u00e9nyelem \u00e9rz\u00e9s\u00e9\u00e9rt. Tulajdons\u00e1gok: Darabsz\u00e1m: 30 db Technol\u00f3gia: Cotton Flexiform \u2013 alkalmazkodik a testhez \u00c9rz\u00e9s: finom, k\u00e9nyelmes \u00e9s diszkr\u00e9t Haszn\u00e1lat: mindennapi v\u00e9delem, [&hellip;]<\/p>\n","protected":false},"featured_media":17812,"template":"","meta":[],"product_brand":[205],"product_cat":[304],"product_tag":[],"class_list":{"0":"post-17811","1":"product","2":"type-product","3":"status-publish","4":"has-post-thumbnail","6":"product_brand-carefree","7":"product_cat-intim-higienia","9":"first","10":"outofstock","11":"taxable","12":"shipping-taxable","13":"purchasable","14":"product-type-simple"},"_links":{"self":[{"href":"https:\/\/perfettohome.sk\/hu\/wp-json\/wp\/v2\/product\/17811","targetHints":{"allow":["GET"]}}],"collection":[{"href":"https:\/\/perfettohome.sk\/hu\/wp-json\/wp\/v2\/product"}],"about":[{"href":"https:\/\/perfettohome.sk\/hu\/wp-json\/wp\/v2\/types\/product"}],"wp:featuredmedia":[{"embeddable":true,"href":"https:\/\/perfettohome.sk\/hu\/wp-json\/wp\/v2\/media\/17812"}],"wp:attachment":[{"href":"https:\/\/perfettohome.sk\/hu\/wp-json\/wp\/v2\/media?parent=17811"}],"wp:term":[{"taxonomy":"product_brand","embeddable":true,"href":"https:\/\/perfettohome.sk\/hu\/wp-json\/wp\/v2\/product_brand?post=17811"},{"taxonomy":"product_cat","embeddable":true,"href":"https:\/\/perfettohome.sk\/hu\/wp-json\/wp\/v2\/product_cat?post=17811"},{"taxonomy":"product_tag","embeddable":true,"href":"https:\/\/perfettohome.sk\/hu\/wp-json\/wp\/v2\/product_tag?post=17811"}],"curies":[{"name":"wp","href":"https:\/\/api.w.org\/{rel}","templated":true}]}}