{"id":17815,"date":"2025-10-31T09:08:36","date_gmt":"2025-10-31T08:08:36","guid":{"rendered":"https:\/\/perfettohome.sk\/?post_type=product&#038;p=17815"},"modified":"2025-12-16T15:16:50","modified_gmt":"2025-12-16T14:16:50","slug":"dettol-folyekony-szappan-250-ml-nourish-mez-vanilia","status":"publish","type":"product","link":"https:\/\/perfettohome.sk\/hu\/produkt\/dettol-folyekony-szappan-250-ml-nourish-mez-vanilia\/","title":{"rendered":"Dettol foly\u00e9kony szappan 250 ml Nourish M\u00e9z &#038; Van\u00edlia"},"content":{"rendered":"<p>Finom, t\u00e1pl\u00e1l\u00f3 foly\u00e9kony szappan m\u00e9zzel \u00e9s van\u00edli\u00e1val, amely gyeng\u00e9den tiszt\u00edtja a kezet, mik\u00f6zben hidrat\u00e1l \u00e9s puh\u00e1v\u00e1 teszi a b\u0151rt.<\/p>\n<p>Tulajdons\u00e1gok:<\/p>\n<p>\u0170rtartalom: 250 ml<\/p>\n<p>Illat: M\u00e9z &amp; Van\u00edlia<\/p>\n<p>Gyeng\u00e9d tiszt\u00edt\u00e1s \u00e9s hidrat\u00e1l\u00e1s<\/p>\n<p>Mindennapi haszn\u00e1latra alkalmas<\/p>\n","protected":false},"excerpt":{"rendered":"<p>Finom, t\u00e1pl\u00e1l\u00f3 foly\u00e9kony szappan m\u00e9zzel \u00e9s van\u00edli\u00e1val, amely gyeng\u00e9den tiszt\u00edtja a kezet, mik\u00f6zben hidrat\u00e1l \u00e9s puh\u00e1v\u00e1 teszi a b\u0151rt. Tulajdons\u00e1gok: \u0170rtartalom: 250 ml Illat: M\u00e9z &amp; Van\u00edlia Gyeng\u00e9d tiszt\u00edt\u00e1s \u00e9s hidrat\u00e1l\u00e1s Mindennapi haszn\u00e1latra alkalmas<\/p>\n","protected":false},"featured_media":17816,"template":"","meta":[],"product_brand":[234],"product_cat":[317],"product_tag":[],"class_list":{"0":"post-17815","1":"product","2":"type-product","3":"status-publish","4":"has-post-thumbnail","6":"product_brand-dettol","7":"product_cat-borapolas","9":"first","10":"instock","11":"taxable","12":"shipping-taxable","13":"purchasable","14":"product-type-simple"},"_links":{"self":[{"href":"https:\/\/perfettohome.sk\/hu\/wp-json\/wp\/v2\/product\/17815","targetHints":{"allow":["GET"]}}],"collection":[{"href":"https:\/\/perfettohome.sk\/hu\/wp-json\/wp\/v2\/product"}],"about":[{"href":"https:\/\/perfettohome.sk\/hu\/wp-json\/wp\/v2\/types\/product"}],"wp:featuredmedia":[{"embeddable":true,"href":"https:\/\/perfettohome.sk\/hu\/wp-json\/wp\/v2\/media\/17816"}],"wp:attachment":[{"href":"https:\/\/perfettohome.sk\/hu\/wp-json\/wp\/v2\/media?parent=17815"}],"wp:term":[{"taxonomy":"product_brand","embeddable":true,"href":"https:\/\/perfettohome.sk\/hu\/wp-json\/wp\/v2\/product_brand?post=17815"},{"taxonomy":"product_cat","embeddable":true,"href":"https:\/\/perfettohome.sk\/hu\/wp-json\/wp\/v2\/product_cat?post=17815"},{"taxonomy":"product_tag","embeddable":true,"href":"https:\/\/perfettohome.sk\/hu\/wp-json\/wp\/v2\/product_tag?post=17815"}],"curies":[{"name":"wp","href":"https:\/\/api.w.org\/{rel}","templated":true}]}}