{"id":17818,"date":"2025-10-31T09:08:36","date_gmt":"2025-10-31T08:08:36","guid":{"rendered":"https:\/\/perfettohome.sk\/?post_type=product&#038;p=17818"},"modified":"2025-12-16T15:30:08","modified_gmt":"2025-12-16T14:30:08","slug":"air-wick-elektromos-illatosito-utantolto-19-ml-pumpkin-winter-spice","status":"publish","type":"product","link":"https:\/\/perfettohome.sk\/hu\/produkt\/air-wick-elektromos-illatosito-utantolto-19-ml-pumpkin-winter-spice\/","title":{"rendered":"Air Wick elektromos illatos\u00edt\u00f3 ut\u00e1nt\u00f6lt\u0151 19 ml Pumpkin &#038; Winter Spice"},"content":{"rendered":"<p>Hozzon otthon\u00e1ba meghitt t\u00e9li hangulatot az \u00e9des t\u00f6k \u00e9s a f\u0171szeres aroma illat\u00e1val. Az Air Wick Pumpkin &amp; Winter Spice ut\u00e1nt\u00f6lt\u0151 kr\u00e9mes t\u00f6k, fah\u00e9j, szegf\u0171szeg \u00e9s finom van\u00edlia kombin\u00e1ci\u00f3j\u00e1t k\u00edn\u00e1lja, amely azonnal \u00fcnnepi hangulatot \u00e9s otthonos meleget teremt.<br \/>\nKompatibilis minden Air Wick elektromos k\u00e9sz\u00fcl\u00e9kkel.<\/p>\n<p>Jellemz\u0151k:<\/p>\n<p>T\u00e9rfogat: 19 ml<\/p>\n<p>Illat: t\u00f6k &amp; t\u00e9li f\u0171szer<\/p>\n<p>Hossz\u00fa ideig tart\u00f3 \u00e9s egyenletes illatos\u00edt\u00e1s<\/p>\n<p>Ide\u00e1lis otthonra a hideg h\u00f3napokban<\/p>\n<p>Illik minden Air Wick elektromos illatos\u00edt\u00f3 k\u00e9sz\u00fcl\u00e9khez<\/p>\n","protected":false},"excerpt":{"rendered":"<p>Hozzon otthon\u00e1ba meghitt t\u00e9li hangulatot az \u00e9des t\u00f6k \u00e9s a f\u0171szeres aroma illat\u00e1val. Az Air Wick Pumpkin &amp; Winter Spice ut\u00e1nt\u00f6lt\u0151 kr\u00e9mes t\u00f6k, fah\u00e9j, szegf\u0171szeg \u00e9s finom van\u00edlia kombin\u00e1ci\u00f3j\u00e1t k\u00edn\u00e1lja, amely azonnal \u00fcnnepi hangulatot \u00e9s otthonos meleget teremt. Kompatibilis minden Air Wick elektromos k\u00e9sz\u00fcl\u00e9kkel. Jellemz\u0151k: T\u00e9rfogat: 19 ml Illat: t\u00f6k &amp; t\u00e9li f\u0171szer Hossz\u00fa ideig [&hellip;]<\/p>\n","protected":false},"featured_media":17819,"template":"","meta":[],"product_brand":[45],"product_cat":[172],"product_tag":[],"class_list":{"0":"post-17818","1":"product","2":"type-product","3":"status-publish","4":"has-post-thumbnail","6":"product_brand-airwick","7":"product_cat-elektricke-difuzery-hu","9":"first","10":"outofstock","11":"taxable","12":"shipping-taxable","13":"purchasable","14":"product-type-simple"},"_links":{"self":[{"href":"https:\/\/perfettohome.sk\/hu\/wp-json\/wp\/v2\/product\/17818","targetHints":{"allow":["GET"]}}],"collection":[{"href":"https:\/\/perfettohome.sk\/hu\/wp-json\/wp\/v2\/product"}],"about":[{"href":"https:\/\/perfettohome.sk\/hu\/wp-json\/wp\/v2\/types\/product"}],"wp:featuredmedia":[{"embeddable":true,"href":"https:\/\/perfettohome.sk\/hu\/wp-json\/wp\/v2\/media\/17819"}],"wp:attachment":[{"href":"https:\/\/perfettohome.sk\/hu\/wp-json\/wp\/v2\/media?parent=17818"}],"wp:term":[{"taxonomy":"product_brand","embeddable":true,"href":"https:\/\/perfettohome.sk\/hu\/wp-json\/wp\/v2\/product_brand?post=17818"},{"taxonomy":"product_cat","embeddable":true,"href":"https:\/\/perfettohome.sk\/hu\/wp-json\/wp\/v2\/product_cat?post=17818"},{"taxonomy":"product_tag","embeddable":true,"href":"https:\/\/perfettohome.sk\/hu\/wp-json\/wp\/v2\/product_tag?post=17818"}],"curies":[{"name":"wp","href":"https:\/\/api.w.org\/{rel}","templated":true}]}}