{"id":17821,"date":"2025-11-11T09:23:40","date_gmt":"2025-11-11T08:23:40","guid":{"rendered":"https:\/\/perfettohome.sk\/?post_type=product&#038;p=17821"},"modified":"2025-12-16T15:33:45","modified_gmt":"2025-12-16T14:33:45","slug":"bolsius-ajandekcsomag-teamecsesekkel","status":"publish","type":"product","link":"https:\/\/perfettohome.sk\/hu\/produkt\/bolsius-ajandekcsomag-teamecsesekkel\/","title":{"rendered":"Bolsius aj\u00e1nd\u00e9kcsomag team\u00e9csesekkel"},"content":{"rendered":"<p>Eleg\u00e1ns Bolsius aj\u00e1nd\u00e9kcsomag minite\u00e1val, amely kellemes hangulatot \u00e9s otthonos f\u00e9nyt teremt minden helyis\u00e9gben. Ide\u00e1lis aj\u00e1nd\u00e9knak vagy a esti pihen\u00e9s, f\u00fcrd\u00e9s, illetve \u00fcnnepi pillanatok meghittebb\u00e9 t\u00e9tel\u00e9hez. A gyerty\u00e1k egyenletesen \u00e9gnek, f\u00fcstmentesek, \u00e9s a Bolsius m\u00e1rk\u00e1ra jellemz\u0151 hosszan tart\u00f3 illattal rendelkeznek.<\/p>\n<p>Tulajdons\u00e1gok:<\/p>\n<p>Tartalom: aj\u00e1nd\u00e9kcsomag teagyerty\u00e1kkal<\/p>\n<p>Min\u0151s\u00e9gi paraffinviasz az egyenletes \u00e9g\u00e9s\u00e9rt<\/p>\n<p>Finom, kellemes illatok<\/p>\n<p>Eleg\u00e1ns csomagol\u00e1s, aj\u00e1nd\u00e9knak is alkalmas<\/p>\n<p>Alkalmas pihen\u00e9shez, dekor\u00e1ci\u00f3hoz vagy \u00fcnnepi alkalmakhoz<\/p>\n","protected":false},"excerpt":{"rendered":"<p>Eleg\u00e1ns Bolsius aj\u00e1nd\u00e9kcsomag minite\u00e1val, amely kellemes hangulatot \u00e9s otthonos f\u00e9nyt teremt minden helyis\u00e9gben. Ide\u00e1lis aj\u00e1nd\u00e9knak vagy a esti pihen\u00e9s, f\u00fcrd\u00e9s, illetve \u00fcnnepi pillanatok meghittebb\u00e9 t\u00e9tel\u00e9hez. A gyerty\u00e1k egyenletesen \u00e9gnek, f\u00fcstmentesek, \u00e9s a Bolsius m\u00e1rk\u00e1ra jellemz\u0151 hosszan tart\u00f3 illattal rendelkeznek. Tulajdons\u00e1gok: Tartalom: aj\u00e1nd\u00e9kcsomag teagyerty\u00e1kkal Min\u0151s\u00e9gi paraffinviasz az egyenletes \u00e9g\u00e9s\u00e9rt Finom, kellemes illatok Eleg\u00e1ns csomagol\u00e1s, aj\u00e1nd\u00e9knak is [&hellip;]<\/p>\n","protected":false},"featured_media":17839,"template":"","meta":[],"product_brand":[254],"product_cat":[320],"product_tag":[],"class_list":{"0":"post-17821","1":"product","2":"type-product","3":"status-publish","4":"has-post-thumbnail","6":"product_brand-bolsius","7":"product_cat-illatgyertyak-legfrissitok","9":"first","10":"instock","11":"taxable","12":"shipping-taxable","13":"purchasable","14":"product-type-simple"},"_links":{"self":[{"href":"https:\/\/perfettohome.sk\/hu\/wp-json\/wp\/v2\/product\/17821","targetHints":{"allow":["GET"]}}],"collection":[{"href":"https:\/\/perfettohome.sk\/hu\/wp-json\/wp\/v2\/product"}],"about":[{"href":"https:\/\/perfettohome.sk\/hu\/wp-json\/wp\/v2\/types\/product"}],"wp:featuredmedia":[{"embeddable":true,"href":"https:\/\/perfettohome.sk\/hu\/wp-json\/wp\/v2\/media\/17839"}],"wp:attachment":[{"href":"https:\/\/perfettohome.sk\/hu\/wp-json\/wp\/v2\/media?parent=17821"}],"wp:term":[{"taxonomy":"product_brand","embeddable":true,"href":"https:\/\/perfettohome.sk\/hu\/wp-json\/wp\/v2\/product_brand?post=17821"},{"taxonomy":"product_cat","embeddable":true,"href":"https:\/\/perfettohome.sk\/hu\/wp-json\/wp\/v2\/product_cat?post=17821"},{"taxonomy":"product_tag","embeddable":true,"href":"https:\/\/perfettohome.sk\/hu\/wp-json\/wp\/v2\/product_tag?post=17821"}],"curies":[{"name":"wp","href":"https:\/\/api.w.org\/{rel}","templated":true}]}}