{"id":17844,"date":"2025-11-11T09:23:41","date_gmt":"2025-11-11T08:23:41","guid":{"rendered":"https:\/\/perfettohome.sk\/?post_type=product&#038;p=17844"},"modified":"2025-12-16T15:35:52","modified_gmt":"2025-12-16T14:35:52","slug":"bolsius-botanic-freshness-illatos-gyertya-parafa-fedellel-66-83-egesi-ido-kb-21-ora","status":"publish","type":"product","link":"https:\/\/perfettohome.sk\/hu\/produkt\/bolsius-botanic-freshness-illatos-gyertya-parafa-fedellel-66-83-egesi-ido-kb-21-ora\/","title":{"rendered":"Bolsius Botanic Freshness illatos gyertya parafa fed\u00e9llel 66\/83 (\u00c9g\u00e9si id\u0151: kb. 21 \u00f3ra)"},"content":{"rendered":"<p>Friss \u00e9s term\u00e9szet ihlette illatot ny\u00fajt\u00f3 gyertya, amely kellemes hangulatot teremt otthon\u00e1ban. A parafa fed\u00e9l biztos\u00edtja az illat tart\u00f3ss\u00e1g\u00e1t \u00e9s eszt\u00e9tikus megjelen\u00e9st. Ide\u00e1lis relax\u00e1ci\u00f3hoz, dekor\u00e1ci\u00f3hoz vagy hangulatos pillanatokhoz.<\/p>\n<p>Tulajdons\u00e1gok:<br \/>\n\u00c9g\u00e9si id\u0151: kb. 21 \u00f3ra<br \/>\nT\u00edpus: illatos gyertya parafa fed\u00e9llel<br \/>\nIllat: Botanic Freshness<br \/>\nAlkalmas: otthon, relax\u00e1ci\u00f3, dekor\u00e1ci\u00f3<\/p>\n","protected":false},"excerpt":{"rendered":"<p>Friss \u00e9s term\u00e9szet ihlette illatot ny\u00fajt\u00f3 gyertya, amely kellemes hangulatot teremt otthon\u00e1ban. A parafa fed\u00e9l biztos\u00edtja az illat tart\u00f3ss\u00e1g\u00e1t \u00e9s eszt\u00e9tikus megjelen\u00e9st. Ide\u00e1lis relax\u00e1ci\u00f3hoz, dekor\u00e1ci\u00f3hoz vagy hangulatos pillanatokhoz. Tulajdons\u00e1gok: \u00c9g\u00e9si id\u0151: kb. 21 \u00f3ra T\u00edpus: illatos gyertya parafa fed\u00e9llel Illat: Botanic Freshness Alkalmas: otthon, relax\u00e1ci\u00f3, dekor\u00e1ci\u00f3<\/p>\n","protected":false},"featured_media":17851,"template":"","meta":[],"product_brand":[254],"product_cat":[320],"product_tag":[],"class_list":{"0":"post-17844","1":"product","2":"type-product","3":"status-publish","4":"has-post-thumbnail","6":"product_brand-bolsius","7":"product_cat-illatgyertyak-legfrissitok","9":"first","10":"instock","11":"taxable","12":"shipping-taxable","13":"purchasable","14":"product-type-simple"},"_links":{"self":[{"href":"https:\/\/perfettohome.sk\/hu\/wp-json\/wp\/v2\/product\/17844","targetHints":{"allow":["GET"]}}],"collection":[{"href":"https:\/\/perfettohome.sk\/hu\/wp-json\/wp\/v2\/product"}],"about":[{"href":"https:\/\/perfettohome.sk\/hu\/wp-json\/wp\/v2\/types\/product"}],"wp:featuredmedia":[{"embeddable":true,"href":"https:\/\/perfettohome.sk\/hu\/wp-json\/wp\/v2\/media\/17851"}],"wp:attachment":[{"href":"https:\/\/perfettohome.sk\/hu\/wp-json\/wp\/v2\/media?parent=17844"}],"wp:term":[{"taxonomy":"product_brand","embeddable":true,"href":"https:\/\/perfettohome.sk\/hu\/wp-json\/wp\/v2\/product_brand?post=17844"},{"taxonomy":"product_cat","embeddable":true,"href":"https:\/\/perfettohome.sk\/hu\/wp-json\/wp\/v2\/product_cat?post=17844"},{"taxonomy":"product_tag","embeddable":true,"href":"https:\/\/perfettohome.sk\/hu\/wp-json\/wp\/v2\/product_tag?post=17844"}],"curies":[{"name":"wp","href":"https:\/\/api.w.org\/{rel}","templated":true}]}}