{"id":17866,"date":"2025-11-11T09:39:36","date_gmt":"2025-11-11T08:39:36","guid":{"rendered":"https:\/\/perfettohome.sk\/?post_type=product&#038;p=17866"},"modified":"2025-12-16T15:48:54","modified_gmt":"2025-12-16T14:48:54","slug":"bolsius-oriental-softness-illatos-gyertya-parafa-fedellel-66-83-egesi-ido-kb-21-ora","status":"publish","type":"product","link":"https:\/\/perfettohome.sk\/hu\/produkt\/bolsius-oriental-softness-illatos-gyertya-parafa-fedellel-66-83-egesi-ido-kb-21-ora\/","title":{"rendered":"Bolsius Oriental Softness illatos gyertya parafa fed\u00e9llel 66\/83 (\u00c9g\u00e9si id\u0151: kb. 21 \u00f3ra)"},"content":{"rendered":"<p>Finom, orient\u00e1lis illat\u00fa gyertya, amely nyugodt \u00e9s kellemes l\u00e9gk\u00f6rt teremt otthon\u00e1ban. A parafa fed\u00e9l meg\u0151rzi az illat intenzit\u00e1s\u00e1t \u00e9s eleg\u00e1ns megjelen\u00e9st biztos\u00edt. Ide\u00e1lis relax\u00e1ci\u00f3hoz, dekor\u00e1ci\u00f3hoz vagy hangulatos pillanatokhoz.<\/p>\n<p>Tulajdons\u00e1gok:<br \/>\n\u00c9g\u00e9si id\u0151: kb. 21 \u00f3ra<br \/>\nT\u00edpus: illatos gyertya parafa fed\u00e9llel<br \/>\nIllat: Oriental Softness<br \/>\nAlkalmas: otthon, relax\u00e1ci\u00f3, dekor\u00e1ci\u00f3<\/p>\n","protected":false},"excerpt":{"rendered":"<p>Finom, orient\u00e1lis illat\u00fa gyertya, amely nyugodt \u00e9s kellemes l\u00e9gk\u00f6rt teremt otthon\u00e1ban. A parafa fed\u00e9l meg\u0151rzi az illat intenzit\u00e1s\u00e1t \u00e9s eleg\u00e1ns megjelen\u00e9st biztos\u00edt. Ide\u00e1lis relax\u00e1ci\u00f3hoz, dekor\u00e1ci\u00f3hoz vagy hangulatos pillanatokhoz. Tulajdons\u00e1gok: \u00c9g\u00e9si id\u0151: kb. 21 \u00f3ra T\u00edpus: illatos gyertya parafa fed\u00e9llel Illat: Oriental Softness Alkalmas: otthon, relax\u00e1ci\u00f3, dekor\u00e1ci\u00f3<\/p>\n","protected":false},"featured_media":17827,"template":"","meta":[],"product_brand":[254],"product_cat":[320],"product_tag":[],"class_list":{"0":"post-17866","1":"product","2":"type-product","3":"status-publish","4":"has-post-thumbnail","6":"product_brand-bolsius","7":"product_cat-illatgyertyak-legfrissitok","9":"first","10":"instock","11":"taxable","12":"shipping-taxable","13":"purchasable","14":"product-type-simple"},"_links":{"self":[{"href":"https:\/\/perfettohome.sk\/hu\/wp-json\/wp\/v2\/product\/17866","targetHints":{"allow":["GET"]}}],"collection":[{"href":"https:\/\/perfettohome.sk\/hu\/wp-json\/wp\/v2\/product"}],"about":[{"href":"https:\/\/perfettohome.sk\/hu\/wp-json\/wp\/v2\/types\/product"}],"wp:featuredmedia":[{"embeddable":true,"href":"https:\/\/perfettohome.sk\/hu\/wp-json\/wp\/v2\/media\/17827"}],"wp:attachment":[{"href":"https:\/\/perfettohome.sk\/hu\/wp-json\/wp\/v2\/media?parent=17866"}],"wp:term":[{"taxonomy":"product_brand","embeddable":true,"href":"https:\/\/perfettohome.sk\/hu\/wp-json\/wp\/v2\/product_brand?post=17866"},{"taxonomy":"product_cat","embeddable":true,"href":"https:\/\/perfettohome.sk\/hu\/wp-json\/wp\/v2\/product_cat?post=17866"},{"taxonomy":"product_tag","embeddable":true,"href":"https:\/\/perfettohome.sk\/hu\/wp-json\/wp\/v2\/product_tag?post=17866"}],"curies":[{"name":"wp","href":"https:\/\/api.w.org\/{rel}","templated":true}]}}