{"id":17869,"date":"2025-11-11T09:53:40","date_gmt":"2025-11-11T08:53:40","guid":{"rendered":"https:\/\/perfettohome.sk\/?post_type=product&#038;p=17869"},"modified":"2025-12-16T15:52:38","modified_gmt":"2025-12-16T14:52:38","slug":"bolsius-hosszu-gyertyak-245-24-12-db-ezust","status":"publish","type":"product","link":"https:\/\/perfettohome.sk\/hu\/produkt\/bolsius-hosszu-gyertyak-245-24-12-db-ezust\/","title":{"rendered":"Bolsius hossz\u00fa gyerty\u00e1k 245\/24 12 db \u2013 Ez\u00fcst"},"content":{"rendered":"<p>Eleg\u00e1ns, hossz\u00fa gyerty\u00e1k, amelyek biztos\u00edtj\u00e1k a stabil \u00e9s tiszta l\u00e1ngot hossz\u00fa id\u0151n kereszt\u00fcl. Ide\u00e1lis dekor\u00e1ci\u00f3k\u00e9nt, \u00fcnnepi asztalra vagy hangulatos vil\u00e1g\u00edt\u00e1sk\u00e9nt otthon\u00e1ban.<\/p>\n<p>Tulajdons\u00e1gok:<br \/>\nMennyis\u00e9g: 12 db<br \/>\nM\u00e9ret: 245\/24 mm<br \/>\nSz\u00edn: Ez\u00fcst<br \/>\n\u00c9g\u00e9si id\u0151: hossz\u00fa, egyenletes l\u00e1ng<br \/>\nAlkalmas: otthoni dekor\u00e1ci\u00f3, \u00fcnnepi alkalmak, hangulatos vil\u00e1g\u00edt\u00e1s<\/p>\n","protected":false},"excerpt":{"rendered":"<p>Eleg\u00e1ns, hossz\u00fa gyerty\u00e1k, amelyek biztos\u00edtj\u00e1k a stabil \u00e9s tiszta l\u00e1ngot hossz\u00fa id\u0151n kereszt\u00fcl. Ide\u00e1lis dekor\u00e1ci\u00f3k\u00e9nt, \u00fcnnepi asztalra vagy hangulatos vil\u00e1g\u00edt\u00e1sk\u00e9nt otthon\u00e1ban. Tulajdons\u00e1gok: Mennyis\u00e9g: 12 db M\u00e9ret: 245\/24 mm Sz\u00edn: Ez\u00fcst \u00c9g\u00e9si id\u0151: hossz\u00fa, egyenletes l\u00e1ng Alkalmas: otthoni dekor\u00e1ci\u00f3, \u00fcnnepi alkalmak, hangulatos vil\u00e1g\u00edt\u00e1s<\/p>\n","protected":false},"featured_media":17836,"template":"","meta":[],"product_brand":[254],"product_cat":[342],"product_tag":[],"class_list":{"0":"post-17869","1":"product","2":"type-product","3":"status-publish","4":"has-post-thumbnail","6":"product_brand-bolsius","7":"product_cat-dekorativ-gyertyak","9":"first","10":"instock","11":"taxable","12":"shipping-taxable","13":"purchasable","14":"product-type-simple"},"_links":{"self":[{"href":"https:\/\/perfettohome.sk\/hu\/wp-json\/wp\/v2\/product\/17869","targetHints":{"allow":["GET"]}}],"collection":[{"href":"https:\/\/perfettohome.sk\/hu\/wp-json\/wp\/v2\/product"}],"about":[{"href":"https:\/\/perfettohome.sk\/hu\/wp-json\/wp\/v2\/types\/product"}],"wp:featuredmedia":[{"embeddable":true,"href":"https:\/\/perfettohome.sk\/hu\/wp-json\/wp\/v2\/media\/17836"}],"wp:attachment":[{"href":"https:\/\/perfettohome.sk\/hu\/wp-json\/wp\/v2\/media?parent=17869"}],"wp:term":[{"taxonomy":"product_brand","embeddable":true,"href":"https:\/\/perfettohome.sk\/hu\/wp-json\/wp\/v2\/product_brand?post=17869"},{"taxonomy":"product_cat","embeddable":true,"href":"https:\/\/perfettohome.sk\/hu\/wp-json\/wp\/v2\/product_cat?post=17869"},{"taxonomy":"product_tag","embeddable":true,"href":"https:\/\/perfettohome.sk\/hu\/wp-json\/wp\/v2\/product_tag?post=17869"}],"curies":[{"name":"wp","href":"https:\/\/api.w.org\/{rel}","templated":true}]}}