{"id":17872,"date":"2025-11-11T10:09:27","date_gmt":"2025-11-11T09:09:27","guid":{"rendered":"https:\/\/perfettohome.sk\/?post_type=product&#038;p=17872"},"modified":"2025-12-16T15:56:22","modified_gmt":"2025-12-16T14:56:22","slug":"bolsius-maxi-teamecses-8-db-true-citronella-egesi-ido-8-ora","status":"publish","type":"product","link":"https:\/\/perfettohome.sk\/hu\/produkt\/bolsius-maxi-teamecses-8-db-true-citronella-egesi-ido-8-ora\/","title":{"rendered":"Bolsius MAXI team\u00e9cses 8 db True Citronella (\u00e9g\u00e9si id\u0151: 8 \u00f3ra)"},"content":{"rendered":"<p>A nagy m\u00e9ret\u0171 Bolsius True Citronella team\u00e9csesek ak\u00e1r 8 \u00f3r\u00e1n \u00e1t egyenletesen \u00e9gnek, \u00e9s friss\u00edt\u0151 citromf\u0171 illatot \u00e1rasztanak, amely kellemesen illatos\u00edtja a teret, mik\u00f6zben seg\u00edt t\u00e1vol tartani a rovarokat. Ide\u00e1lisak ny\u00e1ri est\u00e9khez a teraszon, erk\u00e9lyen vagy a kertben, ahol meghitt \u00e9s friss hangulatot teremtenek.<\/p>\n<p>Jellemz\u0151k:<\/p>\n<p>Csomagol\u00e1s: 8 db<br \/>\n\u00c9g\u00e9si id\u0151: kb. 8 \u00f3ra<br \/>\nIllat: citronella<br \/>\nNagy m\u00e9ret\u0171 team\u00e9csesek a hossz\u00fa \u00e9g\u00e9s\u00e9rt<br \/>\nEgyenletes \u00e9s tiszta \u00e9g\u00e9s<br \/>\nBelt\u00e9ri \u00e9s k\u00fclt\u00e9ri haszn\u00e1latra egyar\u00e1nt alkalmas<\/p>\n","protected":false},"excerpt":{"rendered":"<p>A nagy m\u00e9ret\u0171 Bolsius True Citronella team\u00e9csesek ak\u00e1r 8 \u00f3r\u00e1n \u00e1t egyenletesen \u00e9gnek, \u00e9s friss\u00edt\u0151 citromf\u0171 illatot \u00e1rasztanak, amely kellemesen illatos\u00edtja a teret, mik\u00f6zben seg\u00edt t\u00e1vol tartani a rovarokat. Ide\u00e1lisak ny\u00e1ri est\u00e9khez a teraszon, erk\u00e9lyen vagy a kertben, ahol meghitt \u00e9s friss hangulatot teremtenek. Jellemz\u0151k: Csomagol\u00e1s: 8 db \u00c9g\u00e9si id\u0151: kb. 8 \u00f3ra Illat: citronella [&hellip;]<\/p>\n","protected":false},"featured_media":17829,"template":"","meta":[],"product_brand":[254],"product_cat":[320],"product_tag":[],"class_list":{"0":"post-17872","1":"product","2":"type-product","3":"status-publish","4":"has-post-thumbnail","6":"product_brand-bolsius","7":"product_cat-illatgyertyak-legfrissitok","9":"first","10":"instock","11":"taxable","12":"shipping-taxable","13":"purchasable","14":"product-type-simple"},"_links":{"self":[{"href":"https:\/\/perfettohome.sk\/hu\/wp-json\/wp\/v2\/product\/17872","targetHints":{"allow":["GET"]}}],"collection":[{"href":"https:\/\/perfettohome.sk\/hu\/wp-json\/wp\/v2\/product"}],"about":[{"href":"https:\/\/perfettohome.sk\/hu\/wp-json\/wp\/v2\/types\/product"}],"wp:featuredmedia":[{"embeddable":true,"href":"https:\/\/perfettohome.sk\/hu\/wp-json\/wp\/v2\/media\/17829"}],"wp:attachment":[{"href":"https:\/\/perfettohome.sk\/hu\/wp-json\/wp\/v2\/media?parent=17872"}],"wp:term":[{"taxonomy":"product_brand","embeddable":true,"href":"https:\/\/perfettohome.sk\/hu\/wp-json\/wp\/v2\/product_brand?post=17872"},{"taxonomy":"product_cat","embeddable":true,"href":"https:\/\/perfettohome.sk\/hu\/wp-json\/wp\/v2\/product_cat?post=17872"},{"taxonomy":"product_tag","embeddable":true,"href":"https:\/\/perfettohome.sk\/hu\/wp-json\/wp\/v2\/product_tag?post=17872"}],"curies":[{"name":"wp","href":"https:\/\/api.w.org\/{rel}","templated":true}]}}