{"id":17875,"date":"2025-11-11T10:39:19","date_gmt":"2025-11-11T09:39:19","guid":{"rendered":"https:\/\/perfettohome.sk\/?post_type=product&#038;p=17875"},"modified":"2025-12-16T16:02:50","modified_gmt":"2025-12-16T15:02:50","slug":"bolsius-kulteri-gyertya-terrakotta-talkaban-true-citronella-230-60-mm-egesi-ido-14-ora","status":"publish","type":"product","link":"https:\/\/perfettohome.sk\/hu\/produkt\/bolsius-kulteri-gyertya-terrakotta-talkaban-true-citronella-230-60-mm-egesi-ido-14-ora\/","title":{"rendered":"Bolsius k\u00fclt\u00e9ri gyertya terrakotta t\u00e1lk\u00e1ban True Citronella 230\/60 mm (\u00e9g\u00e9si id\u0151 14 \u00f3ra)"},"content":{"rendered":"<p>Vonkaj\u0161ia svie\u010dka Bolsius True Citronella v terakotovej miske prin\u00e1\u0161a a\u017e 14 hod\u00edn rovnomern\u00e9ho horenia a osvie\u017euj\u00facu v\u00f4\u0148u citronelly, ktor\u00e1 pom\u00e1ha odpudzova\u0165 hmyz. Perfektn\u00e1 na terasu, balk\u00f3n alebo z\u00e1hradu, vytv\u00e1ra \u00fatuln\u00fa a pr\u00edjemn\u00fa atmosf\u00e9ru po\u010das letn\u00fdch ve\u010derov. Terakotov\u00e1 miska zaru\u010duje stabilitu a bezpe\u010dn\u00e9 pou\u017e\u00edvanie.<\/p>\n<p>Vlastnosti:<\/p>\n<p>Rozmer: 230 \u00d7 60 mm<\/p>\n<p>Doba horenia: cca 14 hod\u00edn<\/p>\n<p>V\u00f4\u0148a: citronella<\/p>\n<p>Stabiln\u00e1 terakotov\u00e1 miska<\/p>\n<p>Rovnomern\u00e9 a \u010dist\u00e9 horenie<\/p>\n<p>Ide\u00e1lna na vonkaj\u0161ie pou\u017eitie<\/p>\n","protected":false},"excerpt":{"rendered":"<p>Vonkaj\u0161ia svie\u010dka Bolsius True Citronella v terakotovej miske prin\u00e1\u0161a a\u017e 14 hod\u00edn rovnomern\u00e9ho horenia a osvie\u017euj\u00facu v\u00f4\u0148u citronelly, ktor\u00e1 pom\u00e1ha odpudzova\u0165 hmyz. Perfektn\u00e1 na terasu, balk\u00f3n alebo z\u00e1hradu, vytv\u00e1ra \u00fatuln\u00fa a pr\u00edjemn\u00fa atmosf\u00e9ru po\u010das letn\u00fdch ve\u010derov. Terakotov\u00e1 miska zaru\u010duje stabilitu a bezpe\u010dn\u00e9 pou\u017e\u00edvanie. Vlastnosti: Rozmer: 230 \u00d7 60 mm Doba horenia: cca 14 hod\u00edn V\u00f4\u0148a: [&hellip;]<\/p>\n","protected":false},"featured_media":17833,"template":"","meta":[],"product_brand":[254],"product_cat":[320],"product_tag":[],"class_list":{"0":"post-17875","1":"product","2":"type-product","3":"status-publish","4":"has-post-thumbnail","6":"product_brand-bolsius","7":"product_cat-illatgyertyak-legfrissitok","9":"first","10":"instock","11":"taxable","12":"shipping-taxable","13":"purchasable","14":"product-type-simple"},"_links":{"self":[{"href":"https:\/\/perfettohome.sk\/hu\/wp-json\/wp\/v2\/product\/17875","targetHints":{"allow":["GET"]}}],"collection":[{"href":"https:\/\/perfettohome.sk\/hu\/wp-json\/wp\/v2\/product"}],"about":[{"href":"https:\/\/perfettohome.sk\/hu\/wp-json\/wp\/v2\/types\/product"}],"wp:featuredmedia":[{"embeddable":true,"href":"https:\/\/perfettohome.sk\/hu\/wp-json\/wp\/v2\/media\/17833"}],"wp:attachment":[{"href":"https:\/\/perfettohome.sk\/hu\/wp-json\/wp\/v2\/media?parent=17875"}],"wp:term":[{"taxonomy":"product_brand","embeddable":true,"href":"https:\/\/perfettohome.sk\/hu\/wp-json\/wp\/v2\/product_brand?post=17875"},{"taxonomy":"product_cat","embeddable":true,"href":"https:\/\/perfettohome.sk\/hu\/wp-json\/wp\/v2\/product_cat?post=17875"},{"taxonomy":"product_tag","embeddable":true,"href":"https:\/\/perfettohome.sk\/hu\/wp-json\/wp\/v2\/product_tag?post=17875"}],"curies":[{"name":"wp","href":"https:\/\/api.w.org\/{rel}","templated":true}]}}