{"id":17879,"date":"2025-11-11T11:23:41","date_gmt":"2025-11-11T10:23:41","guid":{"rendered":"https:\/\/perfettohome.sk\/?post_type=product&#038;p=17879"},"modified":"2025-12-16T16:09:59","modified_gmt":"2025-12-16T15:09:59","slug":"bolsius-uveges-mecses-spring-36-ora-egesi-idovel","status":"publish","type":"product","link":"https:\/\/perfettohome.sk\/hu\/produkt\/bolsius-uveges-mecses-spring-36-ora-egesi-idovel\/","title":{"rendered":"Bolsius \u00fcveges m\u00e9cses Spring 36 \u00f3ra \u00e9g\u00e9si id\u0151vel"},"content":{"rendered":"<p>Az eleg\u00e1ns Bolsius Spring \u00fcveges m\u00e9cses ak\u00e1r 36 \u00f3r\u00e1s egyenletes \u00e9g\u00e9st biztos\u00edt. Az \u00fcvegtart\u00f3 biztons\u00e1gos haszn\u00e1latot garant\u00e1l, mik\u00f6zben dekorat\u00edv kieg\u00e9sz\u00edt\u0151k\u00e9nt is szolg\u00e1l.<\/p>\n<p>Tulajdons\u00e1gok:<\/p>\n<p>\u00c9g\u00e9si id\u0151: kb. 36 \u00f3ra<br \/>\n\u00dcvegtart\u00f3 a biztons\u00e1gos haszn\u00e1lathoz<br \/>\nEgyenletes \u00e9s tiszta \u00e9g\u00e9s<br \/>\nEleg\u00e1ns diz\u00e1jn<\/p>\n","protected":false},"excerpt":{"rendered":"<p>Az eleg\u00e1ns Bolsius Spring \u00fcveges m\u00e9cses ak\u00e1r 36 \u00f3r\u00e1s egyenletes \u00e9g\u00e9st biztos\u00edt. Az \u00fcvegtart\u00f3 biztons\u00e1gos haszn\u00e1latot garant\u00e1l, mik\u00f6zben dekorat\u00edv kieg\u00e9sz\u00edt\u0151k\u00e9nt is szolg\u00e1l. Tulajdons\u00e1gok: \u00c9g\u00e9si id\u0151: kb. 36 \u00f3ra \u00dcvegtart\u00f3 a biztons\u00e1gos haszn\u00e1lathoz Egyenletes \u00e9s tiszta \u00e9g\u00e9s Eleg\u00e1ns diz\u00e1jn<\/p>\n","protected":false},"featured_media":17841,"template":"","meta":[],"product_brand":[254],"product_cat":[337],"product_tag":[],"class_list":{"0":"post-17879","1":"product","2":"type-product","3":"status-publish","4":"has-post-thumbnail","6":"product_brand-bolsius","7":"product_cat-kahance-hu-2","9":"first","10":"instock","11":"taxable","12":"shipping-taxable","13":"purchasable","14":"product-type-simple"},"_links":{"self":[{"href":"https:\/\/perfettohome.sk\/hu\/wp-json\/wp\/v2\/product\/17879","targetHints":{"allow":["GET"]}}],"collection":[{"href":"https:\/\/perfettohome.sk\/hu\/wp-json\/wp\/v2\/product"}],"about":[{"href":"https:\/\/perfettohome.sk\/hu\/wp-json\/wp\/v2\/types\/product"}],"wp:featuredmedia":[{"embeddable":true,"href":"https:\/\/perfettohome.sk\/hu\/wp-json\/wp\/v2\/media\/17841"}],"wp:attachment":[{"href":"https:\/\/perfettohome.sk\/hu\/wp-json\/wp\/v2\/media?parent=17879"}],"wp:term":[{"taxonomy":"product_brand","embeddable":true,"href":"https:\/\/perfettohome.sk\/hu\/wp-json\/wp\/v2\/product_brand?post=17879"},{"taxonomy":"product_cat","embeddable":true,"href":"https:\/\/perfettohome.sk\/hu\/wp-json\/wp\/v2\/product_cat?post=17879"},{"taxonomy":"product_tag","embeddable":true,"href":"https:\/\/perfettohome.sk\/hu\/wp-json\/wp\/v2\/product_tag?post=17879"}],"curies":[{"name":"wp","href":"https:\/\/api.w.org\/{rel}","templated":true}]}}