{"id":17880,"date":"2025-11-11T11:23:41","date_gmt":"2025-11-11T10:23:41","guid":{"rendered":"https:\/\/perfettohome.sk\/?post_type=product&#038;p=17880"},"modified":"2025-12-16T16:13:41","modified_gmt":"2025-12-16T15:13:41","slug":"bolsius-angel-uveges-mecses-36h","status":"publish","type":"product","link":"https:\/\/perfettohome.sk\/hu\/produkt\/bolsius-angel-uveges-mecses-36h\/","title":{"rendered":"Bolsius Angel \u00fcveges m\u00e9cses 36h"},"content":{"rendered":"<p>A Bolsius Angel \u00fcveges s\u00edrm\u00e9cses ak\u00e1r 36 \u00f3r\u00e1s egyenletes \u00e9g\u00e9st biztos\u00edt illatanyag hozz\u00e1ad\u00e1sa n\u00e9lk\u00fcl. Az eleg\u00e1ns \u00fcvegtart\u00f3 v\u00e9di a l\u00e1ngot \u00e9s biztos\u00edtja a biztons\u00e1gos haszn\u00e1latot, mik\u00f6zben tiszteletteljes, nyugodt l\u00e9gk\u00f6rt teremt a s\u00edrn\u00e1l.<\/p>\n<p>Tulajdons\u00e1gok:<\/p>\n<p>\u00c9g\u00e9si id\u0151: kb. 36 \u00f3ra<br \/>\n\u00dcvegtart\u00f3 a biztons\u00e1gos \u00e9g\u00e9shez<br \/>\nEgyenletes \u00e9s tiszta \u00e9g\u00e9s<br \/>\nEleg\u00e1ns \u00e9s tiszteletteljes diz\u00e1jn, s\u00edrokra alkalmas<\/p>\n","protected":false},"excerpt":{"rendered":"<p>A Bolsius Angel \u00fcveges s\u00edrm\u00e9cses ak\u00e1r 36 \u00f3r\u00e1s egyenletes \u00e9g\u00e9st biztos\u00edt illatanyag hozz\u00e1ad\u00e1sa n\u00e9lk\u00fcl. Az eleg\u00e1ns \u00fcvegtart\u00f3 v\u00e9di a l\u00e1ngot \u00e9s biztos\u00edtja a biztons\u00e1gos haszn\u00e1latot, mik\u00f6zben tiszteletteljes, nyugodt l\u00e9gk\u00f6rt teremt a s\u00edrn\u00e1l. Tulajdons\u00e1gok: \u00c9g\u00e9si id\u0151: kb. 36 \u00f3ra \u00dcvegtart\u00f3 a biztons\u00e1gos \u00e9g\u00e9shez Egyenletes \u00e9s tiszta \u00e9g\u00e9s Eleg\u00e1ns \u00e9s tiszteletteljes diz\u00e1jn, s\u00edrokra alkalmas<\/p>\n","protected":false},"featured_media":17834,"template":"","meta":[],"product_brand":[254],"product_cat":[337],"product_tag":[],"class_list":{"0":"post-17880","1":"product","2":"type-product","3":"status-publish","4":"has-post-thumbnail","6":"product_brand-bolsius","7":"product_cat-kahance-hu-2","9":"first","10":"instock","11":"taxable","12":"shipping-taxable","13":"purchasable","14":"product-type-simple"},"_links":{"self":[{"href":"https:\/\/perfettohome.sk\/hu\/wp-json\/wp\/v2\/product\/17880","targetHints":{"allow":["GET"]}}],"collection":[{"href":"https:\/\/perfettohome.sk\/hu\/wp-json\/wp\/v2\/product"}],"about":[{"href":"https:\/\/perfettohome.sk\/hu\/wp-json\/wp\/v2\/types\/product"}],"wp:featuredmedia":[{"embeddable":true,"href":"https:\/\/perfettohome.sk\/hu\/wp-json\/wp\/v2\/media\/17834"}],"wp:attachment":[{"href":"https:\/\/perfettohome.sk\/hu\/wp-json\/wp\/v2\/media?parent=17880"}],"wp:term":[{"taxonomy":"product_brand","embeddable":true,"href":"https:\/\/perfettohome.sk\/hu\/wp-json\/wp\/v2\/product_brand?post=17880"},{"taxonomy":"product_cat","embeddable":true,"href":"https:\/\/perfettohome.sk\/hu\/wp-json\/wp\/v2\/product_cat?post=17880"},{"taxonomy":"product_tag","embeddable":true,"href":"https:\/\/perfettohome.sk\/hu\/wp-json\/wp\/v2\/product_tag?post=17880"}],"curies":[{"name":"wp","href":"https:\/\/api.w.org\/{rel}","templated":true}]}}