{"id":17885,"date":"2025-11-11T11:23:42","date_gmt":"2025-11-11T10:23:42","guid":{"rendered":"https:\/\/perfettohome.sk\/?post_type=product&#038;p=17885"},"modified":"2025-12-16T16:20:31","modified_gmt":"2025-12-16T15:20:31","slug":"bolsius-merry-moments-illatgyertya-uvegben-kb-25h","status":"publish","type":"product","link":"https:\/\/perfettohome.sk\/hu\/produkt\/bolsius-merry-moments-illatgyertya-uvegben-kb-25h\/","title":{"rendered":"Bolsius Merry Moments illatgyertya \u00fcvegben kb. 25h"},"content":{"rendered":"<p>A Bolsius Merry Moments illatgyertya \u00fcvegben kb. 25 \u00f3r\u00e1s egyenletes \u00e9g\u00e9st biztos\u00edt. Az \u00fcvegtart\u00f3 eleg\u00e1ns megjelen\u00e9st k\u00f6lcs\u00f6n\u00f6z, mik\u00f6zben kellemes illattal t\u00f6lti meg a helyis\u00e9get \u00e9s biztons\u00e1gos haszn\u00e1latot ny\u00fajt.<\/p>\n<p>Tulajdons\u00e1gok:<\/p>\n<p>\u00c9g\u00e9si id\u0151: kb. 25 \u00f3ra<br \/>\n\u00dcvegtart\u00f3 a biztons\u00e1gos haszn\u00e1lathoz<br \/>\nEgyenletes \u00e9s tiszta \u00e9g\u00e9s<br \/>\nEleg\u00e1ns illatgyertya otthoni haszn\u00e1latra<\/p>\n","protected":false},"excerpt":{"rendered":"<p>A Bolsius Merry Moments illatgyertya \u00fcvegben kb. 25 \u00f3r\u00e1s egyenletes \u00e9g\u00e9st biztos\u00edt. Az \u00fcvegtart\u00f3 eleg\u00e1ns megjelen\u00e9st k\u00f6lcs\u00f6n\u00f6z, mik\u00f6zben kellemes illattal t\u00f6lti meg a helyis\u00e9get \u00e9s biztons\u00e1gos haszn\u00e1latot ny\u00fajt. Tulajdons\u00e1gok: \u00c9g\u00e9si id\u0151: kb. 25 \u00f3ra \u00dcvegtart\u00f3 a biztons\u00e1gos haszn\u00e1lathoz Egyenletes \u00e9s tiszta \u00e9g\u00e9s Eleg\u00e1ns illatgyertya otthoni haszn\u00e1latra<\/p>\n","protected":false},"featured_media":17886,"template":"","meta":[],"product_brand":[254],"product_cat":[320],"product_tag":[],"class_list":{"0":"post-17885","1":"product","2":"type-product","3":"status-publish","4":"has-post-thumbnail","6":"product_brand-bolsius","7":"product_cat-illatgyertyak-legfrissitok","9":"first","10":"instock","11":"taxable","12":"shipping-taxable","13":"purchasable","14":"product-type-simple"},"_links":{"self":[{"href":"https:\/\/perfettohome.sk\/hu\/wp-json\/wp\/v2\/product\/17885","targetHints":{"allow":["GET"]}}],"collection":[{"href":"https:\/\/perfettohome.sk\/hu\/wp-json\/wp\/v2\/product"}],"about":[{"href":"https:\/\/perfettohome.sk\/hu\/wp-json\/wp\/v2\/types\/product"}],"wp:featuredmedia":[{"embeddable":true,"href":"https:\/\/perfettohome.sk\/hu\/wp-json\/wp\/v2\/media\/17886"}],"wp:attachment":[{"href":"https:\/\/perfettohome.sk\/hu\/wp-json\/wp\/v2\/media?parent=17885"}],"wp:term":[{"taxonomy":"product_brand","embeddable":true,"href":"https:\/\/perfettohome.sk\/hu\/wp-json\/wp\/v2\/product_brand?post=17885"},{"taxonomy":"product_cat","embeddable":true,"href":"https:\/\/perfettohome.sk\/hu\/wp-json\/wp\/v2\/product_cat?post=17885"},{"taxonomy":"product_tag","embeddable":true,"href":"https:\/\/perfettohome.sk\/hu\/wp-json\/wp\/v2\/product_tag?post=17885"}],"curies":[{"name":"wp","href":"https:\/\/api.w.org\/{rel}","templated":true}]}}