{"id":17890,"date":"2025-11-11T12:23:42","date_gmt":"2025-11-11T11:23:42","guid":{"rendered":"https:\/\/perfettohome.sk\/?post_type=product&#038;p=17890"},"modified":"2025-12-16T16:25:28","modified_gmt":"2025-12-16T15:25:28","slug":"bolsius-maxi-teamecsesek-8-db-silent-night-kb-4-oras-egesi-idovel","status":"publish","type":"product","link":"https:\/\/perfettohome.sk\/hu\/produkt\/bolsius-maxi-teamecsesek-8-db-silent-night-kb-4-oras-egesi-idovel\/","title":{"rendered":"Bolsius MAXI team\u00e9csesek 8 db \u2013 Silent Night, kb. 4 \u00f3r\u00e1s \u00e9g\u00e9si id\u0151vel."},"content":{"rendered":"<p>A Bolsius nagy team\u00e9csesek \u2013 Silent Night ak\u00e1r 4 \u00f3r\u00e1s egyenletes \u00e9g\u00e9st biztos\u00edtanak, finom, nyugtat\u00f3 illattal, amely b\u00e9k\u00e9t \u00e9s relax\u00e1l\u00f3 hangulatot teremt. Ide\u00e1lis esti pihen\u00e9shez, \u00fcnnepi alkalmakhoz vagy dekor\u00e1ci\u00f3k\u00e9nt a bels\u0151 t\u00e9rben.<\/p>\n<p>Tulajdons\u00e1gok:<\/p>\n<p>Csomagol\u00e1s: 8 db<\/p>\n<p>\u00c9g\u00e9si id\u0151: kb. 4 \u00f3ra<\/p>\n<p>Illat: Silent Night \u2013 finom \u00e9s nyugtat\u00f3<\/p>\n<p>Nagy team\u00e9csesek hosszabb \u00e9g\u00e9shez<\/p>\n<p>Egyenletes \u00e9s tiszta \u00e9g\u00e9s<\/p>\n<p>Belt\u00e9ri haszn\u00e1latra, relax\u00e1ci\u00f3hoz vagy dekor\u00e1ci\u00f3hoz megfelel\u0151<\/p>\n","protected":false},"excerpt":{"rendered":"<p>A Bolsius nagy team\u00e9csesek \u2013 Silent Night ak\u00e1r 4 \u00f3r\u00e1s egyenletes \u00e9g\u00e9st biztos\u00edtanak, finom, nyugtat\u00f3 illattal, amely b\u00e9k\u00e9t \u00e9s relax\u00e1l\u00f3 hangulatot teremt. Ide\u00e1lis esti pihen\u00e9shez, \u00fcnnepi alkalmakhoz vagy dekor\u00e1ci\u00f3k\u00e9nt a bels\u0151 t\u00e9rben. Tulajdons\u00e1gok: Csomagol\u00e1s: 8 db \u00c9g\u00e9si id\u0151: kb. 4 \u00f3ra Illat: Silent Night \u2013 finom \u00e9s nyugtat\u00f3 Nagy team\u00e9csesek hosszabb \u00e9g\u00e9shez Egyenletes \u00e9s tiszta [&hellip;]<\/p>\n","protected":false},"featured_media":17835,"template":"","meta":[],"product_brand":[254],"product_cat":[320],"product_tag":[],"class_list":{"0":"post-17890","1":"product","2":"type-product","3":"status-publish","4":"has-post-thumbnail","6":"product_brand-bolsius","7":"product_cat-illatgyertyak-legfrissitok","9":"first","10":"instock","11":"taxable","12":"shipping-taxable","13":"purchasable","14":"product-type-simple"},"_links":{"self":[{"href":"https:\/\/perfettohome.sk\/hu\/wp-json\/wp\/v2\/product\/17890","targetHints":{"allow":["GET"]}}],"collection":[{"href":"https:\/\/perfettohome.sk\/hu\/wp-json\/wp\/v2\/product"}],"about":[{"href":"https:\/\/perfettohome.sk\/hu\/wp-json\/wp\/v2\/types\/product"}],"wp:featuredmedia":[{"embeddable":true,"href":"https:\/\/perfettohome.sk\/hu\/wp-json\/wp\/v2\/media\/17835"}],"wp:attachment":[{"href":"https:\/\/perfettohome.sk\/hu\/wp-json\/wp\/v2\/media?parent=17890"}],"wp:term":[{"taxonomy":"product_brand","embeddable":true,"href":"https:\/\/perfettohome.sk\/hu\/wp-json\/wp\/v2\/product_brand?post=17890"},{"taxonomy":"product_cat","embeddable":true,"href":"https:\/\/perfettohome.sk\/hu\/wp-json\/wp\/v2\/product_cat?post=17890"},{"taxonomy":"product_tag","embeddable":true,"href":"https:\/\/perfettohome.sk\/hu\/wp-json\/wp\/v2\/product_tag?post=17890"}],"curies":[{"name":"wp","href":"https:\/\/api.w.org\/{rel}","templated":true}]}}