{"id":17918,"date":"2025-11-11T14:24:28","date_gmt":"2025-11-11T13:24:28","guid":{"rendered":"https:\/\/perfettohome.sk\/?post_type=product&#038;p=17918"},"modified":"2025-12-16T22:39:18","modified_gmt":"2025-12-16T21:39:18","slug":"bolsius-rusztikalis-gyertya-sunset-80-68mm-velvet-red-copper","status":"publish","type":"product","link":"https:\/\/perfettohome.sk\/hu\/produkt\/bolsius-rusztikalis-gyertya-sunset-80-68mm-velvet-red-copper\/","title":{"rendered":"Bolsius rusztik\u00e1lis gyertya sunset 80\/68mm Velvet red\/copper"},"content":{"rendered":"<p>A Bolsius Sunset rusztikus gyertya kellemes \u00e9s otthonos hangulatot teremt otthon\u00e1ban. A min\u0151s\u00e9gi viasz biztos\u00edtja az egyenletes \u00e9s tiszta \u00e9g\u00e9st, m\u00edg rusztikus kialak\u00edt\u00e1sa st\u00edlusos, term\u00e9szetes megjelen\u00e9st k\u00f6lcs\u00f6n\u00f6z a bels\u0151 t\u00e9rnek. Ide\u00e1lis dekor\u00e1ci\u00f3hoz, pihen\u00e9shez vagy aj\u00e1nd\u00e9knak.<\/p>\n<p>Tulajdons\u00e1gok:<\/p>\n<p>M\u00e9ret: 80 \u00d7 68 mm<\/p>\n<p>T\u00edpus: rusztikus gyertya<\/p>\n<p>Egyenletes \u00e9s tiszta \u00e9g\u00e9s<\/p>\n<p>Term\u00e9szetes, rusztikus megjelen\u00e9s<\/p>\n<p>Ide\u00e1lis dekor\u00e1ci\u00f3hoz, pihen\u00e9shez vagy aj\u00e1nd\u00e9knak<\/p>\n","protected":false},"excerpt":{"rendered":"<p>A Bolsius Sunset rusztikus gyertya kellemes \u00e9s otthonos hangulatot teremt otthon\u00e1ban. A min\u0151s\u00e9gi viasz biztos\u00edtja az egyenletes \u00e9s tiszta \u00e9g\u00e9st, m\u00edg rusztikus kialak\u00edt\u00e1sa st\u00edlusos, term\u00e9szetes megjelen\u00e9st k\u00f6lcs\u00f6n\u00f6z a bels\u0151 t\u00e9rnek. Ide\u00e1lis dekor\u00e1ci\u00f3hoz, pihen\u00e9shez vagy aj\u00e1nd\u00e9knak. Tulajdons\u00e1gok: M\u00e9ret: 80 \u00d7 68 mm T\u00edpus: rusztikus gyertya Egyenletes \u00e9s tiszta \u00e9g\u00e9s Term\u00e9szetes, rusztikus megjelen\u00e9s Ide\u00e1lis dekor\u00e1ci\u00f3hoz, pihen\u00e9shez vagy [&hellip;]<\/p>\n","protected":false},"featured_media":17853,"template":"","meta":[],"product_brand":[254],"product_cat":[342],"product_tag":[],"class_list":{"0":"post-17918","1":"product","2":"type-product","3":"status-publish","4":"has-post-thumbnail","6":"product_brand-bolsius","7":"product_cat-dekorativ-gyertyak","9":"first","10":"instock","11":"taxable","12":"shipping-taxable","13":"purchasable","14":"product-type-simple"},"_links":{"self":[{"href":"https:\/\/perfettohome.sk\/hu\/wp-json\/wp\/v2\/product\/17918","targetHints":{"allow":["GET"]}}],"collection":[{"href":"https:\/\/perfettohome.sk\/hu\/wp-json\/wp\/v2\/product"}],"about":[{"href":"https:\/\/perfettohome.sk\/hu\/wp-json\/wp\/v2\/types\/product"}],"wp:featuredmedia":[{"embeddable":true,"href":"https:\/\/perfettohome.sk\/hu\/wp-json\/wp\/v2\/media\/17853"}],"wp:attachment":[{"href":"https:\/\/perfettohome.sk\/hu\/wp-json\/wp\/v2\/media?parent=17918"}],"wp:term":[{"taxonomy":"product_brand","embeddable":true,"href":"https:\/\/perfettohome.sk\/hu\/wp-json\/wp\/v2\/product_brand?post=17918"},{"taxonomy":"product_cat","embeddable":true,"href":"https:\/\/perfettohome.sk\/hu\/wp-json\/wp\/v2\/product_cat?post=17918"},{"taxonomy":"product_tag","embeddable":true,"href":"https:\/\/perfettohome.sk\/hu\/wp-json\/wp\/v2\/product_tag?post=17918"}],"curies":[{"name":"wp","href":"https:\/\/api.w.org\/{rel}","templated":true}]}}