{"id":17920,"date":"2025-11-11T14:39:25","date_gmt":"2025-11-11T13:39:25","guid":{"rendered":"https:\/\/perfettohome.sk\/?post_type=product&#038;p=17920"},"modified":"2025-12-16T22:42:21","modified_gmt":"2025-12-16T21:42:21","slug":"bolsius-rustikalna-sviecka-sunset-130-68mm-ash-rose","status":"publish","type":"product","link":"https:\/\/perfettohome.sk\/hu\/produkt\/bolsius-rustikalna-sviecka-sunset-130-68mm-ash-rose\/","title":{"rendered":"Bolsius rusztikus gyertya sunset 130\/68mm Ash Rose"},"content":{"rendered":"<p>A Bolsius Sunset rusztikus gyertya kellemes \u00e9s otthonos hangulatot teremt otthon\u00e1ban. A min\u0151s\u00e9gi viasz biztos\u00edtja az egyenletes \u00e9s tiszta \u00e9g\u00e9st, m\u00edg rusztikus kialak\u00edt\u00e1sa st\u00edlusos, term\u00e9szetes megjelen\u00e9st k\u00f6lcs\u00f6n\u00f6z a bels\u0151 t\u00e9rnek. Ide\u00e1lis dekor\u00e1ci\u00f3hoz, pihen\u00e9shez vagy aj\u00e1nd\u00e9knak.<\/p>\n<p>Tulajdons\u00e1gok:<\/p>\n<p>M\u00e9ret: 130 \u00d7 68 mm<\/p>\n<p>T\u00edpus: rusztikus gyertya<\/p>\n<p>Egyenletes \u00e9s tiszta \u00e9g\u00e9s<\/p>\n<p>Term\u00e9szetes, rusztikus megjelen\u00e9s<\/p>\n<p>Ide\u00e1lis dekor\u00e1ci\u00f3hoz, pihen\u00e9shez vagy aj\u00e1nd\u00e9knak<\/p>\n","protected":false},"excerpt":{"rendered":"<p>A Bolsius Sunset rusztikus gyertya kellemes \u00e9s otthonos hangulatot teremt otthon\u00e1ban. A min\u0151s\u00e9gi viasz biztos\u00edtja az egyenletes \u00e9s tiszta \u00e9g\u00e9st, m\u00edg rusztikus kialak\u00edt\u00e1sa st\u00edlusos, term\u00e9szetes megjelen\u00e9st k\u00f6lcs\u00f6n\u00f6z a bels\u0151 t\u00e9rnek. Ide\u00e1lis dekor\u00e1ci\u00f3hoz, pihen\u00e9shez vagy aj\u00e1nd\u00e9knak. Tulajdons\u00e1gok: M\u00e9ret: 130 \u00d7 68 mm T\u00edpus: rusztikus gyertya Egyenletes \u00e9s tiszta \u00e9g\u00e9s Term\u00e9szetes, rusztikus megjelen\u00e9s Ide\u00e1lis dekor\u00e1ci\u00f3hoz, pihen\u00e9shez vagy [&hellip;]<\/p>\n","protected":false},"featured_media":17856,"template":"","meta":[],"product_brand":[254],"product_cat":[342],"product_tag":[],"class_list":{"0":"post-17920","1":"product","2":"type-product","3":"status-publish","4":"has-post-thumbnail","6":"product_brand-bolsius","7":"product_cat-dekorativ-gyertyak","9":"first","10":"instock","11":"taxable","12":"shipping-taxable","13":"purchasable","14":"product-type-simple"},"_links":{"self":[{"href":"https:\/\/perfettohome.sk\/hu\/wp-json\/wp\/v2\/product\/17920","targetHints":{"allow":["GET"]}}],"collection":[{"href":"https:\/\/perfettohome.sk\/hu\/wp-json\/wp\/v2\/product"}],"about":[{"href":"https:\/\/perfettohome.sk\/hu\/wp-json\/wp\/v2\/types\/product"}],"wp:featuredmedia":[{"embeddable":true,"href":"https:\/\/perfettohome.sk\/hu\/wp-json\/wp\/v2\/media\/17856"}],"wp:attachment":[{"href":"https:\/\/perfettohome.sk\/hu\/wp-json\/wp\/v2\/media?parent=17920"}],"wp:term":[{"taxonomy":"product_brand","embeddable":true,"href":"https:\/\/perfettohome.sk\/hu\/wp-json\/wp\/v2\/product_brand?post=17920"},{"taxonomy":"product_cat","embeddable":true,"href":"https:\/\/perfettohome.sk\/hu\/wp-json\/wp\/v2\/product_cat?post=17920"},{"taxonomy":"product_tag","embeddable":true,"href":"https:\/\/perfettohome.sk\/hu\/wp-json\/wp\/v2\/product_tag?post=17920"}],"curies":[{"name":"wp","href":"https:\/\/api.w.org\/{rel}","templated":true}]}}