{"id":17945,"date":"2025-11-27T15:23:47","date_gmt":"2025-11-27T14:23:47","guid":{"rendered":"https:\/\/perfettohome.sk\/?post_type=product&#038;p=17945"},"modified":"2025-12-16T23:10:46","modified_gmt":"2025-12-16T22:10:46","slug":"pronto-portalanito-spray-250-ml-amber-arganolaj","status":"publish","type":"product","link":"https:\/\/perfettohome.sk\/hu\/produkt\/pronto-portalanito-spray-250-ml-amber-arganolaj\/","title":{"rendered":"Pronto portalan\u00edt\u00f3 spray 250 ml Amber &#038; Arg\u00e1nolaj"},"content":{"rendered":"<p>A Pronto Amber &amp; Argan Oil hat\u00e9kony portalan\u00edt\u00f3 k\u00e9sz\u00edtm\u00e9ny, amely egyben \u00e1polja a fel\u00fcleteket \u00e9s term\u00e9szetes f\u00e9nyt ad nekik. Az arg\u00e1nolaj tartalm\u00e1nak k\u00f6sz\u00f6nhet\u0151en v\u00e9d\u0151r\u00e9teget k\u00e9pez, amely seg\u00edt megel\u0151zni a por \u00fajb\u00f3li lerak\u00f3d\u00e1s\u00e1t. A finom borosty\u00e1nillat kellemes, eleg\u00e1ns tisztas\u00e1g\u00e9rzetet hagy maga ut\u00e1n az otthon\u00e1ban.<\/p>\n<p>Jellemz\u0151k:<\/p>\n<p>\u0170rtartalom: 250 ml<br \/>\nHat\u00e9konyan elt\u00e1vol\u00edtja a port \u00e9s a szennyez\u0151d\u00e9seket<br \/>\nArg\u00e1nolajat tartalmaz a k\u00edm\u00e9letes fel\u00fclet\u00e1pol\u00e1s\u00e9rt<br \/>\nSz\u00e9p, term\u00e9szetes f\u00e9nyt hagy maga ut\u00e1n<br \/>\nKellemes borosty\u00e1nillat<br \/>\nAlkalmas fa-, lamin\u00e1lt-, m\u0171anyag \u00e9s egy\u00e9b moshat\u00f3 fel\u00fcletekre<\/p>\n","protected":false},"excerpt":{"rendered":"<p>A Pronto Amber &amp; Argan Oil hat\u00e9kony portalan\u00edt\u00f3 k\u00e9sz\u00edtm\u00e9ny, amely egyben \u00e1polja a fel\u00fcleteket \u00e9s term\u00e9szetes f\u00e9nyt ad nekik. Az arg\u00e1nolaj tartalm\u00e1nak k\u00f6sz\u00f6nhet\u0151en v\u00e9d\u0151r\u00e9teget k\u00e9pez, amely seg\u00edt megel\u0151zni a por \u00fajb\u00f3li lerak\u00f3d\u00e1s\u00e1t. A finom borosty\u00e1nillat kellemes, eleg\u00e1ns tisztas\u00e1g\u00e9rzetet hagy maga ut\u00e1n az otthon\u00e1ban. Jellemz\u0151k: \u0170rtartalom: 250 ml Hat\u00e9konyan elt\u00e1vol\u00edtja a port \u00e9s a szennyez\u0151d\u00e9seket Arg\u00e1nolajat [&hellip;]<\/p>\n","protected":false},"featured_media":0,"template":"","meta":[],"product_brand":[],"product_cat":[331],"product_tag":[],"class_list":{"0":"post-17945","1":"product","2":"type-product","3":"status-publish","5":"product_cat-tisztitoszerek","7":"first","8":"instock","9":"taxable","10":"shipping-taxable","11":"purchasable","12":"product-type-simple"},"_links":{"self":[{"href":"https:\/\/perfettohome.sk\/hu\/wp-json\/wp\/v2\/product\/17945","targetHints":{"allow":["GET"]}}],"collection":[{"href":"https:\/\/perfettohome.sk\/hu\/wp-json\/wp\/v2\/product"}],"about":[{"href":"https:\/\/perfettohome.sk\/hu\/wp-json\/wp\/v2\/types\/product"}],"wp:attachment":[{"href":"https:\/\/perfettohome.sk\/hu\/wp-json\/wp\/v2\/media?parent=17945"}],"wp:term":[{"taxonomy":"product_brand","embeddable":true,"href":"https:\/\/perfettohome.sk\/hu\/wp-json\/wp\/v2\/product_brand?post=17945"},{"taxonomy":"product_cat","embeddable":true,"href":"https:\/\/perfettohome.sk\/hu\/wp-json\/wp\/v2\/product_cat?post=17945"},{"taxonomy":"product_tag","embeddable":true,"href":"https:\/\/perfettohome.sk\/hu\/wp-json\/wp\/v2\/product_tag?post=17945"}],"curies":[{"name":"wp","href":"https:\/\/api.w.org\/{rel}","templated":true}]}}