{"id":17957,"date":"2025-12-01T10:53:42","date_gmt":"2025-12-01T09:53:42","guid":{"rendered":"https:\/\/perfettohome.sk\/?post_type=product&#038;p=17957"},"modified":"2026-03-27T08:36:57","modified_gmt":"2026-03-27T07:36:57","slug":"ariel-color-and-white-mountain-spring-mosopor-7-kg","status":"publish","type":"product","link":"https:\/\/perfettohome.sk\/hu\/produkt\/ariel-color-and-white-mountain-spring-mosopor-7-kg\/","title":{"rendered":"Ariel prac\u00ed pr\u00e1\u0161ok 7kg Color and White Mountain Spring"},"content":{"rendered":"<p>Hat\u00e9kony mos\u00f3szer sz\u00ednes \u00e9s feh\u00e9r ruh\u00e1khoz egyar\u00e1nt, amely biztos\u00edtja a tiszta, friss ruh\u00e1t minden mos\u00e1sn\u00e1l. Meg\u0151rzi a sz\u00ednek \u00e9l\u00e9nks\u00e9g\u00e9t \u00e9s feh\u00e9r ruh\u00e1kn\u00e1l megakad\u00e1lyozza a s\u00e1rgul\u00e1st, mik\u00f6zben kellemes illatot biztos\u00edt.<\/p>\n<p>Tulajdons\u00e1gok:<\/p>\n<p>Kiszerel\u00e9s: 7\u202fkg<\/p>\n<p>T\u00edpus: sz\u00ednes \u00e9s feh\u00e9r ruh\u00e1khoz<\/p>\n<p>Meg\u0151rzi a sz\u00ednek \u00e9l\u00e9nks\u00e9g\u00e9t, feh\u00e9r ruh\u00e1kn\u00e1l megakad\u00e1lyozza a s\u00e1rgul\u00e1st<\/p>\n<p>Hat\u00e9kony tiszt\u00edt\u00e1s minden mos\u00e1sn\u00e1l<\/p>\n<p>Friss, \u00fcde illat<\/p>\n","protected":false},"excerpt":{"rendered":"<p>Hat\u00e9kony mos\u00f3szer sz\u00ednes \u00e9s feh\u00e9r ruh\u00e1khoz egyar\u00e1nt, amely biztos\u00edtja a tiszta, friss ruh\u00e1t minden mos\u00e1sn\u00e1l. Meg\u0151rzi a sz\u00ednek \u00e9l\u00e9nks\u00e9g\u00e9t \u00e9s feh\u00e9r ruh\u00e1kn\u00e1l megakad\u00e1lyozza a s\u00e1rgul\u00e1st, mik\u00f6zben kellemes illatot biztos\u00edt. Tulajdons\u00e1gok: Kiszerel\u00e9s: 7\u202fkg T\u00edpus: sz\u00ednes \u00e9s feh\u00e9r ruh\u00e1khoz Meg\u0151rzi a sz\u00ednek \u00e9l\u00e9nks\u00e9g\u00e9t, feh\u00e9r ruh\u00e1kn\u00e1l megakad\u00e1lyozza a s\u00e1rgul\u00e1st Hat\u00e9kony tiszt\u00edt\u00e1s minden mos\u00e1sn\u00e1l Friss, \u00fcde illat<\/p>\n","protected":false},"featured_media":17955,"template":"","meta":[],"product_brand":[239],"product_cat":[313],"product_tag":[],"class_list":{"0":"post-17957","1":"product","2":"type-product","3":"status-publish","4":"has-post-thumbnail","6":"product_brand-ariel","7":"product_cat-ariel-hu","9":"first","10":"instock","11":"taxable","12":"shipping-taxable","13":"purchasable","14":"product-type-simple"},"_links":{"self":[{"href":"https:\/\/perfettohome.sk\/hu\/wp-json\/wp\/v2\/product\/17957","targetHints":{"allow":["GET"]}}],"collection":[{"href":"https:\/\/perfettohome.sk\/hu\/wp-json\/wp\/v2\/product"}],"about":[{"href":"https:\/\/perfettohome.sk\/hu\/wp-json\/wp\/v2\/types\/product"}],"wp:featuredmedia":[{"embeddable":true,"href":"https:\/\/perfettohome.sk\/hu\/wp-json\/wp\/v2\/media\/17955"}],"wp:attachment":[{"href":"https:\/\/perfettohome.sk\/hu\/wp-json\/wp\/v2\/media?parent=17957"}],"wp:term":[{"taxonomy":"product_brand","embeddable":true,"href":"https:\/\/perfettohome.sk\/hu\/wp-json\/wp\/v2\/product_brand?post=17957"},{"taxonomy":"product_cat","embeddable":true,"href":"https:\/\/perfettohome.sk\/hu\/wp-json\/wp\/v2\/product_cat?post=17957"},{"taxonomy":"product_tag","embeddable":true,"href":"https:\/\/perfettohome.sk\/hu\/wp-json\/wp\/v2\/product_tag?post=17957"}],"curies":[{"name":"wp","href":"https:\/\/api.w.org\/{rel}","templated":true}]}}