{"id":17967,"date":"2025-12-09T09:38:49","date_gmt":"2025-12-09T08:38:49","guid":{"rendered":"https:\/\/perfettohome.sk\/?post_type=product&#038;p=17967"},"modified":"2025-12-16T23:32:07","modified_gmt":"2025-12-16T22:32:07","slug":"emoti-assorted-selection-belgium-65-g-fekete-belga-pralinek","status":"publish","type":"product","link":"https:\/\/perfettohome.sk\/hu\/produkt\/emoti-assorted-selection-belgium-65-g-fekete-belga-pralinek\/","title":{"rendered":"EMOTI Assorted SELECTION BELGIUM 65\u202fg \u2013 fekete, belga pralin\u00e9k"},"content":{"rendered":"<p>Eleg\u00e1ns belga pralin\u00e9k v\u00e1logat\u00e1sa, k\u00fcl\u00f6nb\u00f6z\u0151 \u00edz\u0171 \u00e9s kr\u00e9mes t\u00f6ltel\u00e9kkel. Ide\u00e1lis kis aj\u00e1nd\u00e9k, szem\u00e9lyes jutalom vagy kieg\u00e9sz\u00edt\u0151 te\u00e1hoz, k\u00e1v\u00e9hoz.<\/p>\n<p>Tulajdons\u00e1gok:<\/p>\n<p>S\u00faly: 65\u202fg<\/p>\n<p>T\u00edpus: belga pralin\u00e9, \u00e9tcsokol\u00e1d\u00e9val<\/p>\n<p>Finom, kr\u00e9mes t\u00f6ltel\u00e9k<\/p>\n<p>Eleg\u00e1ns csomagol\u00e1s<\/p>\n<p>Ide\u00e1lis otthonra, irod\u00e1ba, aj\u00e1nd\u00e9knak vagy \u00e9dess\u00e9gk\u00e9nt<\/p>\n","protected":false},"excerpt":{"rendered":"<p>Eleg\u00e1ns belga pralin\u00e9k v\u00e1logat\u00e1sa, k\u00fcl\u00f6nb\u00f6z\u0151 \u00edz\u0171 \u00e9s kr\u00e9mes t\u00f6ltel\u00e9kkel. Ide\u00e1lis kis aj\u00e1nd\u00e9k, szem\u00e9lyes jutalom vagy kieg\u00e9sz\u00edt\u0151 te\u00e1hoz, k\u00e1v\u00e9hoz. Tulajdons\u00e1gok: S\u00faly: 65\u202fg T\u00edpus: belga pralin\u00e9, \u00e9tcsokol\u00e1d\u00e9val Finom, kr\u00e9mes t\u00f6ltel\u00e9k Eleg\u00e1ns csomagol\u00e1s Ide\u00e1lis otthonra, irod\u00e1ba, aj\u00e1nd\u00e9knak vagy \u00e9dess\u00e9gk\u00e9nt<\/p>\n","protected":false},"featured_media":17963,"template":"","meta":[],"product_brand":[],"product_cat":[344],"product_tag":[],"class_list":{"0":"post-17967","1":"product","2":"type-product","3":"status-publish","4":"has-post-thumbnail","6":"product_cat-cukraszati-termekek","8":"first","9":"instock","10":"taxable","11":"shipping-taxable","12":"purchasable","13":"product-type-simple"},"_links":{"self":[{"href":"https:\/\/perfettohome.sk\/hu\/wp-json\/wp\/v2\/product\/17967","targetHints":{"allow":["GET"]}}],"collection":[{"href":"https:\/\/perfettohome.sk\/hu\/wp-json\/wp\/v2\/product"}],"about":[{"href":"https:\/\/perfettohome.sk\/hu\/wp-json\/wp\/v2\/types\/product"}],"wp:featuredmedia":[{"embeddable":true,"href":"https:\/\/perfettohome.sk\/hu\/wp-json\/wp\/v2\/media\/17963"}],"wp:attachment":[{"href":"https:\/\/perfettohome.sk\/hu\/wp-json\/wp\/v2\/media?parent=17967"}],"wp:term":[{"taxonomy":"product_brand","embeddable":true,"href":"https:\/\/perfettohome.sk\/hu\/wp-json\/wp\/v2\/product_brand?post=17967"},{"taxonomy":"product_cat","embeddable":true,"href":"https:\/\/perfettohome.sk\/hu\/wp-json\/wp\/v2\/product_cat?post=17967"},{"taxonomy":"product_tag","embeddable":true,"href":"https:\/\/perfettohome.sk\/hu\/wp-json\/wp\/v2\/product_tag?post=17967"}],"curies":[{"name":"wp","href":"https:\/\/api.w.org\/{rel}","templated":true}]}}